{"id":48717,"date":"2026-04-02T23:11:12","date_gmt":"2026-04-02T20:11:12","guid":{"rendered":"http:\/\/new.ceasuri.md\/shop\/uncategorized\/casio-g-shock-gmw-b5000ps-1er\/"},"modified":"2026-04-15T20:14:43","modified_gmt":"2026-04-15T17:14:43","slug":"casio-g-shock-gmw-b5000ps-1er","status":"publish","type":"product","link":"https:\/\/ceasuri.md\/ru\/shop\/branduri\/casio\/casio-g-shock-gmw-b5000ps-1er\/","title":{"rendered":"Ceas CASIO G-SHOCK GMW-B5000PS-1ER"},"content":{"rendered":"<p>Acest model are un aliaj de o\u021bel nou din punct de vedere tehnologic, care nu numai c\u0103 are un impact asupra aspectului s\u0103u carismatic, dar duce \u0219i caracteristicile de rezisten\u021b\u0103 ale metalului ceasului la un nou nivel. Acest lucru presupune c\u0103lirea profund\u0103 a o\u021belului \u0219i recristalizarea sa ulterioar\u0103, care \u00eei spore\u0219te rezisten\u021ba.<\/p>\n<p>\u00cen plus, luneta \u0219i cureaua sunt acoperite cu carbur\u0103 de titan super dur\u0103.<\/p>\n<p>\u00cen interiorul modelului, exist\u0103 un strat Alpha Gel care absoarbe loviturile \u0219i o capsul\u0103 metalic\u0103 cu mi\u0219carea. Datorit\u0103 acestei structuri, inginerii Casio au ob\u021binut o rezisten\u021b\u0103 absolut\u0103 la lovituri, \u00een ciuda folosirii metalului \u00een locul polimerului obi\u0219nuit.<\/p>\n<p>Con\u021binutul ceasului nu r\u0103m\u00e2ne \u00een urma aspectului: sincronizarea orei cu un smartphone \u0219i reglarea u\u0219oar\u0103 a ceasului prin Bluetooth, radio-sincronizarea cu ceasuri atomice de pe diferite continente, tehnologia Tough Solar \u00eembun\u0103t\u0103\u021bit\u0103 \u0219i chiar mai eficient\u0103 &#8211; alimentarea ceasului de la lumina soarelui sau de la lumina artificial\u0103 \u0219i \u00eenc\u0103 mai mult de o duzin\u0103 de func\u021bii.<\/p>\n<p>A\u0219a cum este tipic pentru edi\u021biile limitate aniversare, modelul este lansat \u00eentr-o edi\u021bie limitat\u0103 \u0219i se va r\u0103sp\u00e2ndi rapid printre fanii m\u0103rcii. Nu uita\u021bi de designul unic: inscrip\u021bia &#8222;Since 1983&#8221; de pe cadran, capacul din spate gravat \u00een onoarea celei de-a patruzecea anivers\u0103ri.<\/p>","protected":false},"excerpt":{"rendered":"<p>Acest model are un aliaj de o\u021bel nou din punct de vedere tehnologic, care nu numai c\u0103 are un impact asupra aspectului s\u0103u carismatic, dar duce \u0219i caracteristicile de rezisten\u021b\u0103 ale metalului ceasului la un nou nivel. Acest lucru presupune c\u0103lirea profund\u0103 a o\u021belului \u0219i recristalizarea sa ulterioar\u0103, care \u00eei spore\u0219te rezisten\u021ba. \u00cen plus, luneta [&hellip;]<\/p>\n","protected":false},"featured_media":48718,"comment_status":"closed","ping_status":"open","template":"","meta":{"_acf_changed":false},"product_brand":[],"product_cat":[27,20,419],"product_tag":[],"class_list":{"0":"post-48717","1":"product","2":"type-product","3":"status-publish","4":"has-post-thumbnail","6":"product_cat-casio","7":"product_cat-ceasuri-barbati","8":"product_cat-g-shock","9":"pa_brand-casio","10":"pa_brand-g-shock","11":"pa_braslet-otel-inoxidabil","12":"pa_corpus-43x49mm","13":"pa_forma-octogonala","14":"pa_funcii-alarma","15":"pa_funcii-bluetooth-smart","16":"pa_funcii-calendar","17":"pa_funcii-cronometru","18":"pa_funcii-iluminare","19":"pa_funcii-rezerva-de-energie","20":"pa_funcii-timp-mondial","21":"pa_garatia-24-luni","22":"pa_korpus-argintiu","23":"pa_kvarc-quartz","24":"pa_material-otel-inoxidabil","25":"pa_mehanizm-baterie-solara","26":"pa_mehanizm-electronic","27":"pa_remeshok-argintiu","28":"pa_steklo-cristal-mineral","29":"pa_strana-japonia","30":"pa_voda-20-atm","32":"first","33":"instock","34":"purchasable","35":"product-type-simple"},"acf":[],"_links":{"self":[{"href":"https:\/\/ceasuri.md\/ru\/wp-json\/wp\/v2\/product\/48717","targetHints":{"allow":["GET"]}}],"collection":[{"href":"https:\/\/ceasuri.md\/ru\/wp-json\/wp\/v2\/product"}],"about":[{"href":"https:\/\/ceasuri.md\/ru\/wp-json\/wp\/v2\/types\/product"}],"replies":[{"embeddable":true,"href":"https:\/\/ceasuri.md\/ru\/wp-json\/wp\/v2\/comments?post=48717"}],"wp:featuredmedia":[{"embeddable":true,"href":"https:\/\/ceasuri.md\/ru\/wp-json\/wp\/v2\/media\/48718"}],"wp:attachment":[{"href":"https:\/\/ceasuri.md\/ru\/wp-json\/wp\/v2\/media?parent=48717"}],"wp:term":[{"taxonomy":"product_brand","embeddable":true,"href":"https:\/\/ceasuri.md\/ru\/wp-json\/wp\/v2\/product_brand?post=48717"},{"taxonomy":"product_cat","embeddable":true,"href":"https:\/\/ceasuri.md\/ru\/wp-json\/wp\/v2\/product_cat?post=48717"},{"taxonomy":"product_tag","embeddable":true,"href":"https:\/\/ceasuri.md\/ru\/wp-json\/wp\/v2\/product_tag?post=48717"}],"curies":[{"name":"wp","href":"https:\/\/api.w.org\/{rel}","templated":true}]}}