{"id":48714,"date":"2026-04-02T23:10:32","date_gmt":"2026-04-02T20:10:32","guid":{"rendered":"http:\/\/new.ceasuri.md\/shop\/uncategorized\/casio-g-shock-gx-56rc-1\/"},"modified":"2026-04-17T14:10:31","modified_gmt":"2026-04-17T11:10:31","slug":"casio-g-shock-gx-56rc-1","status":"publish","type":"product","link":"https:\/\/ceasuri.md\/ru\/shop\/branduri\/casio\/casio-g-shock-gx-56rc-1\/","title":{"rendered":"Ceas CASIO G-SHOCK GX-56RC-1"},"content":{"rendered":"<p>\u00cen fa\u021ba dumneavoastr\u0103 se afl\u0103 G-Shock King &#8211; acesta este numele neoficial pe care modelul l-a primit printre fanii m\u0103rcii.<\/p>\n<p>Modelul este o edi\u021bie limitat\u0103, \u00eentr-o carcas\u0103 neagr\u0103, cu detalii aurii pe cadran \u0219i indica\u021bii turcoaz pe display.<\/p>\n<p>Pe l\u00e2ng\u0103 aspectul s\u0103u carismatic, ve\u021bi g\u0103si la bord: un panou solar, func\u021bia world time, protec\u021bie \u00eempotriva prafului \u0219i murd\u0103riei, legendara rezisten\u021b\u0103 la lovituri \u0219i rezisten\u021b\u0103 la ap\u0103 p\u00e2n\u0103 la 200 de metri.<\/p>\n<p>La momentul lans\u0103rii sale, primul model al seriei, \u00een 2010, a fost cel mai masiv model jishock din toate timpurile, iar acest model a fost cel care a stabilit tendin\u021ba ca noile ceasuri G-Shock s\u0103 creasc\u0103 \u00een dimensiuni. La vremea respectiv\u0103, dimensiunea ceasului p\u0103rea \u0219ocant\u0103, dar ast\u0103zi carcasa nu mai iese \u00een eviden\u021b\u0103 \u00een ceea ce prive\u0219te dimensiunea \u00een compara\u021bie cu colegii s\u0103i de marc\u0103.<\/p>","protected":false},"excerpt":{"rendered":"<p>\u00cen fa\u021ba dumneavoastr\u0103 se afl\u0103 G-Shock King &#8211; acesta este numele neoficial pe care modelul l-a primit printre fanii m\u0103rcii. Modelul este o edi\u021bie limitat\u0103, \u00eentr-o carcas\u0103 neagr\u0103, cu detalii aurii pe cadran \u0219i indica\u021bii turcoaz pe display. Pe l\u00e2ng\u0103 aspectul s\u0103u carismatic, ve\u021bi g\u0103si la bord: un panou solar, func\u021bia world time, protec\u021bie \u00eempotriva [&hellip;]<\/p>\n","protected":false},"featured_media":48715,"comment_status":"closed","ping_status":"open","template":"","meta":{"_acf_changed":false},"product_brand":[],"product_cat":[27,20,419],"product_tag":[],"class_list":{"0":"post-48714","1":"product","2":"type-product","3":"status-publish","4":"has-post-thumbnail","6":"product_cat-casio","7":"product_cat-ceasuri-barbati","8":"product_cat-g-shock","9":"pa_brand-casio","10":"pa_brand-g-shock","11":"pa_braslet-cauciuc","12":"pa_corpus-54x56mm","13":"pa_forma-octogonala","14":"pa_funcii-alarma","15":"pa_funcii-calendar","16":"pa_funcii-cronometru","17":"pa_funcii-iluminare","18":"pa_funcii-rezerva-de-energie","19":"pa_funcii-timp-mondial","20":"pa_garatia-24-luni","21":"pa_korpus-negru","22":"pa_kvarc-quartz","23":"pa_material-plastic","24":"pa_mehanizm-baterie-solara","25":"pa_mehanizm-electronic","26":"pa_remeshok-negru","27":"pa_steklo-cristal-mineral","28":"pa_strana-japonia","29":"pa_voda-20-atm","31":"first","32":"instock","33":"purchasable","34":"product-type-simple"},"acf":[],"_links":{"self":[{"href":"https:\/\/ceasuri.md\/ru\/wp-json\/wp\/v2\/product\/48714","targetHints":{"allow":["GET"]}}],"collection":[{"href":"https:\/\/ceasuri.md\/ru\/wp-json\/wp\/v2\/product"}],"about":[{"href":"https:\/\/ceasuri.md\/ru\/wp-json\/wp\/v2\/types\/product"}],"replies":[{"embeddable":true,"href":"https:\/\/ceasuri.md\/ru\/wp-json\/wp\/v2\/comments?post=48714"}],"wp:featuredmedia":[{"embeddable":true,"href":"https:\/\/ceasuri.md\/ru\/wp-json\/wp\/v2\/media\/48715"}],"wp:attachment":[{"href":"https:\/\/ceasuri.md\/ru\/wp-json\/wp\/v2\/media?parent=48714"}],"wp:term":[{"taxonomy":"product_brand","embeddable":true,"href":"https:\/\/ceasuri.md\/ru\/wp-json\/wp\/v2\/product_brand?post=48714"},{"taxonomy":"product_cat","embeddable":true,"href":"https:\/\/ceasuri.md\/ru\/wp-json\/wp\/v2\/product_cat?post=48714"},{"taxonomy":"product_tag","embeddable":true,"href":"https:\/\/ceasuri.md\/ru\/wp-json\/wp\/v2\/product_tag?post=48714"}],"curies":[{"name":"wp","href":"https:\/\/api.w.org\/{rel}","templated":true}]}}