{"id":48708,"date":"2026-04-02T23:10:32","date_gmt":"2026-04-02T20:10:32","guid":{"rendered":"http:\/\/new.ceasuri.md\/shop\/uncategorized\/casio-collection-lf-10wh-1\/"},"modified":"2026-04-20T01:16:33","modified_gmt":"2026-04-19T22:16:33","slug":"casio-collection-lf-10wh-1","status":"publish","type":"product","link":"https:\/\/ceasuri.md\/ru\/shop\/branduri\/casio\/casio-collection-lf-10wh-1\/","title":{"rendered":"Ceas CASIO COLLECTION LF-10WH-1"},"content":{"rendered":"<p>Ceasurile de m\u00e2n\u0103 Casio Collection au devenit \u00eentruchiparea ideilor originale \u0219i a celor mai noi tehnologii. Este o colec\u021bie foarte divers\u0103, prezentat\u0103 cu modele elegante \u0219i solu\u021bii multifunc\u021bionale.<\/p>\n<p>Aici pute\u021bi g\u0103si ceasuri cu func\u021bii de calcul, ecrane ultramoderne, op\u021biuni de sincronizare cu smartphone-urile \u0219i multe altele.<\/p>\n<p>Majoritatea modelelor sunt realizate \u00eentr-un stil clasic elegant, care nu anuleaz\u0103 designul unic \u0219i recunoa\u0219terea excelent\u0103.<\/p>\n<p>Dac\u0103 sunte\u021bi \u00een c\u0103utarea unui ceas cu un buget accesibil, dar \u0219i durabil de la o marc\u0103 legendar\u0103, alege\u021bi ceasurile Casio Collection.<\/p>","protected":false},"excerpt":{"rendered":"<p>Ceasurile de m\u00e2n\u0103 Casio Collection au devenit \u00eentruchiparea ideilor originale \u0219i a celor mai noi tehnologii. Este o colec\u021bie foarte divers\u0103, prezentat\u0103 cu modele elegante \u0219i solu\u021bii multifunc\u021bionale. Aici pute\u021bi g\u0103si ceasuri cu func\u021bii de calcul, ecrane ultramoderne, op\u021biuni de sincronizare cu smartphone-urile \u0219i multe altele. Majoritatea modelelor sunt realizate \u00eentr-un stil clasic elegant, care [&hellip;]<\/p>\n","protected":false},"featured_media":48709,"comment_status":"closed","ping_status":"open","template":"","meta":{"_acf_changed":false},"product_brand":[],"product_cat":[27,25],"product_tag":[],"class_list":{"0":"post-48708","1":"product","2":"type-product","3":"status-publish","4":"has-post-thumbnail","6":"product_cat-casio","7":"product_cat-ceasuri-dama","8":"pa_brand-casio","9":"pa_braslet-plastic","10":"pa_corpus-24x41mm","11":"pa_forma-dreptunghiular","12":"pa_funcii-alarma","13":"pa_funcii-calendar","14":"pa_funcii-cronometru","15":"pa_funcii-iluminare","16":"pa_funcii-total-black","17":"pa_garatia-24-luni","18":"pa_korpus-negru","19":"pa_kvarc-quartz","20":"pa_material-plastic","21":"pa_mehanizm-electronic","22":"pa_remeshok-negru","23":"pa_steklo-plastic","24":"pa_strana-japonia","25":"pa_voda-3-atm","27":"first","28":"instock","29":"purchasable","30":"product-type-simple"},"acf":[],"_links":{"self":[{"href":"https:\/\/ceasuri.md\/ru\/wp-json\/wp\/v2\/product\/48708","targetHints":{"allow":["GET"]}}],"collection":[{"href":"https:\/\/ceasuri.md\/ru\/wp-json\/wp\/v2\/product"}],"about":[{"href":"https:\/\/ceasuri.md\/ru\/wp-json\/wp\/v2\/types\/product"}],"replies":[{"embeddable":true,"href":"https:\/\/ceasuri.md\/ru\/wp-json\/wp\/v2\/comments?post=48708"}],"wp:featuredmedia":[{"embeddable":true,"href":"https:\/\/ceasuri.md\/ru\/wp-json\/wp\/v2\/media\/48709"}],"wp:attachment":[{"href":"https:\/\/ceasuri.md\/ru\/wp-json\/wp\/v2\/media?parent=48708"}],"wp:term":[{"taxonomy":"product_brand","embeddable":true,"href":"https:\/\/ceasuri.md\/ru\/wp-json\/wp\/v2\/product_brand?post=48708"},{"taxonomy":"product_cat","embeddable":true,"href":"https:\/\/ceasuri.md\/ru\/wp-json\/wp\/v2\/product_cat?post=48708"},{"taxonomy":"product_tag","embeddable":true,"href":"https:\/\/ceasuri.md\/ru\/wp-json\/wp\/v2\/product_tag?post=48708"}],"curies":[{"name":"wp","href":"https:\/\/api.w.org\/{rel}","templated":true}]}}