{"id":48700,"date":"2026-04-02T23:10:32","date_gmt":"2026-04-02T20:10:32","guid":{"rendered":"http:\/\/new.ceasuri.md\/shop\/uncategorized\/casio-edifice-ecb-30d-1aef\/"},"modified":"2026-04-07T04:27:39","modified_gmt":"2026-04-07T01:27:39","slug":"casio-edifice-ecb-30d-1aef","status":"publish","type":"product","link":"https:\/\/ceasuri.md\/ru\/shop\/branduri\/casio\/casio-edifice-ecb-30d-1aef\/","title":{"rendered":"Ceas CASIO EDIFICE ECB-30D-1AEF"},"content":{"rendered":"<p>Bine a\u021bi venit la evolu\u021bia Speed &#038; Intelligence &#8211; frumuse\u021bea de \u00eenalt\u0103 tehnologie \u0219i de \u00eenalt\u0103 performan\u021b\u0103 a cronografului metalic EDIFICE cu stil serios \u0219i conectivitate f\u0103r\u0103 efort cu smartphone-ul.<\/p>\n<p>Cu acest model, este o clip\u0103 s\u0103 te sincronizezi cu smartphone-ul t\u0103u prin Bluetooth\u00ae \u0219i s\u0103 accesezi aplica\u021bia CASIO WATCHES pentru o func\u021bionalitate complet\u0103 la \u00eendem\u00e2na ta.<\/p>\n<p>Aplica\u021bia asigur\u0103 o cronometrare de precizie f\u0103r\u0103 butoane atunci c\u00e2nd telefonul este \u00een apropiere.<\/p>\n<p>Dezvoltat pentru a r\u0103spunde nevoilor echipelor de curse, cronometrul de program se sincronizeaz\u0103 cu aplica\u021bia de calendar a smartphone-ului pentru a transmite elementele de program pe telefon \u0219i pentru a afi\u0219a orele de \u00eenceput \u0219i de sf\u00e2r\u0219it pe ecranul LCD al ceasului.<\/p>\n<p>Echipat cu lumin\u0103 LED care se aprinde doar cu o \u00eenclinare a \u00eencheieturii m\u00e2inii.<\/p>\n<p>Inspirat de ma\u0219inile sport, designul al cadranului spore\u0219te profunzimea \u0219i dimensionalitatea pentru a evoca aspectul dinamic, for\u021ba \u0219i soliditatea acestor vehicule de \u00eenalt\u0103 performan\u021b\u0103.<\/p>","protected":false},"excerpt":{"rendered":"<p>Bine a\u021bi venit la evolu\u021bia Speed &#038; Intelligence &#8211; frumuse\u021bea de \u00eenalt\u0103 tehnologie \u0219i de \u00eenalt\u0103 performan\u021b\u0103 a cronografului metalic EDIFICE cu stil serios \u0219i conectivitate f\u0103r\u0103 efort cu smartphone-ul. Cu acest model, este o clip\u0103 s\u0103 te sincronizezi cu smartphone-ul t\u0103u prin Bluetooth\u00ae \u0219i s\u0103 accesezi aplica\u021bia CASIO WATCHES pentru o func\u021bionalitate complet\u0103 la [&hellip;]<\/p>\n","protected":false},"featured_media":48701,"comment_status":"closed","ping_status":"open","template":"","meta":{"_acf_changed":false},"product_brand":[],"product_cat":[27,20,536],"product_tag":[],"class_list":{"0":"post-48700","1":"product","2":"type-product","3":"status-publish","4":"has-post-thumbnail","6":"product_cat-casio","7":"product_cat-ceasuri-barbati","8":"product_cat-edifice","9":"pa_brand-casio","10":"pa_brand-edifice","11":"pa_braslet-otel-inoxidabil","12":"pa_corpus-49-mm","13":"pa_forma-rotund","14":"pa_funcii-alarma","15":"pa_funcii-bluetooth-smart","16":"pa_funcii-calendar","17":"pa_funcii-cronometru","18":"pa_funcii-iluminare","19":"pa_funcii-timp-mondial","20":"pa_garatia-24-luni","21":"pa_korpus-argintiu","22":"pa_material-otel-inoxidabil","23":"pa_mehanizm-electronic","24":"pa_mehanizm-quartz","25":"pa_remeshok-argintiu","26":"pa_steklo-cristal-mineral","27":"pa_strana-japonia","28":"pa_voda-10-atm","30":"first","31":"instock","32":"purchasable","33":"product-type-simple"},"acf":[],"_links":{"self":[{"href":"https:\/\/ceasuri.md\/ru\/wp-json\/wp\/v2\/product\/48700","targetHints":{"allow":["GET"]}}],"collection":[{"href":"https:\/\/ceasuri.md\/ru\/wp-json\/wp\/v2\/product"}],"about":[{"href":"https:\/\/ceasuri.md\/ru\/wp-json\/wp\/v2\/types\/product"}],"replies":[{"embeddable":true,"href":"https:\/\/ceasuri.md\/ru\/wp-json\/wp\/v2\/comments?post=48700"}],"wp:featuredmedia":[{"embeddable":true,"href":"https:\/\/ceasuri.md\/ru\/wp-json\/wp\/v2\/media\/48701"}],"wp:attachment":[{"href":"https:\/\/ceasuri.md\/ru\/wp-json\/wp\/v2\/media?parent=48700"}],"wp:term":[{"taxonomy":"product_brand","embeddable":true,"href":"https:\/\/ceasuri.md\/ru\/wp-json\/wp\/v2\/product_brand?post=48700"},{"taxonomy":"product_cat","embeddable":true,"href":"https:\/\/ceasuri.md\/ru\/wp-json\/wp\/v2\/product_cat?post=48700"},{"taxonomy":"product_tag","embeddable":true,"href":"https:\/\/ceasuri.md\/ru\/wp-json\/wp\/v2\/product_tag?post=48700"}],"curies":[{"name":"wp","href":"https:\/\/api.w.org\/{rel}","templated":true}]}}