{"id":48696,"date":"2026-04-02T23:10:32","date_gmt":"2026-04-02T20:10:32","guid":{"rendered":"http:\/\/new.ceasuri.md\/shop\/uncategorized\/casio-g-shock-ga-140-6aer\/"},"modified":"2026-04-07T04:27:37","modified_gmt":"2026-04-07T01:27:37","slug":"casio-g-shock-ga-140-6aer","status":"publish","type":"product","link":"https:\/\/ceasuri.md\/ru\/shop\/branduri\/casio\/casio-g-shock-ga-140-6aer\/","title":{"rendered":"Ceas CASIO G-SHOCK GA-140-6AER"},"content":{"rendered":"<p>Impresionantul G-SHOCK 2019 din noua serie GA-140 cu carcas\u0103 mov \u0219i detalii portocalii ale cadranului nu va l\u0103sa indiferent nici pe proprietarul s\u0103u, nici pe cei din jur \u00een a c\u0103ror vedere intr\u0103.<\/p>\n<p>La bord: cele obi\u0219nuite pentru rezisten\u021ba la lovituri, protec\u021bia la ap\u0103 de 20 de bari \u0219i mai mult de o duzin\u0103 de alte func\u021bii.<\/p>\n<p>Modelele din seria GA-140 mo\u0219tenesc carcasa de la legendarul GA-100, dar au primit un cadran actualizat \u0219i un design actualizat al acelor.<\/p>\n<p>Astfel, avem \u00een fa\u021ba noastr\u0103 o lansare evolutiv\u0103 interesant\u0103 din partea Casio, \u00een esen\u021b\u0103 o continuare a popularei linii G-SHOCK GA-100 &#8211; una dintre cele mai numeroase \u0219i diverse serii, cu noi schimb\u0103ri stilistice str\u0103lucitoare care pot extinde \u0219i mai mult cercul de fani ai acestei carcase din \u00eentreaga lume.<\/p>","protected":false},"excerpt":{"rendered":"<p>Impresionantul G-SHOCK 2019 din noua serie GA-140 cu carcas\u0103 mov \u0219i detalii portocalii ale cadranului nu va l\u0103sa indiferent nici pe proprietarul s\u0103u, nici pe cei din jur \u00een a c\u0103ror vedere intr\u0103. La bord: cele obi\u0219nuite pentru rezisten\u021ba la lovituri, protec\u021bia la ap\u0103 de 20 de bari \u0219i mai mult de o duzin\u0103 de [&hellip;]<\/p>\n","protected":false},"featured_media":48697,"comment_status":"closed","ping_status":"open","template":"","meta":{"_acf_changed":false},"product_brand":[],"product_cat":[27,20,419],"product_tag":[],"class_list":{"0":"post-48696","1":"product","2":"type-product","3":"status-publish","4":"has-post-thumbnail","6":"product_cat-casio","7":"product_cat-ceasuri-barbati","8":"product_cat-g-shock","9":"pa_brand-casio","10":"pa_brand-g-shock","11":"pa_braslet-plastic","12":"pa_corpus-51-mm","13":"pa_forma-rotund","14":"pa_funcii-alarma","15":"pa_funcii-calendar","16":"pa_funcii-cronometru","17":"pa_funcii-dual-time","18":"pa_funcii-iluminare","19":"pa_funcii-timp-mondial","20":"pa_garatia-24-luni","21":"pa_korpus-violet","22":"pa_material-plastic","23":"pa_mehanizm-electronic","24":"pa_mehanizm-quartz","25":"pa_remeshok-violet","26":"pa_steklo-cristal-mineral","27":"pa_strana-japonia","28":"pa_voda-20-atm","30":"first","31":"instock","32":"purchasable","33":"product-type-simple"},"acf":[],"_links":{"self":[{"href":"https:\/\/ceasuri.md\/ru\/wp-json\/wp\/v2\/product\/48696","targetHints":{"allow":["GET"]}}],"collection":[{"href":"https:\/\/ceasuri.md\/ru\/wp-json\/wp\/v2\/product"}],"about":[{"href":"https:\/\/ceasuri.md\/ru\/wp-json\/wp\/v2\/types\/product"}],"replies":[{"embeddable":true,"href":"https:\/\/ceasuri.md\/ru\/wp-json\/wp\/v2\/comments?post=48696"}],"wp:featuredmedia":[{"embeddable":true,"href":"https:\/\/ceasuri.md\/ru\/wp-json\/wp\/v2\/media\/48697"}],"wp:attachment":[{"href":"https:\/\/ceasuri.md\/ru\/wp-json\/wp\/v2\/media?parent=48696"}],"wp:term":[{"taxonomy":"product_brand","embeddable":true,"href":"https:\/\/ceasuri.md\/ru\/wp-json\/wp\/v2\/product_brand?post=48696"},{"taxonomy":"product_cat","embeddable":true,"href":"https:\/\/ceasuri.md\/ru\/wp-json\/wp\/v2\/product_cat?post=48696"},{"taxonomy":"product_tag","embeddable":true,"href":"https:\/\/ceasuri.md\/ru\/wp-json\/wp\/v2\/product_tag?post=48696"}],"curies":[{"name":"wp","href":"https:\/\/api.w.org\/{rel}","templated":true}]}}