{"id":48692,"date":"2026-04-02T23:10:32","date_gmt":"2026-04-02T20:10:32","guid":{"rendered":"http:\/\/new.ceasuri.md\/shop\/uncategorized\/casio-g-shock-gma-s2100ba-2a1\/"},"modified":"2026-04-07T04:27:36","modified_gmt":"2026-04-07T01:27:36","slug":"casio-g-shock-gma-s2100ba-2a1","status":"publish","type":"product","link":"https:\/\/ceasuri.md\/ru\/shop\/branduri\/casio\/casio-g-shock-gma-s2100ba-2a1\/","title":{"rendered":"Ceas CASIO G-SHOCK GMA-S2100BA-2A1"},"content":{"rendered":"<p>Iat\u0103 o noutate elegant\u0103 de la sf\u00e2r\u0219itul anului 2022 din noua serie G-SHOCK GMA-S2100 \u00eentr-o carcas\u0103 albastru \u00eenchis pe o curea din polimer.<\/p>\n<p>Modelul este o versiune mai mic\u0103 a ceasului din seria de b\u0103rba\u021bi GA-2100, ceea ce \u00eei permite s\u0103 arate optim chiar \u0219i pe cele mai mici \u00eencheieturi de m\u00e2n\u0103 ale b\u0103rba\u021bilor \u0219i pe \u00eencheieturile gra\u021bioase ale femeilor. Modelul are o grosime de numai 11,2 milimetri, ceea ce, la momentul lans\u0103rii sale, reprezint\u0103 un record absolut printre toate G-Shock<\/p>\n<p>. <\/p>\n<p>Ceasul dispune de tehnologia Carbon Core Guard: modulul s\u0103u este protejat de o carcas\u0103 din poliuretan armat cu carbon u\u0219or \u0219i ultrarezistent, \u00een timp ce cadranul este acoperit cu geam mineral.<\/p>\n<p>Bine\u00een\u021beles, nu trebuie s\u0103 uit\u0103m de standardul de rezisten\u021b\u0103 la lovituri \u0219i rezisten\u021ba la ap\u0103 de 200 de metri, func\u021biile de cronometru, timer, ora mondial\u0103, precum \u0219i de retroiluminarea dubl\u0103 luminoas\u0103 a cadranului \u0219i a afi\u0219ajului.<\/p>\n<p>Ca o amintire, SMALL SERIES, din care face parte \u0219i acest model, este o serie de G-Shock unisex \u0219i pentru femei cu o carcas\u0103 de dimensiuni mai mici, spre deosebire de alte ceasuri, ceea ce le permite s\u0103 arate optim chiar \u0219i pe \u00eencheieturile femeilor.<\/p>","protected":false},"excerpt":{"rendered":"<p>Iat\u0103 o noutate elegant\u0103 de la sf\u00e2r\u0219itul anului 2022 din noua serie G-SHOCK GMA-S2100 \u00eentr-o carcas\u0103 albastru \u00eenchis pe o curea din polimer. Modelul este o versiune mai mic\u0103 a ceasului din seria de b\u0103rba\u021bi GA-2100, ceea ce \u00eei permite s\u0103 arate optim chiar \u0219i pe cele mai mici \u00eencheieturi de m\u00e2n\u0103 ale b\u0103rba\u021bilor \u0219i [&hellip;]<\/p>\n","protected":false},"featured_media":48693,"comment_status":"closed","ping_status":"open","template":"","meta":{"_acf_changed":false},"product_brand":[],"product_cat":[27,20,25,419],"product_tag":[],"class_list":{"0":"post-48692","1":"product","2":"type-product","3":"status-publish","4":"has-post-thumbnail","6":"product_cat-casio","7":"product_cat-ceasuri-barbati","8":"product_cat-ceasuri-dama","9":"product_cat-g-shock","10":"pa_brand-casio","11":"pa_brand-g-shock","12":"pa_braslet-plastic","13":"pa_corpus-43x46mm","14":"pa_forma-octogonala","15":"pa_funcii-alarma","16":"pa_funcii-calendar","17":"pa_funcii-cronometru","18":"pa_funcii-dual-time","19":"pa_funcii-iluminare","20":"pa_funcii-timp-mondial","21":"pa_funcii-ziua-saptamanii","22":"pa_garatia-24-luni","23":"pa_korpus-albastru-inchis","24":"pa_material-carbon","25":"pa_material-plastic","26":"pa_mehanizm-electronic","27":"pa_mehanizm-quartz","28":"pa_remeshok-albastru-inchis","29":"pa_steklo-cristal-mineral","30":"pa_strana-japonia","31":"pa_voda-20-atm","33":"first","34":"instock","35":"purchasable","36":"product-type-simple"},"acf":[],"_links":{"self":[{"href":"https:\/\/ceasuri.md\/ru\/wp-json\/wp\/v2\/product\/48692","targetHints":{"allow":["GET"]}}],"collection":[{"href":"https:\/\/ceasuri.md\/ru\/wp-json\/wp\/v2\/product"}],"about":[{"href":"https:\/\/ceasuri.md\/ru\/wp-json\/wp\/v2\/types\/product"}],"replies":[{"embeddable":true,"href":"https:\/\/ceasuri.md\/ru\/wp-json\/wp\/v2\/comments?post=48692"}],"wp:featuredmedia":[{"embeddable":true,"href":"https:\/\/ceasuri.md\/ru\/wp-json\/wp\/v2\/media\/48693"}],"wp:attachment":[{"href":"https:\/\/ceasuri.md\/ru\/wp-json\/wp\/v2\/media?parent=48692"}],"wp:term":[{"taxonomy":"product_brand","embeddable":true,"href":"https:\/\/ceasuri.md\/ru\/wp-json\/wp\/v2\/product_brand?post=48692"},{"taxonomy":"product_cat","embeddable":true,"href":"https:\/\/ceasuri.md\/ru\/wp-json\/wp\/v2\/product_cat?post=48692"},{"taxonomy":"product_tag","embeddable":true,"href":"https:\/\/ceasuri.md\/ru\/wp-json\/wp\/v2\/product_tag?post=48692"}],"curies":[{"name":"wp","href":"https:\/\/api.w.org\/{rel}","templated":true}]}}