{"id":48681,"date":"2026-04-02T23:10:32","date_gmt":"2026-04-02T20:10:32","guid":{"rendered":"http:\/\/new.ceasuri.md\/shop\/uncategorized\/edox-delfin-the-original-10113-3m-nin\/"},"modified":"2026-04-15T20:14:30","modified_gmt":"2026-04-15T17:14:30","slug":"edox-delfin-the-original-10113-3m-nin","status":"publish","type":"product","link":"https:\/\/ceasuri.md\/ru\/shop\/branduri\/edox\/edox-delfin-the-original-10113-3m-nin\/","title":{"rendered":"Ceas EDOX DELFIN THE ORIGINAL 10113-3M-NIN"},"content":{"rendered":"<p>Un aspect modern \u0219i sportiv, care p\u0103streaz\u0103 accentele elegante caracteristice Edox, define\u0219te fiecare ceas din colec\u021bia Delfin.<\/p>\n<p>Creat\u0103 \u00een 1973, colec\u021bia Delfin este asociat\u0103 at\u00e2t cu conceptul istoric al unui ceas rezistent la ap\u0103, c\u00e2t \u0219i cu numele \u0219i func\u021bionalitatea acestuia.<\/p>\n<p>Cu atrac\u021bia lor special\u0103 \u0219i rezisten\u021ba la ap\u0103, ceasurile din colec\u021bia Delfin reprezint\u0103 combina\u021bia perfect\u0103 \u00eentre lumea acvatic\u0103 \u0219i mediul urban.<\/p>","protected":false},"excerpt":{"rendered":"<p>Un aspect modern \u0219i sportiv, care p\u0103streaz\u0103 accentele elegante caracteristice Edox, define\u0219te fiecare ceas din colec\u021bia Delfin. Creat\u0103 \u00een 1973, colec\u021bia Delfin este asociat\u0103 at\u00e2t cu conceptul istoric al unui ceas rezistent la ap\u0103, c\u00e2t \u0219i cu numele \u0219i func\u021bionalitatea acestuia. Cu atrac\u021bia lor special\u0103 \u0219i rezisten\u021ba la ap\u0103, ceasurile din colec\u021bia Delfin reprezint\u0103 combina\u021bia [&hellip;]<\/p>\n","protected":false},"featured_media":48682,"comment_status":"closed","ping_status":"open","template":"","meta":{"_acf_changed":false},"product_brand":[],"product_cat":[20,106,107],"product_tag":[],"class_list":{"0":"post-48681","1":"product","2":"type-product","3":"status-publish","4":"has-post-thumbnail","6":"product_cat-ceasuri-barbati","7":"product_cat-ceasuri-premium","8":"product_cat-edox","9":"pa_brand-edox","10":"pa_braslet-otel-inoxidabil","11":"pa_corpus-43-mm","12":"pa_forma-atipica","13":"pa_funcii-cronograf","14":"pa_funcii-data","15":"pa_funcii-tahimetru","16":"pa_garatia-24-luni","17":"pa_korpus-argintiu","18":"pa_kvarc-quartz","19":"pa_material-otel-inoxidabil","20":"pa_mehanizm-quartz","21":"pa_remeshok-argintiu","22":"pa_steklo-cristal-safir","23":"pa_strana-elvetia","24":"pa_voda-20-atm","26":"first","27":"instock","28":"purchasable","29":"product-type-simple"},"acf":[],"_links":{"self":[{"href":"https:\/\/ceasuri.md\/ru\/wp-json\/wp\/v2\/product\/48681","targetHints":{"allow":["GET"]}}],"collection":[{"href":"https:\/\/ceasuri.md\/ru\/wp-json\/wp\/v2\/product"}],"about":[{"href":"https:\/\/ceasuri.md\/ru\/wp-json\/wp\/v2\/types\/product"}],"replies":[{"embeddable":true,"href":"https:\/\/ceasuri.md\/ru\/wp-json\/wp\/v2\/comments?post=48681"}],"wp:featuredmedia":[{"embeddable":true,"href":"https:\/\/ceasuri.md\/ru\/wp-json\/wp\/v2\/media\/48682"}],"wp:attachment":[{"href":"https:\/\/ceasuri.md\/ru\/wp-json\/wp\/v2\/media?parent=48681"}],"wp:term":[{"taxonomy":"product_brand","embeddable":true,"href":"https:\/\/ceasuri.md\/ru\/wp-json\/wp\/v2\/product_brand?post=48681"},{"taxonomy":"product_cat","embeddable":true,"href":"https:\/\/ceasuri.md\/ru\/wp-json\/wp\/v2\/product_cat?post=48681"},{"taxonomy":"product_tag","embeddable":true,"href":"https:\/\/ceasuri.md\/ru\/wp-json\/wp\/v2\/product_tag?post=48681"}],"curies":[{"name":"wp","href":"https:\/\/api.w.org\/{rel}","templated":true}]}}