{"id":48647,"date":"2026-04-02T23:09:44","date_gmt":"2026-04-02T20:09:44","guid":{"rendered":"http:\/\/new.ceasuri.md\/shop\/uncategorized\/casio-collection-ae-1500wh-8bvef\/"},"modified":"2026-04-07T04:27:21","modified_gmt":"2026-04-07T01:27:21","slug":"casio-collection-ae-1500wh-8bvef","status":"publish","type":"product","link":"https:\/\/ceasuri.md\/ru\/shop\/branduri\/casio\/casio-collection-ae-1500wh-8bvef\/","title":{"rendered":"Ceas CASIO COLLECTION AE-1500WH-8BVEF"},"content":{"rendered":"<p>Ceasurile de m\u00e2n\u0103 Casio Collection au devenit \u00eentruchiparea ideilor originale \u0219i a celor mai noi tehnologii. Este o colec\u021bie foarte divers\u0103, prezentat\u0103 cu modele elegante \u0219i solu\u021bii multifunc\u021bionale. Aici pute\u021bi g\u0103si ceasuri cu func\u021bii de calcul, ecrane ultramoderne, op\u021biuni de sincronizare cu smartphone-urile \u0219i multe altele. Majoritatea modelelor sunt realizate \u00eentr-un stil clasic elegant, care nu anuleaz\u0103 designul unic \u0219i recunoa\u0219terea excelent\u0103. Dac\u0103 un cump\u0103r\u0103tor are nevoie de un ceas de buget, al unei m\u0103rci legendare, merit\u0103 s\u0103 acorde aten\u021bie acestor produse.<\/p>","protected":false},"excerpt":{"rendered":"<p>Ceasurile de m\u00e2n\u0103 Casio Collection au devenit \u00eentruchiparea ideilor originale \u0219i a celor mai noi tehnologii. Este o colec\u021bie foarte divers\u0103, prezentat\u0103 cu modele elegante \u0219i solu\u021bii multifunc\u021bionale. Aici pute\u021bi g\u0103si ceasuri cu func\u021bii de calcul, ecrane ultramoderne, op\u021biuni de sincronizare cu smartphone-urile \u0219i multe altele. Majoritatea modelelor sunt realizate \u00eentr-un stil clasic elegant, care [&hellip;]<\/p>\n","protected":false},"featured_media":48648,"comment_status":"closed","ping_status":"open","template":"","meta":{"_acf_changed":false},"product_brand":[],"product_cat":[27,20],"product_tag":[],"class_list":{"0":"post-48647","1":"product","2":"type-product","3":"status-publish","4":"has-post-thumbnail","6":"product_cat-casio","7":"product_cat-ceasuri-barbati","8":"pa_brand-casio","9":"pa_braslet-plastic","10":"pa_corpus-51-mm","11":"pa_forma-rotund","12":"pa_funcii-alarma","13":"pa_funcii-calendar","14":"pa_funcii-cronometru","15":"pa_funcii-dual-time","16":"pa_funcii-iluminare","17":"pa_garatia-24-luni","18":"pa_korpus-gri","19":"pa_material-plastic","20":"pa_mehanizm-electronic","21":"pa_remeshok-gri","22":"pa_steklo-plastic","23":"pa_strana-japonia","24":"pa_voda-10-atm","26":"first","27":"instock","28":"purchasable","29":"product-type-simple"},"acf":[],"yoast_head":"<!-- This site is optimized with the Yoast SEO plugin v27.3 - https:\/\/yoast.com\/product\/yoast-seo-wordpress\/ -->\n<title>CASIO COLLECTION AE-1500WH-8BVEF - Cronograf<\/title>\n<meta name=\"robots\" content=\"index, follow, max-snippet:-1, max-image-preview:large, max-video-preview:-1\" \/>\n<link rel=\"canonical\" href=\"https:\/\/ceasuri.md\/ru\/shop\/branduri\/casio\/casio-collection-ae-1500wh-8bvef\/\" \/>\n<meta property=\"og:locale\" content=\"ru_RU\" \/>\n<meta property=\"og:type\" content=\"article\" \/>\n<meta property=\"og:title\" content=\"CASIO COLLECTION AE-1500WH-8BVEF - Cronograf\" \/>\n<meta property=\"og:description\" content=\"Ceasurile de m\u00e2n\u0103 Casio Collection au devenit \u00eentruchiparea ideilor originale \u0219i a celor mai noi tehnologii. Este o colec\u021bie foarte divers\u0103, prezentat\u0103 cu modele elegante \u0219i solu\u021bii multifunc\u021bionale. Aici pute\u021bi g\u0103si ceasuri cu func\u021bii de calcul, ecrane ultramoderne, op\u021biuni de sincronizare cu smartphone-urile \u0219i multe altele. Majoritatea modelelor sunt realizate \u00eentr-un stil clasic elegant, care [&hellip;]\" \/>\n<meta property=\"og:url\" content=\"https:\/\/ceasuri.md\/ru\/shop\/branduri\/casio\/casio-collection-ae-1500wh-8bvef\/\" \/>\n<meta property=\"og:site_name\" content=\"Cronograf\" \/>\n<meta property=\"article:modified_time\" content=\"2026-04-07T01:27:21+00:00\" \/>\n<meta property=\"og:image\" content=\"https:\/\/ceasuri.md\/wp-content\/uploads\/ae-1500wh-8b.jpg\" \/>\n\t<meta property=\"og:image:width\" content=\"600\" \/>\n\t<meta property=\"og:image:height\" content=\"800\" \/>\n\t<meta property=\"og:image:type\" content=\"image\/jpeg\" \/>\n<meta name=\"twitter:card\" content=\"summary_large_image\" \/>\n<script type=\"application\/ld+json\" class=\"yoast-schema-graph\">{\"@context\":\"https:\\\/\\\/schema.org\",\"@graph\":[{\"@type\":\"WebPage\",\"@id\":\"https:\\\/\\\/ceasuri.md\\\/shop\\\/branduri\\\/casio\\\/casio-collection-ae-1500wh-8bvef\\\/\",\"url\":\"https:\\\/\\\/ceasuri.md\\\/shop\\\/branduri\\\/casio\\\/casio-collection-ae-1500wh-8bvef\\\/\",\"name\":\"CASIO COLLECTION AE-1500WH-8BVEF - Cronograf\",\"isPartOf\":{\"@id\":\"https:\\\/\\\/ceasuri.md\\\/ru\\\/#website\"},\"primaryImageOfPage\":{\"@id\":\"https:\\\/\\\/ceasuri.md\\\/shop\\\/branduri\\\/casio\\\/casio-collection-ae-1500wh-8bvef\\\/#primaryimage\"},\"image\":{\"@id\":\"https:\\\/\\\/ceasuri.md\\\/shop\\\/branduri\\\/casio\\\/casio-collection-ae-1500wh-8bvef\\\/#primaryimage\"},\"thumbnailUrl\":\"https:\\\/\\\/ceasuri.md\\\/wp-content\\\/uploads\\\/ae-1500wh-8b.jpg\",\"datePublished\":\"2026-04-02T20:09:44+00:00\",\"dateModified\":\"2026-04-07T01:27:21+00:00\",\"breadcrumb\":{\"@id\":\"https:\\\/\\\/ceasuri.md\\\/shop\\\/branduri\\\/casio\\\/casio-collection-ae-1500wh-8bvef\\\/#breadcrumb\"},\"inLanguage\":\"ru-RU\",\"potentialAction\":[{\"@type\":\"ReadAction\",\"target\":[\"https:\\\/\\\/ceasuri.md\\\/shop\\\/branduri\\\/casio\\\/casio-collection-ae-1500wh-8bvef\\\/\"]}]},{\"@type\":\"ImageObject\",\"inLanguage\":\"ru-RU\",\"@id\":\"https:\\\/\\\/ceasuri.md\\\/shop\\\/branduri\\\/casio\\\/casio-collection-ae-1500wh-8bvef\\\/#primaryimage\",\"url\":\"https:\\\/\\\/ceasuri.md\\\/wp-content\\\/uploads\\\/ae-1500wh-8b.jpg\",\"contentUrl\":\"https:\\\/\\\/ceasuri.md\\\/wp-content\\\/uploads\\\/ae-1500wh-8b.jpg\",\"width\":600,\"height\":800},{\"@type\":\"BreadcrumbList\",\"@id\":\"https:\\\/\\\/ceasuri.md\\\/shop\\\/branduri\\\/casio\\\/casio-collection-ae-1500wh-8bvef\\\/#breadcrumb\",\"itemListElement\":[{\"@type\":\"ListItem\",\"position\":1,\"name\":\"Home\",\"item\":\"https:\\\/\\\/ceasuri.md\\\/\"},{\"@type\":\"ListItem\",\"position\":2,\"name\":\"Magazin\",\"item\":\"https:\\\/\\\/ceasuri.md\\\/shop\\\/\"},{\"@type\":\"ListItem\",\"position\":3,\"name\":\"Ceas CASIO COLLECTION AE-1500WH-8BVEF\"}]},{\"@type\":\"WebSite\",\"@id\":\"https:\\\/\\\/ceasuri.md\\\/ru\\\/#website\",\"url\":\"https:\\\/\\\/ceasuri.md\\\/ru\\\/\",\"name\":\"Cronograf\",\"description\":\"\",\"publisher\":{\"@id\":\"https:\\\/\\\/ceasuri.md\\\/ru\\\/#organization\"},\"potentialAction\":[{\"@type\":\"SearchAction\",\"target\":{\"@type\":\"EntryPoint\",\"urlTemplate\":\"https:\\\/\\\/ceasuri.md\\\/ru\\\/?s={search_term_string}\"},\"query-input\":{\"@type\":\"PropertyValueSpecification\",\"valueRequired\":true,\"valueName\":\"search_term_string\"}}],\"inLanguage\":\"ru-RU\"},{\"@type\":\"Organization\",\"@id\":\"https:\\\/\\\/ceasuri.md\\\/ru\\\/#organization\",\"name\":\"Cronograf\",\"url\":\"https:\\\/\\\/ceasuri.md\\\/ru\\\/\",\"logo\":{\"@type\":\"ImageObject\",\"inLanguage\":\"ru-RU\",\"@id\":\"https:\\\/\\\/ceasuri.md\\\/ru\\\/#\\\/schema\\\/logo\\\/image\\\/\",\"url\":\"https:\\\/\\\/ceasuri.md\\\/wp-content\\\/uploads\\\/2025\\\/12\\\/Logo.svg\",\"contentUrl\":\"https:\\\/\\\/ceasuri.md\\\/wp-content\\\/uploads\\\/2025\\\/12\\\/Logo.svg\",\"width\":3338,\"height\":811,\"caption\":\"Cronograf\"},\"image\":{\"@id\":\"https:\\\/\\\/ceasuri.md\\\/ru\\\/#\\\/schema\\\/logo\\\/image\\\/\"}}]}<\/script>\n<!-- \/ Yoast SEO plugin. -->","yoast_head_json":{"title":"CASIO COLLECTION AE-1500WH-8BVEF - Cronograf","robots":{"index":"index","follow":"follow","max-snippet":"max-snippet:-1","max-image-preview":"max-image-preview:large","max-video-preview":"max-video-preview:-1"},"canonical":"https:\/\/ceasuri.md\/ru\/shop\/branduri\/casio\/casio-collection-ae-1500wh-8bvef\/","og_locale":"ru_RU","og_type":"article","og_title":"CASIO COLLECTION AE-1500WH-8BVEF - Cronograf","og_description":"Ceasurile de m\u00e2n\u0103 Casio Collection au devenit \u00eentruchiparea ideilor originale \u0219i a celor mai noi tehnologii. Este o colec\u021bie foarte divers\u0103, prezentat\u0103 cu modele elegante \u0219i solu\u021bii multifunc\u021bionale. Aici pute\u021bi g\u0103si ceasuri cu func\u021bii de calcul, ecrane ultramoderne, op\u021biuni de sincronizare cu smartphone-urile \u0219i multe altele. Majoritatea modelelor sunt realizate \u00eentr-un stil clasic elegant, care [&hellip;]","og_url":"https:\/\/ceasuri.md\/ru\/shop\/branduri\/casio\/casio-collection-ae-1500wh-8bvef\/","og_site_name":"Cronograf","article_modified_time":"2026-04-07T01:27:21+00:00","og_image":[{"width":600,"height":800,"url":"https:\/\/ceasuri.md\/wp-content\/uploads\/ae-1500wh-8b.jpg","type":"image\/jpeg"}],"twitter_card":"summary_large_image","schema":{"@context":"https:\/\/schema.org","@graph":[{"@type":"WebPage","@id":"https:\/\/ceasuri.md\/shop\/branduri\/casio\/casio-collection-ae-1500wh-8bvef\/","url":"https:\/\/ceasuri.md\/shop\/branduri\/casio\/casio-collection-ae-1500wh-8bvef\/","name":"CASIO COLLECTION AE-1500WH-8BVEF - Cronograf","isPartOf":{"@id":"https:\/\/ceasuri.md\/ru\/#website"},"primaryImageOfPage":{"@id":"https:\/\/ceasuri.md\/shop\/branduri\/casio\/casio-collection-ae-1500wh-8bvef\/#primaryimage"},"image":{"@id":"https:\/\/ceasuri.md\/shop\/branduri\/casio\/casio-collection-ae-1500wh-8bvef\/#primaryimage"},"thumbnailUrl":"https:\/\/ceasuri.md\/wp-content\/uploads\/ae-1500wh-8b.jpg","datePublished":"2026-04-02T20:09:44+00:00","dateModified":"2026-04-07T01:27:21+00:00","breadcrumb":{"@id":"https:\/\/ceasuri.md\/shop\/branduri\/casio\/casio-collection-ae-1500wh-8bvef\/#breadcrumb"},"inLanguage":"ru-RU","potentialAction":[{"@type":"ReadAction","target":["https:\/\/ceasuri.md\/shop\/branduri\/casio\/casio-collection-ae-1500wh-8bvef\/"]}]},{"@type":"ImageObject","inLanguage":"ru-RU","@id":"https:\/\/ceasuri.md\/shop\/branduri\/casio\/casio-collection-ae-1500wh-8bvef\/#primaryimage","url":"https:\/\/ceasuri.md\/wp-content\/uploads\/ae-1500wh-8b.jpg","contentUrl":"https:\/\/ceasuri.md\/wp-content\/uploads\/ae-1500wh-8b.jpg","width":600,"height":800},{"@type":"BreadcrumbList","@id":"https:\/\/ceasuri.md\/shop\/branduri\/casio\/casio-collection-ae-1500wh-8bvef\/#breadcrumb","itemListElement":[{"@type":"ListItem","position":1,"name":"Home","item":"https:\/\/ceasuri.md\/"},{"@type":"ListItem","position":2,"name":"Magazin","item":"https:\/\/ceasuri.md\/shop\/"},{"@type":"ListItem","position":3,"name":"Ceas CASIO COLLECTION AE-1500WH-8BVEF"}]},{"@type":"WebSite","@id":"https:\/\/ceasuri.md\/ru\/#website","url":"https:\/\/ceasuri.md\/ru\/","name":"Cronograf","description":"","publisher":{"@id":"https:\/\/ceasuri.md\/ru\/#organization"},"potentialAction":[{"@type":"SearchAction","target":{"@type":"EntryPoint","urlTemplate":"https:\/\/ceasuri.md\/ru\/?s={search_term_string}"},"query-input":{"@type":"PropertyValueSpecification","valueRequired":true,"valueName":"search_term_string"}}],"inLanguage":"ru-RU"},{"@type":"Organization","@id":"https:\/\/ceasuri.md\/ru\/#organization","name":"Cronograf","url":"https:\/\/ceasuri.md\/ru\/","logo":{"@type":"ImageObject","inLanguage":"ru-RU","@id":"https:\/\/ceasuri.md\/ru\/#\/schema\/logo\/image\/","url":"https:\/\/ceasuri.md\/wp-content\/uploads\/2025\/12\/Logo.svg","contentUrl":"https:\/\/ceasuri.md\/wp-content\/uploads\/2025\/12\/Logo.svg","width":3338,"height":811,"caption":"Cronograf"},"image":{"@id":"https:\/\/ceasuri.md\/ru\/#\/schema\/logo\/image\/"}}]}},"_links":{"self":[{"href":"https:\/\/ceasuri.md\/ru\/wp-json\/wp\/v2\/product\/48647","targetHints":{"allow":["GET"]}}],"collection":[{"href":"https:\/\/ceasuri.md\/ru\/wp-json\/wp\/v2\/product"}],"about":[{"href":"https:\/\/ceasuri.md\/ru\/wp-json\/wp\/v2\/types\/product"}],"replies":[{"embeddable":true,"href":"https:\/\/ceasuri.md\/ru\/wp-json\/wp\/v2\/comments?post=48647"}],"wp:featuredmedia":[{"embeddable":true,"href":"https:\/\/ceasuri.md\/ru\/wp-json\/wp\/v2\/media\/48648"}],"wp:attachment":[{"href":"https:\/\/ceasuri.md\/ru\/wp-json\/wp\/v2\/media?parent=48647"}],"wp:term":[{"taxonomy":"product_brand","embeddable":true,"href":"https:\/\/ceasuri.md\/ru\/wp-json\/wp\/v2\/product_brand?post=48647"},{"taxonomy":"product_cat","embeddable":true,"href":"https:\/\/ceasuri.md\/ru\/wp-json\/wp\/v2\/product_cat?post=48647"},{"taxonomy":"product_tag","embeddable":true,"href":"https:\/\/ceasuri.md\/ru\/wp-json\/wp\/v2\/product_tag?post=48647"}],"curies":[{"name":"wp","href":"https:\/\/api.w.org\/{rel}","templated":true}]}}