{"id":48639,"date":"2026-04-02T23:09:44","date_gmt":"2026-04-02T20:09:44","guid":{"rendered":"http:\/\/new.ceasuri.md\/shop\/uncategorized\/casio-g-shock-ga-b001-1a\/"},"modified":"2026-04-15T20:14:15","modified_gmt":"2026-04-15T17:14:15","slug":"casio-g-shock-ga-b001-1a","status":"publish","type":"product","link":"https:\/\/ceasuri.md\/ru\/shop\/branduri\/casio\/casio-g-shock-ga-b001-1a\/","title":{"rendered":"Ceas CASIO G-SHOCK GA-B001-1A"},"content":{"rendered":"<p>Noua serie G-Shock GA-B001 analogic\u0103-digital\u0103, n\u0103scut\u0103 \u00een 2022. Modelul are un design carismatic, de tip stealth unghiular mat \u00een culoarea neagr\u0103, \u00een timp ce cadranul texturat al ceasului este protejat de un cristal mineral.<\/p>\n<p>La bordul modelului se afl\u0103 un modul tehnologic cu sincronizare bluetooth cu smartphone-ul dumneavoastr\u0103, care v\u0103 va permite s\u0103 sincroniza\u021bi automat ora cu telefonul, de exemplu, atunci c\u00e2nd zbura\u021bi \u00een zone cu fus orar diferit sau s\u0103 regla\u021bi ceasul \u00een mod convenabil, precum \u0219i s\u0103 controla\u021bi alte func\u021bii ale ceasului, cum ar fi cronometrul sau alarmele.<\/p>\n<p>Pe l\u00e2ng\u0103 func\u021bionalitatea de baz\u0103 a ceasului \u0219i aspectul elegant, merit\u0103 remarcat\u0103 u\u0219urin\u021ba acestor G-Shock &#8211; doar 51 de grame, datorit\u0103 tehnologiei Carbon Core Guard: modulul ceasului este protejat de o carcas\u0103 din poliuretan armat cu carbon ultra-rezistent \u0219i u\u0219or.<\/p>\n<p>Ceasul are un design futurist, iar acele contrastante de culoare deschis\u0103, pe un cadran negru cu afi\u0219aj cu inversiune, asigur\u0103 o ergonomie ridicat\u0103 la utilizarea ceasului.<\/p>\n<p>S\u0103 nu uit\u0103m de standardul pentru rezisten\u021ba la lovituri \u0219i rezisten\u021ba la ap\u0103 de 200 de metri, func\u021biile de cronometru, ora mondial\u0103 \u0219i iluminarea dubl\u0103 luminoas\u0103 a cadranului \u0219i a afi\u0219ajului.<\/p>","protected":false},"excerpt":{"rendered":"<p>Noua serie G-Shock GA-B001 analogic\u0103-digital\u0103, n\u0103scut\u0103 \u00een 2022. Modelul are un design carismatic, de tip stealth unghiular mat \u00een culoarea neagr\u0103, \u00een timp ce cadranul texturat al ceasului este protejat de un cristal mineral. La bordul modelului se afl\u0103 un modul tehnologic cu sincronizare bluetooth cu smartphone-ul dumneavoastr\u0103, care v\u0103 va permite s\u0103 sincroniza\u021bi automat [&hellip;]<\/p>\n","protected":false},"featured_media":48640,"comment_status":"closed","ping_status":"open","template":"","meta":{"_acf_changed":false},"product_brand":[],"product_cat":[27,20,419],"product_tag":[],"class_list":{"0":"post-48639","1":"product","2":"type-product","3":"status-publish","4":"has-post-thumbnail","6":"product_cat-casio","7":"product_cat-ceasuri-barbati","8":"product_cat-g-shock","9":"pa_brand-casio","10":"pa_brand-g-shock","11":"pa_braslet-plastic","12":"pa_corpus-46-mm","13":"pa_forma-rotund","14":"pa_funcii-alarma","15":"pa_funcii-calendar","16":"pa_funcii-cronometru","17":"pa_funcii-iluminare","18":"pa_funcii-timp-mondial","19":"pa_funcii-total-black","20":"pa_funcii-ziua-saptamanii","21":"pa_garatia-24-luni","22":"pa_korpus-negru","23":"pa_kvarc-quartz","24":"pa_material-plastic","25":"pa_mehanizm-electronic","26":"pa_mehanizm-quartz","27":"pa_remeshok-negru","28":"pa_steklo-cristal-mineral","29":"pa_strana-japonia","30":"pa_voda-20-atm","32":"first","33":"instock","34":"purchasable","35":"product-type-simple"},"acf":[],"_links":{"self":[{"href":"https:\/\/ceasuri.md\/ru\/wp-json\/wp\/v2\/product\/48639","targetHints":{"allow":["GET"]}}],"collection":[{"href":"https:\/\/ceasuri.md\/ru\/wp-json\/wp\/v2\/product"}],"about":[{"href":"https:\/\/ceasuri.md\/ru\/wp-json\/wp\/v2\/types\/product"}],"replies":[{"embeddable":true,"href":"https:\/\/ceasuri.md\/ru\/wp-json\/wp\/v2\/comments?post=48639"}],"wp:featuredmedia":[{"embeddable":true,"href":"https:\/\/ceasuri.md\/ru\/wp-json\/wp\/v2\/media\/48640"}],"wp:attachment":[{"href":"https:\/\/ceasuri.md\/ru\/wp-json\/wp\/v2\/media?parent=48639"}],"wp:term":[{"taxonomy":"product_brand","embeddable":true,"href":"https:\/\/ceasuri.md\/ru\/wp-json\/wp\/v2\/product_brand?post=48639"},{"taxonomy":"product_cat","embeddable":true,"href":"https:\/\/ceasuri.md\/ru\/wp-json\/wp\/v2\/product_cat?post=48639"},{"taxonomy":"product_tag","embeddable":true,"href":"https:\/\/ceasuri.md\/ru\/wp-json\/wp\/v2\/product_tag?post=48639"}],"curies":[{"name":"wp","href":"https:\/\/api.w.org\/{rel}","templated":true}]}}