{"id":48635,"date":"2026-04-02T23:09:44","date_gmt":"2026-04-02T20:09:44","guid":{"rendered":"http:\/\/new.ceasuri.md\/shop\/uncategorized\/casio-g-shock-gba-900uu-5aer\/"},"modified":"2026-04-16T21:19:32","modified_gmt":"2026-04-16T18:19:32","slug":"casio-g-shock-gba-900uu-5aer","status":"publish","type":"product","link":"https:\/\/ceasuri.md\/ru\/shop\/branduri\/casio\/casio-g-shock-gba-900uu-5aer\/","title":{"rendered":"Ceas CASIO GBA-900UU-5A G-Shock"},"content":{"rendered":"<p>Pe l\u00e2ng\u0103 aspectul s\u0103u actualizat, acest model de culoare nisip dispune de o func\u021bie de pedometru pentru a v\u0103 urm\u0103ri activitatea zilnic\u0103, iar cu ajutorul tehnologiei Bluetooth, ceasul este capabil s\u0103 se sincronizeze cu smartphone-ul dvs. \u0219i s\u0103 afi\u0219eze \u00een plus to\u021bi parametrii activit\u0103\u021bii dvs. zilnice \u00een aplica\u021bia pentru smartphone \u00een cel mai convenabil \u0219i vizual mod posibil.<\/p>\n<p>Ceasul este, de asemenea, capabil s\u0103 afi\u0219eze notific\u0103ri ale apelurilor \u0219i mesajelor primite.<\/p>\n<p>Ceasul dispune de un cronometru multifunc\u021bional care poate fi utilizat pentru antrenamente. Timerul \u0219i intervalele de semnale sonore pot fi acum setate \u00een mod convenabil prin intermediul aplica\u021biei G-Shock Move de pe smartphone \u0219i pot fi rulate pe ceas \u00een timpul antrenamentului.<\/p>\n<p>Pedometrul m\u0103soar\u0103, de asemenea, performan\u021ba de alergare: distan\u021ba, ritmul \u0219i caloriile arse. Un buton DISP separat pe partea st\u00e2ng\u0103 a carcasei v\u0103 permite s\u0103 comuta\u021bi rapid \u00eentre modurile de afi\u0219are a informa\u021biilor pe afi\u0219ajele ceasului.<\/p>\n<p>\u00cen concluzie, G-SHOCK GBA-900 este o lansare cu evolu\u021bie remarcabil\u0103 din partea CASIO. Ceasul este potrivit at\u00e2t pentru purtarea de zi cu zi, fiind un accesoriu luminos \u0219i elegant, c\u00e2t \u0219i poate deveni un dispozitiv utilitar pentru antrenamentele zilnice de fitness sau jogging. <\/p>\n<p>S\u0103 nu uit\u0103m de obi\u0219nuita rezisten\u021b\u0103 la lovituri pentru G-Shock, de protec\u021bia la ap\u0103 de 200 de metri \u0219i de alte peste o duzin\u0103 de func\u021bii.<\/p>","protected":false},"excerpt":{"rendered":"<p>Pe l\u00e2ng\u0103 aspectul s\u0103u actualizat, acest model de culoare nisip dispune de o func\u021bie de pedometru pentru a v\u0103 urm\u0103ri activitatea zilnic\u0103, iar cu ajutorul tehnologiei Bluetooth, ceasul este capabil s\u0103 se sincronizeze cu smartphone-ul dvs. \u0219i s\u0103 afi\u0219eze \u00een plus to\u021bi parametrii activit\u0103\u021bii dvs. zilnice \u00een aplica\u021bia pentru smartphone \u00een cel mai convenabil \u0219i [&hellip;]<\/p>\n","protected":false},"featured_media":48636,"comment_status":"closed","ping_status":"open","template":"","meta":{"_acf_changed":false},"product_brand":[],"product_cat":[27,20,419],"product_tag":[],"class_list":{"0":"post-48635","1":"product","2":"type-product","3":"status-publish","4":"has-post-thumbnail","6":"product_cat-casio","7":"product_cat-ceasuri-barbati","8":"product_cat-g-shock","9":"pa_brand-casio","10":"pa_brand-g-shock","11":"pa_braslet-plastic","12":"pa_corpus-49-mm","13":"pa_forma-rotund","14":"pa_funcii-alarma","15":"pa_funcii-bluetooth-smart","16":"pa_funcii-calendar","17":"pa_funcii-cronometru","18":"pa_funcii-dual-time","19":"pa_funcii-iluminare","20":"pa_funcii-pedometru","21":"pa_funcii-rezerva-de-energie","22":"pa_garatia-24-luni","23":"pa_korpus-bej","24":"pa_kvarc-quartz","25":"pa_material-plastic","26":"pa_mehanizm-electronic","27":"pa_mehanizm-quartz","28":"pa_remeshok-bej","29":"pa_steklo-cristal-mineral","30":"pa_strana-japonia","31":"pa_voda-20-atm","33":"first","34":"instock","35":"purchasable","36":"product-type-simple"},"acf":[],"_links":{"self":[{"href":"https:\/\/ceasuri.md\/ru\/wp-json\/wp\/v2\/product\/48635","targetHints":{"allow":["GET"]}}],"collection":[{"href":"https:\/\/ceasuri.md\/ru\/wp-json\/wp\/v2\/product"}],"about":[{"href":"https:\/\/ceasuri.md\/ru\/wp-json\/wp\/v2\/types\/product"}],"replies":[{"embeddable":true,"href":"https:\/\/ceasuri.md\/ru\/wp-json\/wp\/v2\/comments?post=48635"}],"wp:featuredmedia":[{"embeddable":true,"href":"https:\/\/ceasuri.md\/ru\/wp-json\/wp\/v2\/media\/48636"}],"wp:attachment":[{"href":"https:\/\/ceasuri.md\/ru\/wp-json\/wp\/v2\/media?parent=48635"}],"wp:term":[{"taxonomy":"product_brand","embeddable":true,"href":"https:\/\/ceasuri.md\/ru\/wp-json\/wp\/v2\/product_brand?post=48635"},{"taxonomy":"product_cat","embeddable":true,"href":"https:\/\/ceasuri.md\/ru\/wp-json\/wp\/v2\/product_cat?post=48635"},{"taxonomy":"product_tag","embeddable":true,"href":"https:\/\/ceasuri.md\/ru\/wp-json\/wp\/v2\/product_tag?post=48635"}],"curies":[{"name":"wp","href":"https:\/\/api.w.org\/{rel}","templated":true}]}}