{"id":48617,"date":"2026-04-02T23:09:44","date_gmt":"2026-04-02T20:09:44","guid":{"rendered":"http:\/\/new.ceasuri.md\/shop\/uncategorized\/bulova-marine-star-98a302\/"},"modified":"2026-04-20T01:26:56","modified_gmt":"2026-04-19T22:26:56","slug":"bulova-marine-star-98a302","status":"publish","type":"product","link":"https:\/\/ceasuri.md\/ru\/shop\/branduri\/bulova\/bulova-marine-star-98a302\/","title":{"rendered":"Ceas BULOVA MARINE STAR 98A302"},"content":{"rendered":"<p>O colec\u021bie de ceasuri la mod\u0103 urban\u0103 care prezint\u0103 flexibilitatea stilistic\u0103 a Bulova f\u0103r\u0103 a compromite designul consacrat al m\u0103rcii.<\/p>\n<p>Marine Star ofer\u0103 o linie modern\u0103 \u0219i plin\u0103 de personalitate. O colec\u021bie care iese mereu \u00een eviden\u021b\u0103 \u0219i care completeaz\u0103 perfect at\u00e2t \u021binutele casual, c\u00e2t \u0219i cele sportive.<\/p>\n<p>Marine Star by Bulova este alegerea perfect\u0103 pentru cei care vor s\u0103 arate mereu sportiv \u0219i fresh.<\/p>","protected":false},"excerpt":{"rendered":"<p>O colec\u021bie de ceasuri la mod\u0103 urban\u0103 care prezint\u0103 flexibilitatea stilistic\u0103 a Bulova f\u0103r\u0103 a compromite designul consacrat al m\u0103rcii. Marine Star ofer\u0103 o linie modern\u0103 \u0219i plin\u0103 de personalitate. O colec\u021bie care iese mereu \u00een eviden\u021b\u0103 \u0219i care completeaz\u0103 perfect at\u00e2t \u021binutele casual, c\u00e2t \u0219i cele sportive. Marine Star by Bulova este alegerea perfect\u0103 [&hellip;]<\/p>\n","protected":false},"featured_media":48618,"comment_status":"closed","ping_status":"open","template":"","meta":{"_acf_changed":false},"product_brand":[],"product_cat":[624,20],"product_tag":[],"class_list":{"0":"post-48617","1":"product","2":"type-product","3":"status-publish","4":"has-post-thumbnail","6":"product_cat-bulova","7":"product_cat-ceasuri-barbati","8":"pa_brand-bulova","9":"pa_braslet-otel-inoxidabil","10":"pa_corpus-45-mm","11":"pa_forma-rotund","12":"pa_funcii-cronograf","13":"pa_funcii-semischelet","14":"pa_garatia-24-luni","15":"pa_korpus-argintiu","16":"pa_material-otel-inoxidabil","17":"pa_mehanizm-mecanic","18":"pa_mehanizm-mecanism-automatic","19":"pa_remeshok-argintiu","20":"pa_steklo-cristal-mineral","21":"pa_strana-sua","22":"pa_voda-20-atm","24":"first","25":"instock","26":"purchasable","27":"product-type-simple"},"acf":[],"_links":{"self":[{"href":"https:\/\/ceasuri.md\/ru\/wp-json\/wp\/v2\/product\/48617","targetHints":{"allow":["GET"]}}],"collection":[{"href":"https:\/\/ceasuri.md\/ru\/wp-json\/wp\/v2\/product"}],"about":[{"href":"https:\/\/ceasuri.md\/ru\/wp-json\/wp\/v2\/types\/product"}],"replies":[{"embeddable":true,"href":"https:\/\/ceasuri.md\/ru\/wp-json\/wp\/v2\/comments?post=48617"}],"wp:featuredmedia":[{"embeddable":true,"href":"https:\/\/ceasuri.md\/ru\/wp-json\/wp\/v2\/media\/48618"}],"wp:attachment":[{"href":"https:\/\/ceasuri.md\/ru\/wp-json\/wp\/v2\/media?parent=48617"}],"wp:term":[{"taxonomy":"product_brand","embeddable":true,"href":"https:\/\/ceasuri.md\/ru\/wp-json\/wp\/v2\/product_brand?post=48617"},{"taxonomy":"product_cat","embeddable":true,"href":"https:\/\/ceasuri.md\/ru\/wp-json\/wp\/v2\/product_cat?post=48617"},{"taxonomy":"product_tag","embeddable":true,"href":"https:\/\/ceasuri.md\/ru\/wp-json\/wp\/v2\/product_tag?post=48617"}],"curies":[{"name":"wp","href":"https:\/\/api.w.org\/{rel}","templated":true}]}}