{"id":48595,"date":"2023-06-28T07:28:48","date_gmt":"2023-06-28T04:28:48","guid":{"rendered":"http:\/\/new.ceasuri.md\/shop\/uncategorized\/seiko-astron-medecins-sans-frontieres-ssh133j1\/"},"modified":"2026-05-01T17:45:36","modified_gmt":"2026-05-01T14:45:36","slug":"seiko-astron-medecins-sans-frontieres-ssh133j1","status":"publish","type":"product","link":"https:\/\/ceasuri.md\/ru\/shop\/branduri\/seiko\/seiko-astron-medecins-sans-frontieres-ssh133j1\/","title":{"rendered":"\u0427\u0430\u0441\u044b SEIKO ASTRON MEDECINS SANS FRONTIERES SSH133J1"},"content":{"rendered":"<p>Acest ceas \u00een edi\u021bie limitat\u0103 are un stil contemporan datorit\u0103 profilului s\u0103u elegant \u0219i sub\u021bire, \u00een timp ce panoul cu lunet\u0103 din ceramic\u0103 alb\u0103 rezistent\u0103 la zg\u00e2rieturi ofer\u0103 stil \u0219i durabilitate.<\/p>\n<p>Inscrip\u021bia &#8222;In Support of M\u00e9decins Sans Fronti\u00e8res&#8221; de pe spatele carcasei exprim\u0103 parteneriatul, iar acest ceas este prev\u0103zut at\u00e2t cu br\u0103\u021bar\u0103, c\u00e2t \u0219i cu o curea combinat\u0103 din silicon alb \u0219i ro\u0219u &#8211; o premier\u0103 pentru Astron.<\/p>\n<p>Acest model este o edi\u021bie limitat\u0103 la 800 de exemplare la nivel mondial \u0219i este prev\u0103zut cu calibrul Seiko 5X, marc\u0103 proprie, cu func\u021bionalitate avansat\u0103; fiecare component\u0103 a noului modul GPS a fost reproiectat\u0103 pentru a fi mai rapid\u0103 \u0219i mai intuitiv\u0103 ca niciodat\u0103.<\/p>\n<p>Seiko Astron &#8211; primul cadran solar cu GPS din lume &#8211; alimentat de lumin\u0103, se ajusteaz\u0103 automat la ora exact\u0103 datorit\u0103 celei mai recente tehnologii prin satelit.<\/p>\n<p>Numarul colectiei limitate: 095\/800; 142\/800.<\/p>","protected":false},"excerpt":{"rendered":"<p>Acest ceas \u00een edi\u021bie limitat\u0103 are un stil contemporan datorit\u0103 profilului s\u0103u elegant \u0219i sub\u021bire, \u00een timp ce panoul cu lunet\u0103 din ceramic\u0103 alb\u0103 rezistent\u0103 la zg\u00e2rieturi ofer\u0103 stil \u0219i durabilitate. Inscrip\u021bia &#8222;In Support of M\u00e9decins Sans Fronti\u00e8res&#8221; de pe spatele carcasei exprim\u0103 parteneriatul, iar acest ceas este prev\u0103zut at\u00e2t cu br\u0103\u021bar\u0103, c\u00e2t \u0219i cu [&hellip;]<\/p>\n","protected":false},"featured_media":48596,"comment_status":"closed","ping_status":"open","template":"","meta":{"_acf_changed":false},"product_brand":[],"product_cat":[20,106,205,588],"product_tag":[],"class_list":{"0":"post-48595","1":"product","2":"type-product","3":"status-publish","4":"has-post-thumbnail","6":"product_cat-ceasuri-barbati","7":"product_cat-ceasuri-premium","8":"product_cat-limited-edition","9":"product_cat-seiko","10":"pa_brand-seiko","11":"pa_braslet-titan","12":"pa_corpus-43-mm","13":"pa_forma-rotund","14":"pa_funcii-cronograf","15":"pa_funcii-data","16":"pa_funcii-dual-time","17":"pa_funcii-gps","18":"pa_funcii-limited-edition","19":"pa_funcii-rezerva-de-energie","20":"pa_funcii-set-cadou","21":"pa_funcii-ziua-saptamanii","22":"pa_garatia-24-luni","23":"pa_korpus-argintiu","24":"pa_kvarc-quartz","25":"pa_material-titan","26":"pa_mehanizm-baterie-solara","27":"pa_mehanizm-quartz","28":"pa_remeshok-argintiu","29":"pa_steklo-cristal-safir","30":"pa_strana-japonia","31":"pa_voda-10-atm","33":"first","34":"instock","35":"purchasable","36":"product-type-simple"},"acf":[],"_links":{"self":[{"href":"https:\/\/ceasuri.md\/ru\/wp-json\/wp\/v2\/product\/48595","targetHints":{"allow":["GET"]}}],"collection":[{"href":"https:\/\/ceasuri.md\/ru\/wp-json\/wp\/v2\/product"}],"about":[{"href":"https:\/\/ceasuri.md\/ru\/wp-json\/wp\/v2\/types\/product"}],"replies":[{"embeddable":true,"href":"https:\/\/ceasuri.md\/ru\/wp-json\/wp\/v2\/comments?post=48595"}],"wp:featuredmedia":[{"embeddable":true,"href":"https:\/\/ceasuri.md\/ru\/wp-json\/wp\/v2\/media\/48596"}],"wp:attachment":[{"href":"https:\/\/ceasuri.md\/ru\/wp-json\/wp\/v2\/media?parent=48595"}],"wp:term":[{"taxonomy":"product_brand","embeddable":true,"href":"https:\/\/ceasuri.md\/ru\/wp-json\/wp\/v2\/product_brand?post=48595"},{"taxonomy":"product_cat","embeddable":true,"href":"https:\/\/ceasuri.md\/ru\/wp-json\/wp\/v2\/product_cat?post=48595"},{"taxonomy":"product_tag","embeddable":true,"href":"https:\/\/ceasuri.md\/ru\/wp-json\/wp\/v2\/product_tag?post=48595"}],"curies":[{"name":"wp","href":"https:\/\/api.w.org\/{rel}","templated":true}]}}