{"id":48565,"date":"2026-04-02T23:08:54","date_gmt":"2026-04-02T20:08:54","guid":{"rendered":"http:\/\/new.ceasuri.md\/shop\/uncategorized\/skagen-solar-sams-skw6879\/"},"modified":"2026-04-20T01:12:54","modified_gmt":"2026-04-19T22:12:54","slug":"skagen-solar-sams-skw6879","status":"publish","type":"product","link":"https:\/\/ceasuri.md\/ru\/shop\/sale\/sale-ceasuri-barbati\/skagen-solar-sams-skw6879\/","title":{"rendered":"\u0427\u0430\u0441\u044b SKAGEN SOLAR SAMS SKW6879"},"content":{"rendered":"<p>Designul este inspirat de ora\u0219ul danez Skagen, ale c\u0103rui plaje albe \u0219i pustii sunt sc\u0103ldate de dou\u0103 m\u0103ri care se unesc aici.<\/p>\n<p>Calitatea elve\u021bian\u0103, designul scandinav \u0219i un pre\u021b rezonabil au contribuit la recunoa\u0219terea \u0219i cre\u0219terea m\u0103rcii.<\/p>\n<p>\u00cen scurtul s\u0103u timp de existen\u021b\u0103, ceasurile Skagen sunt deja reprezentate \u00een peste 30 de \u021b\u0103ri.<\/p>\n<p>Marca danez\u0103 &#8222;Skagen&#8221; este considerat\u0103 un nou-venit dup\u0103 standardele altor produc\u0103tori de ceasuri de m\u00e2n\u0103, dar \u00een istoria sa de dou\u0103zeci de ani, marca a reu\u0219it s\u0103 apar\u0103 chiar \u0219i pe \u00eencheieturile de m\u00e2n\u0103 ale familiei regale daneze.<\/p>","protected":false},"excerpt":{"rendered":"<p>Designul este inspirat de ora\u0219ul danez Skagen, ale c\u0103rui plaje albe \u0219i pustii sunt sc\u0103ldate de dou\u0103 m\u0103ri care se unesc aici. Calitatea elve\u021bian\u0103, designul scandinav \u0219i un pre\u021b rezonabil au contribuit la recunoa\u0219terea \u0219i cre\u0219terea m\u0103rcii. \u00cen scurtul s\u0103u timp de existen\u021b\u0103, ceasurile Skagen sunt deja reprezentate \u00een peste 30 de \u021b\u0103ri. Marca danez\u0103 [&hellip;]<\/p>\n","protected":false},"featured_media":48566,"comment_status":"closed","ping_status":"open","template":"","meta":{"_acf_changed":false},"product_brand":[],"product_cat":[20,23,297],"product_tag":[],"class_list":{"0":"post-48565","1":"product","2":"type-product","3":"status-publish","4":"has-post-thumbnail","6":"product_cat-ceasuri-barbati","7":"product_cat-sale-ceasuri-barbati","8":"product_cat-skagen","9":"pa_brand-skagen","10":"pa_braslet-textile","11":"pa_corpus-37-mm","12":"pa_forma-rotund","13":"pa_garatia-24-luni","14":"pa_korpus-albastru-inchis","15":"pa_kvarc-quartz","16":"pa_material-plastic","17":"pa_mehanizm-baterie-solara","18":"pa_mehanizm-quartz","19":"pa_remeshok-tricolor","20":"pa_steklo-cristal-mineral","21":"pa_strana-danemarca","22":"pa_voda-3-atm","24":"first","25":"instock","26":"sale","27":"purchasable","28":"product-type-simple"},"acf":[],"_links":{"self":[{"href":"https:\/\/ceasuri.md\/ru\/wp-json\/wp\/v2\/product\/48565","targetHints":{"allow":["GET"]}}],"collection":[{"href":"https:\/\/ceasuri.md\/ru\/wp-json\/wp\/v2\/product"}],"about":[{"href":"https:\/\/ceasuri.md\/ru\/wp-json\/wp\/v2\/types\/product"}],"replies":[{"embeddable":true,"href":"https:\/\/ceasuri.md\/ru\/wp-json\/wp\/v2\/comments?post=48565"}],"wp:featuredmedia":[{"embeddable":true,"href":"https:\/\/ceasuri.md\/ru\/wp-json\/wp\/v2\/media\/48566"}],"wp:attachment":[{"href":"https:\/\/ceasuri.md\/ru\/wp-json\/wp\/v2\/media?parent=48565"}],"wp:term":[{"taxonomy":"product_brand","embeddable":true,"href":"https:\/\/ceasuri.md\/ru\/wp-json\/wp\/v2\/product_brand?post=48565"},{"taxonomy":"product_cat","embeddable":true,"href":"https:\/\/ceasuri.md\/ru\/wp-json\/wp\/v2\/product_cat?post=48565"},{"taxonomy":"product_tag","embeddable":true,"href":"https:\/\/ceasuri.md\/ru\/wp-json\/wp\/v2\/product_tag?post=48565"}],"curies":[{"name":"wp","href":"https:\/\/api.w.org\/{rel}","templated":true}]}}