{"id":48540,"date":"2026-04-02T23:08:54","date_gmt":"2026-04-02T20:08:54","guid":{"rendered":"http:\/\/new.ceasuri.md\/shop\/uncategorized\/casio-collection-w-218hc-8a\/"},"modified":"2026-04-16T21:19:27","modified_gmt":"2026-04-16T18:19:27","slug":"casio-collection-w-218hc-8a","status":"publish","type":"product","link":"https:\/\/ceasuri.md\/ru\/shop\/branduri\/casio\/casio-collection-w-218hc-8a\/","title":{"rendered":"Ceas CASIO W-218HC-8A Collection"},"content":{"rendered":"<p>Ceasurile de m\u00e2n\u0103 Casio Collection au devenit simbolul ideilor originale \u0219i al tehnologiei moderne. Aceasta este o colec\u021bie foarte divers\u0103, cu modele elegante \u0219i solu\u021bii multifunc\u021bionale.<\/p>\n<p>Sunt ceasuri cu func\u021bii de calcul, ecrane de ultim\u0103 genera\u021bie, op\u021biuni de sincronizare cu smartphone-urile \u0219i multe altele. Majoritatea modelelor au un stil elegant, clasic, care nu le umbre\u0219te designul unic \u0219i recunoa\u0219terea excelent\u0103.<\/p>\n<p>Dac\u0103 sunte\u021bi \u00een c\u0103utarea unui ceas cu un buget accesibil, dar \u0219i durabil de la o marc\u0103 legendar\u0103, alege\u021bi ceasurile Casio Collection.<\/p>\n<p>Acest design sportiv prezint\u0103 un pop colorat pentru a te purta f\u0103r\u0103 probleme de la vestimenta\u021bie la casual, indiferent de ce ai \u00een calendar.<\/p>\n<p>Nu doar versatil, ci \u0219i practic. Cu func\u021bionalitatea pe care o ofer\u0103 digitalul &#8211; lumin\u0103 LED pentru o citire u\u0219oar\u0103 \u00een \u00eentuneric, cronometru, alarm\u0103 \u0219i calendar &#8211; toate protejate de rezisten\u021ba la ap\u0103 de 50 de metri.<\/p>","protected":false},"excerpt":{"rendered":"<p>Ceasurile de m\u00e2n\u0103 Casio Collection au devenit simbolul ideilor originale \u0219i al tehnologiei moderne. Aceasta este o colec\u021bie foarte divers\u0103, cu modele elegante \u0219i solu\u021bii multifunc\u021bionale. Sunt ceasuri cu func\u021bii de calcul, ecrane de ultim\u0103 genera\u021bie, op\u021biuni de sincronizare cu smartphone-urile \u0219i multe altele. Majoritatea modelelor au un stil elegant, clasic, care nu le umbre\u0219te [&hellip;]<\/p>\n","protected":false},"featured_media":48541,"comment_status":"closed","ping_status":"open","template":"","meta":{"_acf_changed":false},"product_brand":[],"product_cat":[27,25],"product_tag":[],"class_list":{"0":"post-48540","1":"product","2":"type-product","3":"status-publish","4":"has-post-thumbnail","6":"product_cat-casio","7":"product_cat-ceasuri-dama","8":"pa_brand-casio","9":"pa_braslet-plastic","10":"pa_corpus-43-mm","11":"pa_forma-octogonala","12":"pa_funcii-alarma","13":"pa_funcii-calendar","14":"pa_funcii-cronometru","15":"pa_funcii-data","16":"pa_funcii-iluminare","17":"pa_funcii-ziua-saptamanii","18":"pa_garatia-24-luni","19":"pa_korpus-bej","20":"pa_kvarc-quartz","21":"pa_material-plastic","22":"pa_mehanizm-electronic","23":"pa_remeshok-bej","24":"pa_steklo-plastic","25":"pa_strana-japonia","26":"pa_voda-5-atm","28":"first","29":"instock","30":"purchasable","31":"product-type-simple"},"acf":[],"_links":{"self":[{"href":"https:\/\/ceasuri.md\/ru\/wp-json\/wp\/v2\/product\/48540","targetHints":{"allow":["GET"]}}],"collection":[{"href":"https:\/\/ceasuri.md\/ru\/wp-json\/wp\/v2\/product"}],"about":[{"href":"https:\/\/ceasuri.md\/ru\/wp-json\/wp\/v2\/types\/product"}],"replies":[{"embeddable":true,"href":"https:\/\/ceasuri.md\/ru\/wp-json\/wp\/v2\/comments?post=48540"}],"wp:featuredmedia":[{"embeddable":true,"href":"https:\/\/ceasuri.md\/ru\/wp-json\/wp\/v2\/media\/48541"}],"wp:attachment":[{"href":"https:\/\/ceasuri.md\/ru\/wp-json\/wp\/v2\/media?parent=48540"}],"wp:term":[{"taxonomy":"product_brand","embeddable":true,"href":"https:\/\/ceasuri.md\/ru\/wp-json\/wp\/v2\/product_brand?post=48540"},{"taxonomy":"product_cat","embeddable":true,"href":"https:\/\/ceasuri.md\/ru\/wp-json\/wp\/v2\/product_cat?post=48540"},{"taxonomy":"product_tag","embeddable":true,"href":"https:\/\/ceasuri.md\/ru\/wp-json\/wp\/v2\/product_tag?post=48540"}],"curies":[{"name":"wp","href":"https:\/\/api.w.org\/{rel}","templated":true}]}}