{"id":48536,"date":"2026-04-02T23:08:54","date_gmt":"2026-04-02T20:08:54","guid":{"rendered":"http:\/\/new.ceasuri.md\/shop\/uncategorized\/casio-g-shock-mtg-b3000bd-1a2er\/"},"modified":"2026-04-20T01:10:29","modified_gmt":"2026-04-19T22:10:29","slug":"casio-g-shock-mtg-b3000bd-1a2er","status":"publish","type":"product","link":"https:\/\/ceasuri.md\/ru\/shop\/branduri\/casio\/casio-g-shock-mtg-b3000bd-1a2er\/","title":{"rendered":"\u0427\u0430\u0441\u044b CASIO G-SHOCK MTG-B3000BD-1A2ER"},"content":{"rendered":"<p>G-Shock este ceasul pentru sportivii extremi\u0219ti \u0219i pentru pasiona\u021bii de activit\u0103\u021bi \u00een aer liber. Aceste modele &#8222;indestructibile&#8221; sunt fabricate din materiale ultra-rezistente pentru a asigura protec\u021bie \u0219i rezisten\u021b\u0103 de \u00eencredere.<\/p>\n<p>MTG-B3000BD are o band\u0103 compozit\u0103 stratificat\u0103, realizat\u0103 din segmente goale din o\u021bel inoxidabil care \u00eenglobeaz\u0103 p\u0103r\u021bi fine din r\u0103\u0219in\u0103 pentru o band\u0103 mai u\u0219oar\u0103.<\/p>\n<p>Componentele metalice placate cu ioni aduc o not\u0103 de culoare proasp\u0103t\u0103 la designul negru \u0219ic general. Acest nou stil inovator \u0219i rezistent ofer\u0103, de asemenea, func\u021bionalitate deplin\u0103.<\/p>\n<p>Desc\u0103rca\u021bi aplica\u021bia CASIO WATCHES pentru a o asocia cu smartphone-ul dvs. prin Bluetooth\u00ae. Cu Multi Band 6, sistemul de \u00eenc\u0103rcare Tough Solar \u0219i lumina LED de \u00eenalt\u0103 luminozitate, acest ceas v\u0103 men\u021bine la performan\u021be maxime, indiferent de aventurile pe care vi le aduce.<\/p>","protected":false},"excerpt":{"rendered":"<p>G-Shock este ceasul pentru sportivii extremi\u0219ti \u0219i pentru pasiona\u021bii de activit\u0103\u021bi \u00een aer liber. Aceste modele &#8222;indestructibile&#8221; sunt fabricate din materiale ultra-rezistente pentru a asigura protec\u021bie \u0219i rezisten\u021b\u0103 de \u00eencredere. MTG-B3000BD are o band\u0103 compozit\u0103 stratificat\u0103, realizat\u0103 din segmente goale din o\u021bel inoxidabil care \u00eenglobeaz\u0103 p\u0103r\u021bi fine din r\u0103\u0219in\u0103 pentru o band\u0103 mai u\u0219oar\u0103. Componentele [&hellip;]<\/p>\n","protected":false},"featured_media":48537,"comment_status":"closed","ping_status":"open","template":"","meta":{"_acf_changed":false},"product_brand":[],"product_cat":[27,20,106,419],"product_tag":[],"class_list":{"0":"post-48536","1":"product","2":"type-product","3":"status-publish","4":"has-post-thumbnail","6":"product_cat-casio","7":"product_cat-ceasuri-barbati","8":"product_cat-ceasuri-premium","9":"product_cat-g-shock","10":"pa_brand-casio","11":"pa_brand-g-shock","12":"pa_braslet-otel-inoxidabil","13":"pa_braslet-plastic","14":"pa_corpus-51-mm","15":"pa_forma-rotund","16":"pa_funcii-alarma","17":"pa_funcii-bluetooth-smart","18":"pa_funcii-calendar","19":"pa_funcii-cronometru","20":"pa_funcii-dual-time","21":"pa_funcii-rezerva-de-energie","22":"pa_garatia-24-luni","23":"pa_korpus-negru","24":"pa_kvarc-quartz","25":"pa_material-otel-inoxidabil","26":"pa_material-plastic","27":"pa_mehanizm-baterie-solara","28":"pa_mehanizm-quartz","29":"pa_remeshok-negru","30":"pa_remeshok-verde","31":"pa_steklo-cristal-safir","32":"pa_strana-japonia","33":"pa_voda-20-atm","35":"first","36":"instock","37":"purchasable","38":"product-type-simple"},"acf":[],"_links":{"self":[{"href":"https:\/\/ceasuri.md\/ru\/wp-json\/wp\/v2\/product\/48536","targetHints":{"allow":["GET"]}}],"collection":[{"href":"https:\/\/ceasuri.md\/ru\/wp-json\/wp\/v2\/product"}],"about":[{"href":"https:\/\/ceasuri.md\/ru\/wp-json\/wp\/v2\/types\/product"}],"replies":[{"embeddable":true,"href":"https:\/\/ceasuri.md\/ru\/wp-json\/wp\/v2\/comments?post=48536"}],"wp:featuredmedia":[{"embeddable":true,"href":"https:\/\/ceasuri.md\/ru\/wp-json\/wp\/v2\/media\/48537"}],"wp:attachment":[{"href":"https:\/\/ceasuri.md\/ru\/wp-json\/wp\/v2\/media?parent=48536"}],"wp:term":[{"taxonomy":"product_brand","embeddable":true,"href":"https:\/\/ceasuri.md\/ru\/wp-json\/wp\/v2\/product_brand?post=48536"},{"taxonomy":"product_cat","embeddable":true,"href":"https:\/\/ceasuri.md\/ru\/wp-json\/wp\/v2\/product_cat?post=48536"},{"taxonomy":"product_tag","embeddable":true,"href":"https:\/\/ceasuri.md\/ru\/wp-json\/wp\/v2\/product_tag?post=48536"}],"curies":[{"name":"wp","href":"https:\/\/api.w.org\/{rel}","templated":true}]}}