{"id":48498,"date":"2023-04-28T09:09:13","date_gmt":"2023-04-28T06:09:13","guid":{"rendered":"http:\/\/new.ceasuri.md\/shop\/uncategorized\/casio-g-shock-mtg-b2000d-1aer\/"},"modified":"2026-05-01T17:44:30","modified_gmt":"2026-05-01T14:44:30","slug":"casio-g-shock-mtg-b2000d-1aer","status":"publish","type":"product","link":"https:\/\/ceasuri.md\/ru\/shop\/branduri\/casio\/casio-g-shock-mtg-b2000d-1aer\/","title":{"rendered":"\u0427\u0430\u0441\u044b CASIO G-SHOCK MTG-B2000D-1AER"},"content":{"rendered":"<p>Un model MT-G \u00eembr\u0103cat \u00een carbon, echipat cu tehnologie avansat\u0103 \u00eentr-un corp rezistent la \u0219ocuri din metal \u0219i r\u0103\u0219in\u0103 fuzionat\u0103.<\/p>\n<p>O structur\u0103 de protec\u021bie cu dou\u0103 nuclee este construit\u0103 prin protejarea modulului cu o carcas\u0103 monococ\u0103 din carbon integrat\u0103 \u0219i acoperirea exteriorului cu piese metalice.<\/p>\n<p>P\u0103r\u021bile laterale ale carcasei sunt realizate din metal pentru un design sofisticat. Culoarea de mare impact este ob\u021binut\u0103, de asemenea, prin faptul c\u0103 rama metalic\u0103 \u0219i luneta sunt separate.<\/p>\n<p>P\u0103r\u021bile metalice exterioare au un finisaj \u00een oglind\u0103, iar butoanele laterale au o structur\u0103 f\u0103r\u0103 protec\u021bie.<\/p>\n<p>\u00cen plus, utilizarea unui cristal de sticl\u0103 de safir extrem de transparent \u0219i gravura delicat\u0103, posibil\u0103 prin intermediul tehnicilor de prelucrare ale fabricii Casio Yamagata, confer\u0103 \u00eentregului produs o textur\u0103 de \u00eenalt\u0103 calitate.<\/p>\n<p>Dispune de o band\u0103 compozit\u0103 stratificat\u0103, iar reducerile de greutate au fost realizate \u00een ciuda \u00eembun\u0103t\u0103\u021birilor aduse texturii metalului.<\/p>\n<p>Ob\u021bine informa\u021bii despre or\u0103 prin conectarea la aplica\u021bia dedicat\u0103 G-SHOCK Connected prin conectivitate Bluetooth\u00ae. De asemenea, este echipat cu func\u021bii practice, precum Multi-Band 6, Tough Solar \u0219i iluminare LED de \u00eenalt\u0103 luminozitate.<\/p>","protected":false},"excerpt":{"rendered":"<p>Un model MT-G \u00eembr\u0103cat \u00een carbon, echipat cu tehnologie avansat\u0103 \u00eentr-un corp rezistent la \u0219ocuri din metal \u0219i r\u0103\u0219in\u0103 fuzionat\u0103. O structur\u0103 de protec\u021bie cu dou\u0103 nuclee este construit\u0103 prin protejarea modulului cu o carcas\u0103 monococ\u0103 din carbon integrat\u0103 \u0219i acoperirea exteriorului cu piese metalice. P\u0103r\u021bile laterale ale carcasei sunt realizate din metal pentru un [&hellip;]<\/p>\n","protected":false},"featured_media":48499,"comment_status":"closed","ping_status":"open","template":"","meta":{"_acf_changed":false},"product_brand":[],"product_cat":[27,20,106,419],"product_tag":[],"class_list":{"0":"post-48498","1":"product","2":"type-product","3":"status-publish","4":"has-post-thumbnail","6":"product_cat-casio","7":"product_cat-ceasuri-barbati","8":"product_cat-ceasuri-premium","9":"product_cat-g-shock","10":"pa_brand-casio","11":"pa_brand-g-shock","12":"pa_braslet-otel-inoxidabil","13":"pa_corpus-50-mm","14":"pa_forma-rotund","15":"pa_funcii-alarma","16":"pa_funcii-bluetooth-smart","17":"pa_funcii-cronograf","18":"pa_funcii-data","19":"pa_funcii-dual-time","20":"pa_funcii-iluminare","21":"pa_funcii-rezerva-de-energie","22":"pa_funcii-ziua-saptamanii","23":"pa_garatia-24-luni","24":"pa_korpus-argintiu","25":"pa_korpus-negru","26":"pa_kvarc-quartz","27":"pa_material-carbon","28":"pa_material-otel-inoxidabil","29":"pa_mehanizm-baterie-solara","30":"pa_mehanizm-quartz","31":"pa_remeshok-argintiu","32":"pa_steklo-cristal-safir","33":"pa_strana-japonia","34":"pa_voda-20-atm","36":"first","37":"outofstock","38":"purchasable","39":"product-type-simple"},"acf":[],"_links":{"self":[{"href":"https:\/\/ceasuri.md\/ru\/wp-json\/wp\/v2\/product\/48498","targetHints":{"allow":["GET"]}}],"collection":[{"href":"https:\/\/ceasuri.md\/ru\/wp-json\/wp\/v2\/product"}],"about":[{"href":"https:\/\/ceasuri.md\/ru\/wp-json\/wp\/v2\/types\/product"}],"replies":[{"embeddable":true,"href":"https:\/\/ceasuri.md\/ru\/wp-json\/wp\/v2\/comments?post=48498"}],"wp:featuredmedia":[{"embeddable":true,"href":"https:\/\/ceasuri.md\/ru\/wp-json\/wp\/v2\/media\/48499"}],"wp:attachment":[{"href":"https:\/\/ceasuri.md\/ru\/wp-json\/wp\/v2\/media?parent=48498"}],"wp:term":[{"taxonomy":"product_brand","embeddable":true,"href":"https:\/\/ceasuri.md\/ru\/wp-json\/wp\/v2\/product_brand?post=48498"},{"taxonomy":"product_cat","embeddable":true,"href":"https:\/\/ceasuri.md\/ru\/wp-json\/wp\/v2\/product_cat?post=48498"},{"taxonomy":"product_tag","embeddable":true,"href":"https:\/\/ceasuri.md\/ru\/wp-json\/wp\/v2\/product_tag?post=48498"}],"curies":[{"name":"wp","href":"https:\/\/api.w.org\/{rel}","templated":true}]}}