{"id":48479,"date":"2026-04-02T23:08:07","date_gmt":"2026-04-02T20:08:07","guid":{"rendered":"http:\/\/new.ceasuri.md\/shop\/uncategorized\/casio-g-shock-gm-s2100b-8aer\/"},"modified":"2026-04-20T01:13:03","modified_gmt":"2026-04-19T22:13:03","slug":"casio-g-shock-gm-s2100b-8aer","status":"publish","type":"product","link":"https:\/\/ceasuri.md\/ru\/shop\/branduri\/casio\/casio-g-shock-gm-s2100b-8aer\/","title":{"rendered":"\u0427\u0430\u0441\u044b CASIO G-SHOCK GM-S2100B-8AER"},"content":{"rendered":"<p>G-Shock este ceasul pentru sportivii extremi\u0219ti \u0219i pentru pasiona\u021bii de activit\u0103\u021bi \u00een aer liber. Aceste modele &#8222;indestructibile&#8221; sunt fabricate din materiale ultra-rezistente pentru a asigura protec\u021bie \u0219i rezisten\u021b\u0103 de \u00eencredere<\/p>\n<p>Func\u021bionalitatea G-Shock este, de asemenea, impresionant\u0103: ceasuri au un calendar automat, alarm\u0103, cronometru, indicator al orei mondiale, iluminare automat\u0103 a fundalului, iar unele au \u0219i o agend\u0103 de adrese.<\/p>\n<p>Merge\u021bi sub\u021bire, curat \u0219i \u00eendr\u0103zne\u021b cu un G-SHOCK de dimensiuni medii, \u00eentr-o variant\u0103 octogonal\u0103 \u00eembr\u0103cat\u0103 \u00een metal, dup\u0103 designul original iconic.<\/p>\n<p>Forjat \u00een o\u021bel inoxidabil, luneta puternic\u0103 spune super stil p\u00e2n\u0103 la cap\u0103t.<\/p>\n<p>Cadranul, aplatizat pentru a fi mai sub\u021bire, este tratat cu o culoare de placare cu ioni \u0219i indici \u00een oglind\u0103 pentru a ad\u0103uga profunzime str\u0103lucitoare.<\/p>","protected":false},"excerpt":{"rendered":"<p>G-Shock este ceasul pentru sportivii extremi\u0219ti \u0219i pentru pasiona\u021bii de activit\u0103\u021bi \u00een aer liber. Aceste modele &#8222;indestructibile&#8221; sunt fabricate din materiale ultra-rezistente pentru a asigura protec\u021bie \u0219i rezisten\u021b\u0103 de \u00eencredere Func\u021bionalitatea G-Shock este, de asemenea, impresionant\u0103: ceasuri au un calendar automat, alarm\u0103, cronometru, indicator al orei mondiale, iluminare automat\u0103 a fundalului, iar unele au \u0219i [&hellip;]<\/p>\n","protected":false},"featured_media":48480,"comment_status":"closed","ping_status":"open","template":"","meta":{"_acf_changed":false},"product_brand":[],"product_cat":[27,20,25,419],"product_tag":[],"class_list":{"0":"post-48479","1":"product","2":"type-product","3":"status-publish","4":"has-post-thumbnail","6":"product_cat-casio","7":"product_cat-ceasuri-barbati","8":"product_cat-ceasuri-dama","9":"product_cat-g-shock","10":"pa_brand-casio","11":"pa_brand-g-shock","12":"pa_braslet-cauciuc","13":"pa_corpus-40-mm","14":"pa_forma-octogonala","15":"pa_funcii-alarma","16":"pa_funcii-calendar","17":"pa_funcii-cronometru","18":"pa_funcii-iluminare","19":"pa_funcii-timp-mondial","20":"pa_garatia-24-luni","21":"pa_korpus-gri","22":"pa_kvarc-quartz","23":"pa_material-otel-inoxidabil","24":"pa_material-plastic","25":"pa_mehanizm-quartz","26":"pa_remeshok-gri","27":"pa_steklo-cristal-mineral","28":"pa_strana-japonia","29":"pa_voda-20-atm","31":"first","32":"instock","33":"purchasable","34":"product-type-simple"},"acf":[],"_links":{"self":[{"href":"https:\/\/ceasuri.md\/ru\/wp-json\/wp\/v2\/product\/48479","targetHints":{"allow":["GET"]}}],"collection":[{"href":"https:\/\/ceasuri.md\/ru\/wp-json\/wp\/v2\/product"}],"about":[{"href":"https:\/\/ceasuri.md\/ru\/wp-json\/wp\/v2\/types\/product"}],"replies":[{"embeddable":true,"href":"https:\/\/ceasuri.md\/ru\/wp-json\/wp\/v2\/comments?post=48479"}],"wp:featuredmedia":[{"embeddable":true,"href":"https:\/\/ceasuri.md\/ru\/wp-json\/wp\/v2\/media\/48480"}],"wp:attachment":[{"href":"https:\/\/ceasuri.md\/ru\/wp-json\/wp\/v2\/media?parent=48479"}],"wp:term":[{"taxonomy":"product_brand","embeddable":true,"href":"https:\/\/ceasuri.md\/ru\/wp-json\/wp\/v2\/product_brand?post=48479"},{"taxonomy":"product_cat","embeddable":true,"href":"https:\/\/ceasuri.md\/ru\/wp-json\/wp\/v2\/product_cat?post=48479"},{"taxonomy":"product_tag","embeddable":true,"href":"https:\/\/ceasuri.md\/ru\/wp-json\/wp\/v2\/product_tag?post=48479"}],"curies":[{"name":"wp","href":"https:\/\/api.w.org\/{rel}","templated":true}]}}