{"id":48462,"date":"2026-04-02T23:08:07","date_gmt":"2026-04-02T20:08:07","guid":{"rendered":"http:\/\/new.ceasuri.md\/shop\/uncategorized\/casio-g-shock-ga-2200nn-1a\/"},"modified":"2026-04-16T21:19:15","modified_gmt":"2026-04-16T18:19:15","slug":"casio-g-shock-ga-2200nn-1a","status":"publish","type":"product","link":"https:\/\/ceasuri.md\/ru\/shop\/branduri\/casio\/casio-g-shock-ga-2200nn-1a\/","title":{"rendered":"Ceas CASIO GA-2200NN-1A G-Shock"},"content":{"rendered":"<p>G-Shock este ceasul pentru sportivii extremi\u0219ti \u0219i pentru pasiona\u021bii de activit\u0103\u021bi \u00een aer liber.<\/p>\n<p>Aceste modele &#8222;indestructibile&#8221; sunt fabricate din materiale ultra-rezistente pentru a asigura protec\u021bie \u0219i rezisten\u021b\u0103 de \u00eencredere.<\/p>\n<p>Func\u021bionalitatea G-Shock este, de asemenea, impresionant\u0103: ceasuri au un calendar automat, alarm\u0103, cronometru, indicator al orei mondiale, iluminare automat\u0103 a fundalului, iar unele au \u0219i o agend\u0103 de adrese.<\/p>","protected":false},"excerpt":{"rendered":"<p>G-Shock este ceasul pentru sportivii extremi\u0219ti \u0219i pentru pasiona\u021bii de activit\u0103\u021bi \u00een aer liber. Aceste modele &#8222;indestructibile&#8221; sunt fabricate din materiale ultra-rezistente pentru a asigura protec\u021bie \u0219i rezisten\u021b\u0103 de \u00eencredere. Func\u021bionalitatea G-Shock este, de asemenea, impresionant\u0103: ceasuri au un calendar automat, alarm\u0103, cronometru, indicator al orei mondiale, iluminare automat\u0103 a fundalului, iar unele au \u0219i [&hellip;]<\/p>\n","protected":false},"featured_media":48463,"comment_status":"closed","ping_status":"open","template":"","meta":{"_acf_changed":false},"product_brand":[],"product_cat":[27,20,419],"product_tag":[],"class_list":{"0":"post-48462","1":"product","2":"type-product","3":"status-publish","4":"has-post-thumbnail","6":"product_cat-casio","7":"product_cat-ceasuri-barbati","8":"product_cat-g-shock","9":"pa_brand-casio","10":"pa_brand-g-shock","11":"pa_braslet-plastic","12":"pa_corpus-47-mm","13":"pa_forma-rotund","14":"pa_funcii-alarma","15":"pa_funcii-calendar","16":"pa_funcii-cronometru","17":"pa_funcii-dual-time","18":"pa_funcii-iluminare","19":"pa_funcii-timp-mondial","20":"pa_garatia-24-luni","21":"pa_korpus-gri","22":"pa_korpus-verde","23":"pa_kvarc-quartz","24":"pa_material-plastic","25":"pa_mehanizm-electronic","26":"pa_mehanizm-quartz","27":"pa_remeshok-gri","28":"pa_remeshok-transparent","29":"pa_remeshok-verde","30":"pa_steklo-cristal-mineral","31":"pa_strana-japonia","32":"pa_voda-20-atm","34":"first","35":"instock","36":"purchasable","37":"product-type-simple"},"acf":[],"_links":{"self":[{"href":"https:\/\/ceasuri.md\/ru\/wp-json\/wp\/v2\/product\/48462","targetHints":{"allow":["GET"]}}],"collection":[{"href":"https:\/\/ceasuri.md\/ru\/wp-json\/wp\/v2\/product"}],"about":[{"href":"https:\/\/ceasuri.md\/ru\/wp-json\/wp\/v2\/types\/product"}],"replies":[{"embeddable":true,"href":"https:\/\/ceasuri.md\/ru\/wp-json\/wp\/v2\/comments?post=48462"}],"wp:featuredmedia":[{"embeddable":true,"href":"https:\/\/ceasuri.md\/ru\/wp-json\/wp\/v2\/media\/48463"}],"wp:attachment":[{"href":"https:\/\/ceasuri.md\/ru\/wp-json\/wp\/v2\/media?parent=48462"}],"wp:term":[{"taxonomy":"product_brand","embeddable":true,"href":"https:\/\/ceasuri.md\/ru\/wp-json\/wp\/v2\/product_brand?post=48462"},{"taxonomy":"product_cat","embeddable":true,"href":"https:\/\/ceasuri.md\/ru\/wp-json\/wp\/v2\/product_cat?post=48462"},{"taxonomy":"product_tag","embeddable":true,"href":"https:\/\/ceasuri.md\/ru\/wp-json\/wp\/v2\/product_tag?post=48462"}],"curies":[{"name":"wp","href":"https:\/\/api.w.org\/{rel}","templated":true}]}}