{"id":48454,"date":"2026-04-02T23:08:07","date_gmt":"2026-04-02T20:08:07","guid":{"rendered":"http:\/\/new.ceasuri.md\/shop\/uncategorized\/casio-g-shock-gma-s2100ba-4aer\/"},"modified":"2026-04-16T21:19:16","modified_gmt":"2026-04-16T18:19:16","slug":"casio-g-shock-gma-s2100ba-4aer","status":"publish","type":"product","link":"https:\/\/ceasuri.md\/ru\/shop\/branduri\/casio\/casio-g-shock-gma-s2100ba-4aer\/","title":{"rendered":"Ceas CASIO GMA-S2100BA-4AER G-Shock"},"content":{"rendered":"<p>G-Shock este ceasul pentru sportivii extremi\u0219ti \u0219i pentru pasiona\u021bii de activit\u0103\u021bi \u00een aer liber.<\/p>\n<p>Aceste modele &#8222;indestructibile&#8221; sunt fabricate din materiale ultra-rezistente pentru a asigura protec\u021bie \u0219i rezisten\u021b\u0103 de \u00eencredere.<\/p>\n<p>Func\u021bionalitatea G-Shock este, de asemenea, impresionant\u0103: aceste ceasuri au un calendar automat, alarm\u0103, cronometru, indicator al orei mondiale, iluminare automat\u0103 a fundalului, iar unele au \u0219i o agend\u0103 de adrese.<\/p>\n<p>Simplifica\u021bi-v\u0103 via\u021ba cu populara combina\u021bie analog-digital\u0103 GMA-S2100 \u00een culori monocromatice fumurii, la alegere.<\/p>\n<p>Aceea\u0219i construc\u021bie rezistent\u0103 a modelului original GA-2100, dar \u00eentr-un design \u0219i mai sub\u021bire \u0219i mai compact.<\/p>\n<p>Cadranul plat al ceasului \u0219i indicii cu bare simple proiecteaz\u0103 un aspect minimalist \u0219i o senza\u021bie care arat\u0103 c\u0103 \u0219ti\u021bi exact unde merge\u021bi.<\/p>\n<p>Un G-SHOCK casual \u0219i confortabil, \u00een culori solide \u0219i elegante.<\/p>","protected":false},"excerpt":{"rendered":"<p>G-Shock este ceasul pentru sportivii extremi\u0219ti \u0219i pentru pasiona\u021bii de activit\u0103\u021bi \u00een aer liber. Aceste modele &#8222;indestructibile&#8221; sunt fabricate din materiale ultra-rezistente pentru a asigura protec\u021bie \u0219i rezisten\u021b\u0103 de \u00eencredere. Func\u021bionalitatea G-Shock este, de asemenea, impresionant\u0103: aceste ceasuri au un calendar automat, alarm\u0103, cronometru, indicator al orei mondiale, iluminare automat\u0103 a fundalului, iar unele au [&hellip;]<\/p>\n","protected":false},"featured_media":48455,"comment_status":"closed","ping_status":"open","template":"","meta":{"_acf_changed":false},"product_brand":[],"product_cat":[27,25,419],"product_tag":[],"class_list":{"0":"post-48454","1":"product","2":"type-product","3":"status-publish","4":"has-post-thumbnail","6":"product_cat-casio","7":"product_cat-ceasuri-dama","8":"product_cat-g-shock","9":"pa_brand-casio","10":"pa_brand-g-shock","11":"pa_braslet-cauciuc","12":"pa_corpus-43-mm","13":"pa_forma-octogonala","14":"pa_funcii-alarma","15":"pa_funcii-calendar","16":"pa_funcii-cronometru","17":"pa_funcii-iluminare","18":"pa_funcii-timp-mondial","19":"pa_funcii-ziua-saptamanii","20":"pa_garatia-24-luni","21":"pa_korpus-roz","22":"pa_kvarc-quartz","23":"pa_material-plastic","24":"pa_mehanizm-quartz","25":"pa_remeshok-roz","26":"pa_steklo-cristal-mineral","27":"pa_strana-japonia","28":"pa_voda-20-atm","30":"first","31":"instock","32":"purchasable","33":"product-type-simple"},"acf":[],"_links":{"self":[{"href":"https:\/\/ceasuri.md\/ru\/wp-json\/wp\/v2\/product\/48454","targetHints":{"allow":["GET"]}}],"collection":[{"href":"https:\/\/ceasuri.md\/ru\/wp-json\/wp\/v2\/product"}],"about":[{"href":"https:\/\/ceasuri.md\/ru\/wp-json\/wp\/v2\/types\/product"}],"replies":[{"embeddable":true,"href":"https:\/\/ceasuri.md\/ru\/wp-json\/wp\/v2\/comments?post=48454"}],"wp:featuredmedia":[{"embeddable":true,"href":"https:\/\/ceasuri.md\/ru\/wp-json\/wp\/v2\/media\/48455"}],"wp:attachment":[{"href":"https:\/\/ceasuri.md\/ru\/wp-json\/wp\/v2\/media?parent=48454"}],"wp:term":[{"taxonomy":"product_brand","embeddable":true,"href":"https:\/\/ceasuri.md\/ru\/wp-json\/wp\/v2\/product_brand?post=48454"},{"taxonomy":"product_cat","embeddable":true,"href":"https:\/\/ceasuri.md\/ru\/wp-json\/wp\/v2\/product_cat?post=48454"},{"taxonomy":"product_tag","embeddable":true,"href":"https:\/\/ceasuri.md\/ru\/wp-json\/wp\/v2\/product_tag?post=48454"}],"curies":[{"name":"wp","href":"https:\/\/api.w.org\/{rel}","templated":true}]}}