{"id":48446,"date":"2026-04-02T23:08:07","date_gmt":"2026-04-02T20:08:07","guid":{"rendered":"http:\/\/new.ceasuri.md\/shop\/uncategorized\/casio-g-shock-gmd-s5600-7er\/"},"modified":"2026-04-15T20:13:20","modified_gmt":"2026-04-15T17:13:20","slug":"casio-g-shock-gmd-s5600-7er","status":"publish","type":"product","link":"https:\/\/ceasuri.md\/ru\/shop\/branduri\/casio\/casio-g-shock-gmd-s5600-7er\/","title":{"rendered":"Ceas CASIO G-SHOCK GMD-S5600-7ER"},"content":{"rendered":"<p>G-Shock este ceasul pentru sportivii extremi\u0219ti \u0219i pentru pasiona\u021bii de activit\u0103\u021bi \u00een aer liber. Aceste modele &#8222;indestructibile&#8221; sunt fabricate din materiale ultra-rezistente pentru a asigura protec\u021bie \u0219i rezisten\u021b\u0103 de \u00eencredere.<\/p>\n<p>Func\u021bionalitatea G-Shock este, de asemenea, impresionant\u0103: ceasuri au un calendar automat, alarm\u0103, cronometru, indicator al orei mondiale, iluminare automat\u0103 a fundalului, iar unele au \u0219i o agend\u0103 de adrese.<\/p>\n<p>V\u0103 prezent\u0103m linia emblematic\u0103 5600 de ceasuri G-SHOCK, acum \u00eentr-o dimensiune sub\u021bire \u0219i compact\u0103, care este at\u00e2t de u\u0219or de purtat.<\/p>\n<p>Depunerea de vapori de sticl\u0103 creeaz\u0103 un cadran metalic care str\u0103luce\u0219te de individualitate, accentuat cu butoane laterale \u0219i cataram\u0103 din metal pentru un aspect sofisticat \u0219i special.<\/p>\n<p>Cu indicatoarele de mod simple de pe cadran, asociate cu banda plat\u0103, ave\u021bi tot ce v\u0103 trebuie pentru a face o declara\u021bie original\u0103 cu acest design elegant \u0219i aerodinamic.<\/p>","protected":false},"excerpt":{"rendered":"<p>G-Shock este ceasul pentru sportivii extremi\u0219ti \u0219i pentru pasiona\u021bii de activit\u0103\u021bi \u00een aer liber. Aceste modele &#8222;indestructibile&#8221; sunt fabricate din materiale ultra-rezistente pentru a asigura protec\u021bie \u0219i rezisten\u021b\u0103 de \u00eencredere. Func\u021bionalitatea G-Shock este, de asemenea, impresionant\u0103: ceasuri au un calendar automat, alarm\u0103, cronometru, indicator al orei mondiale, iluminare automat\u0103 a fundalului, iar unele au \u0219i [&hellip;]<\/p>\n","protected":false},"featured_media":48447,"comment_status":"closed","ping_status":"open","template":"","meta":{"_acf_changed":false},"product_brand":[],"product_cat":[27,25,419],"product_tag":[],"class_list":{"0":"post-48446","1":"product","2":"type-product","3":"status-publish","4":"has-post-thumbnail","6":"product_cat-casio","7":"product_cat-ceasuri-dama","8":"product_cat-g-shock","9":"pa_brand-casio","10":"pa_brand-g-shock","11":"pa_braslet-cauciuc","12":"pa_corpus-41x46mm","13":"pa_forma-octogonala","14":"pa_funcii-alarma","15":"pa_funcii-calendar","16":"pa_funcii-cronometru","17":"pa_funcii-data","18":"pa_funcii-iluminare","19":"pa_funcii-ziua-saptamanii","20":"pa_garatia-24-luni","21":"pa_korpus-alb","22":"pa_kvarc-quartz","23":"pa_material-plastic","24":"pa_mehanizm-electronic","25":"pa_remeshok-alb","26":"pa_steklo-cristal-mineral","27":"pa_strana-japonia","28":"pa_voda-20-atm","30":"first","31":"instock","32":"purchasable","33":"product-type-simple"},"acf":[],"_links":{"self":[{"href":"https:\/\/ceasuri.md\/ru\/wp-json\/wp\/v2\/product\/48446","targetHints":{"allow":["GET"]}}],"collection":[{"href":"https:\/\/ceasuri.md\/ru\/wp-json\/wp\/v2\/product"}],"about":[{"href":"https:\/\/ceasuri.md\/ru\/wp-json\/wp\/v2\/types\/product"}],"replies":[{"embeddable":true,"href":"https:\/\/ceasuri.md\/ru\/wp-json\/wp\/v2\/comments?post=48446"}],"wp:featuredmedia":[{"embeddable":true,"href":"https:\/\/ceasuri.md\/ru\/wp-json\/wp\/v2\/media\/48447"}],"wp:attachment":[{"href":"https:\/\/ceasuri.md\/ru\/wp-json\/wp\/v2\/media?parent=48446"}],"wp:term":[{"taxonomy":"product_brand","embeddable":true,"href":"https:\/\/ceasuri.md\/ru\/wp-json\/wp\/v2\/product_brand?post=48446"},{"taxonomy":"product_cat","embeddable":true,"href":"https:\/\/ceasuri.md\/ru\/wp-json\/wp\/v2\/product_cat?post=48446"},{"taxonomy":"product_tag","embeddable":true,"href":"https:\/\/ceasuri.md\/ru\/wp-json\/wp\/v2\/product_tag?post=48446"}],"curies":[{"name":"wp","href":"https:\/\/api.w.org\/{rel}","templated":true}]}}