{"id":48438,"date":"2026-04-02T23:08:07","date_gmt":"2026-04-02T20:08:07","guid":{"rendered":"http:\/\/new.ceasuri.md\/shop\/uncategorized\/casio-edifice-efr-573db-1a\/"},"modified":"2026-04-17T14:08:57","modified_gmt":"2026-04-17T11:08:57","slug":"casio-edifice-efr-573db-1a","status":"publish","type":"product","link":"https:\/\/ceasuri.md\/ru\/shop\/branduri\/casio\/casio-edifice-efr-573db-1a\/","title":{"rendered":"Ceas CASIO EDIFICE EFR-573DB-1A"},"content":{"rendered":"<p>Edifice este o gam\u0103 de ceasuri combinate \u0219i analogice.<\/p>\n<p>Este disponibil\u0103 o gam\u0103 larg\u0103 de op\u021biuni at\u00e2t pentru cei c\u0103rora le plac modelele neobi\u0219nuite, c\u00e2t \u0219i pentru cei c\u0103rora le place elegan\u021ba clasic\u0103.<\/p>\n<p>Carcasa din o\u021bel inoxidabil asigur\u0103 rezisten\u021b\u0103 \u0219i o durat\u0103 de utilizare \u00eendelungat\u0103.<\/p>\n<p>\u00cendr\u0103zni\u021bi cu un cronograf sportiv care eman\u0103 for\u021b\u0103 robust\u0103.<\/p>\n<p>Indicii gro\u0219i \u0219i cadranele \u00eencastrate completeaz\u0103 designul aerodinamic.<\/p>\n<p>Luneta cu placare cu ioni negri rezistent\u0103 la zg\u00e2rieturi \u0219i cadranul negru proiecteaz\u0103 \u00eencredere ne\u00eenfricat\u0103, iar acele \u0219i accentele verzi ofer\u0103 o not\u0103 suplimentar\u0103 de originalitate.<\/p>","protected":false},"excerpt":{"rendered":"<p>Edifice este o gam\u0103 de ceasuri combinate \u0219i analogice. Este disponibil\u0103 o gam\u0103 larg\u0103 de op\u021biuni at\u00e2t pentru cei c\u0103rora le plac modelele neobi\u0219nuite, c\u00e2t \u0219i pentru cei c\u0103rora le place elegan\u021ba clasic\u0103. Carcasa din o\u021bel inoxidabil asigur\u0103 rezisten\u021b\u0103 \u0219i o durat\u0103 de utilizare \u00eendelungat\u0103. \u00cendr\u0103zni\u021bi cu un cronograf sportiv care eman\u0103 for\u021b\u0103 robust\u0103. Indicii [&hellip;]<\/p>\n","protected":false},"featured_media":48439,"comment_status":"closed","ping_status":"open","template":"","meta":{"_acf_changed":false},"product_brand":[],"product_cat":[27,20,536],"product_tag":[],"class_list":{"0":"post-48438","1":"product","2":"type-product","3":"status-publish","4":"has-post-thumbnail","6":"product_cat-casio","7":"product_cat-ceasuri-barbati","8":"product_cat-edifice","9":"pa_brand-casio","10":"pa_brand-edifice","11":"pa_braslet-otel-inoxidabil","12":"pa_corpus-47-mm","13":"pa_forma-rotund","14":"pa_funcii-cronograf","15":"pa_funcii-data","16":"pa_garatia-24-luni","17":"pa_korpus-argintiu","18":"pa_kvarc-quartz","19":"pa_material-otel-inoxidabil","20":"pa_mehanizm-quartz","21":"pa_remeshok-argintiu","22":"pa_steklo-cristal-mineral","23":"pa_strana-japonia","24":"pa_voda-10-atm","26":"first","27":"instock","28":"purchasable","29":"product-type-simple"},"acf":[],"_links":{"self":[{"href":"https:\/\/ceasuri.md\/ru\/wp-json\/wp\/v2\/product\/48438","targetHints":{"allow":["GET"]}}],"collection":[{"href":"https:\/\/ceasuri.md\/ru\/wp-json\/wp\/v2\/product"}],"about":[{"href":"https:\/\/ceasuri.md\/ru\/wp-json\/wp\/v2\/types\/product"}],"replies":[{"embeddable":true,"href":"https:\/\/ceasuri.md\/ru\/wp-json\/wp\/v2\/comments?post=48438"}],"wp:featuredmedia":[{"embeddable":true,"href":"https:\/\/ceasuri.md\/ru\/wp-json\/wp\/v2\/media\/48439"}],"wp:attachment":[{"href":"https:\/\/ceasuri.md\/ru\/wp-json\/wp\/v2\/media?parent=48438"}],"wp:term":[{"taxonomy":"product_brand","embeddable":true,"href":"https:\/\/ceasuri.md\/ru\/wp-json\/wp\/v2\/product_brand?post=48438"},{"taxonomy":"product_cat","embeddable":true,"href":"https:\/\/ceasuri.md\/ru\/wp-json\/wp\/v2\/product_cat?post=48438"},{"taxonomy":"product_tag","embeddable":true,"href":"https:\/\/ceasuri.md\/ru\/wp-json\/wp\/v2\/product_tag?post=48438"}],"curies":[{"name":"wp","href":"https:\/\/api.w.org\/{rel}","templated":true}]}}