{"id":48434,"date":"2026-04-02T23:07:19","date_gmt":"2026-04-02T20:07:19","guid":{"rendered":"http:\/\/new.ceasuri.md\/shop\/uncategorized\/casio-edifice-efs-s580db-1a\/"},"modified":"2026-04-07T04:26:33","modified_gmt":"2026-04-07T01:26:33","slug":"casio-edifice-efs-s580db-1a","status":"publish","type":"product","link":"https:\/\/ceasuri.md\/ru\/shop\/branduri\/casio\/casio-edifice-efs-s580db-1a\/","title":{"rendered":"Ceas CASIO EDIFICE EFS-S580DB-1A"},"content":{"rendered":"<p>Edifice este o gam\u0103 de ceasuri combinate \u0219i analogice. Este disponibil\u0103 o gam\u0103 larg\u0103 de op\u021biuni at\u00e2t pentru cei c\u0103rora le plac modelele neobi\u0219nuite, c\u00e2t \u0219i pentru cei c\u0103rora le place elegan\u021ba clasic\u0103.<\/p>\n<p>Carcasa din o\u021bel inoxidabil asigur\u0103 rezisten\u021b\u0103 \u0219i o durat\u0103 de utilizare \u00eendelungat\u0103.<\/p>\n<p>Un accesoriu sportiv de la Casio care v\u0103 va da \u00eencredere \u00een orice mediu.<\/p>\n<p>Alimentat cu energie solar\u0103, indicator de \u00eenc\u0103rcare a bateriei.<\/p>\n<p>\u00cenveli\u0219ul neobrit care absoarbe lumina continu\u0103 s\u0103 str\u0103luceasc\u0103 \u00een \u00eentuneric chiar \u0219i dup\u0103 o scurt\u0103 perioad\u0103 de timp \u00een lumin\u0103.<\/p>\n<p>Ceas cronograf cu cronometru cu precizie de 1s \u0219i timp de m\u0103surare de 10min. Indicator de minute cronograf retrograd.<\/p>\n<p>Cadran din carbon cu markeri de curs\u0103. Fereastr\u0103 pentru dat\u0103.<\/p>\n<p>Coroan\u0103 protejat\u0103. Fundul carcasei cu \u00eenchidere cu \u0219urub.<\/p>","protected":false},"excerpt":{"rendered":"<p>Edifice este o gam\u0103 de ceasuri combinate \u0219i analogice. Este disponibil\u0103 o gam\u0103 larg\u0103 de op\u021biuni at\u00e2t pentru cei c\u0103rora le plac modelele neobi\u0219nuite, c\u00e2t \u0219i pentru cei c\u0103rora le place elegan\u021ba clasic\u0103. Carcasa din o\u021bel inoxidabil asigur\u0103 rezisten\u021b\u0103 \u0219i o durat\u0103 de utilizare \u00eendelungat\u0103. Un accesoriu sportiv de la Casio care v\u0103 va da [&hellip;]<\/p>\n","protected":false},"featured_media":48435,"comment_status":"closed","ping_status":"open","template":"","meta":{"_acf_changed":false},"product_brand":[],"product_cat":[27,20,536],"product_tag":[],"class_list":{"0":"post-48434","1":"product","2":"type-product","3":"status-publish","4":"has-post-thumbnail","6":"product_cat-casio","7":"product_cat-ceasuri-barbati","8":"product_cat-edifice","9":"pa_brand-casio","10":"pa_brand-edifice","11":"pa_braslet-otel-inoxidabil","12":"pa_corpus-45-mm","13":"pa_forma-rotund","14":"pa_funcii-cronograf","15":"pa_funcii-data","16":"pa_garatia-24-luni","17":"pa_korpus-argintiu","18":"pa_material-otel-inoxidabil","19":"pa_mehanizm-baterie-solara","20":"pa_remeshok-argintiu","21":"pa_steklo-cristal-safir","22":"pa_strana-japonia","23":"pa_voda-10-atm","25":"first","26":"instock","27":"purchasable","28":"product-type-simple"},"acf":[],"_links":{"self":[{"href":"https:\/\/ceasuri.md\/ru\/wp-json\/wp\/v2\/product\/48434","targetHints":{"allow":["GET"]}}],"collection":[{"href":"https:\/\/ceasuri.md\/ru\/wp-json\/wp\/v2\/product"}],"about":[{"href":"https:\/\/ceasuri.md\/ru\/wp-json\/wp\/v2\/types\/product"}],"replies":[{"embeddable":true,"href":"https:\/\/ceasuri.md\/ru\/wp-json\/wp\/v2\/comments?post=48434"}],"wp:featuredmedia":[{"embeddable":true,"href":"https:\/\/ceasuri.md\/ru\/wp-json\/wp\/v2\/media\/48435"}],"wp:attachment":[{"href":"https:\/\/ceasuri.md\/ru\/wp-json\/wp\/v2\/media?parent=48434"}],"wp:term":[{"taxonomy":"product_brand","embeddable":true,"href":"https:\/\/ceasuri.md\/ru\/wp-json\/wp\/v2\/product_brand?post=48434"},{"taxonomy":"product_cat","embeddable":true,"href":"https:\/\/ceasuri.md\/ru\/wp-json\/wp\/v2\/product_cat?post=48434"},{"taxonomy":"product_tag","embeddable":true,"href":"https:\/\/ceasuri.md\/ru\/wp-json\/wp\/v2\/product_tag?post=48434"}],"curies":[{"name":"wp","href":"https:\/\/api.w.org\/{rel}","templated":true}]}}