{"id":48415,"date":"2026-04-02T23:07:19","date_gmt":"2026-04-02T20:07:19","guid":{"rendered":"http:\/\/new.ceasuri.md\/shop\/uncategorized\/seiko-sport-solar-ssc773p1\/"},"modified":"2026-04-20T01:12:08","modified_gmt":"2026-04-19T22:12:08","slug":"seiko-sport-solar-ssc773p1","status":"publish","type":"product","link":"https:\/\/ceasuri.md\/ru\/shop\/branduri\/seiko\/seiko-sport-solar-ssc773p1\/","title":{"rendered":"\u0427\u0430\u0441\u044b SEIKO SPORT SOLAR SSC773P1"},"content":{"rendered":"<p>Seiko reprezint\u0103 o simbioz\u0103 cu purt\u0103torul \u0219i cu stilul s\u0103u de via\u021b\u0103, ceasul \u00eentruchipeaz\u0103 spiritul avangardist al \u0219i know-how-ul unei m\u0103rci asociate dintotdeauna cu inovarea tehnologiei revolu\u021bionare de ceasornic\u0103rie din \u00eentreaga lume.<\/p>\n<p>Linia de ceasuri Seiko este o demonstra\u021bie a spiritului avangardist \u0219i o dovad\u0103 de autenticitate. Fiecare ceas desemneaz\u0103 identitatea categoric\u0103.<\/p>\n<p>Ceasurile acestei m\u0103rci au o func\u021bionalitate esen\u021bial\u0103.<\/p>","protected":false},"excerpt":{"rendered":"<p>Seiko reprezint\u0103 o simbioz\u0103 cu purt\u0103torul \u0219i cu stilul s\u0103u de via\u021b\u0103, ceasul \u00eentruchipeaz\u0103 spiritul avangardist al \u0219i know-how-ul unei m\u0103rci asociate dintotdeauna cu inovarea tehnologiei revolu\u021bionare de ceasornic\u0103rie din \u00eentreaga lume. Linia de ceasuri Seiko este o demonstra\u021bie a spiritului avangardist \u0219i o dovad\u0103 de autenticitate. Fiecare ceas desemneaz\u0103 identitatea categoric\u0103. Ceasurile acestei m\u0103rci [&hellip;]<\/p>\n","protected":false},"featured_media":48416,"comment_status":"closed","ping_status":"open","template":"","meta":{"_acf_changed":false},"product_brand":[],"product_cat":[20,588],"product_tag":[],"class_list":{"0":"post-48415","1":"product","2":"type-product","3":"status-publish","4":"has-post-thumbnail","6":"product_cat-ceasuri-barbati","7":"product_cat-seiko","8":"pa_brand-seiko","9":"pa_braslet-otel-inoxidabil","10":"pa_corpus-41-mm","11":"pa_forma-rotund","12":"pa_funcii-cronograf","13":"pa_funcii-cronometru","14":"pa_funcii-data","15":"pa_funcii-tahimetru","16":"pa_funcii-total-black","17":"pa_garatia-24-luni","18":"pa_korpus-negru","19":"pa_kvarc-quartz","20":"pa_material-otel-inoxidabil","21":"pa_mehanizm-baterie-solara","22":"pa_mehanizm-quartz","23":"pa_remeshok-negru","24":"pa_steklo-cristal-safir","25":"pa_strana-japonia","26":"pa_voda-10-atm","28":"first","29":"instock","30":"purchasable","31":"product-type-simple"},"acf":[],"_links":{"self":[{"href":"https:\/\/ceasuri.md\/ru\/wp-json\/wp\/v2\/product\/48415","targetHints":{"allow":["GET"]}}],"collection":[{"href":"https:\/\/ceasuri.md\/ru\/wp-json\/wp\/v2\/product"}],"about":[{"href":"https:\/\/ceasuri.md\/ru\/wp-json\/wp\/v2\/types\/product"}],"replies":[{"embeddable":true,"href":"https:\/\/ceasuri.md\/ru\/wp-json\/wp\/v2\/comments?post=48415"}],"wp:featuredmedia":[{"embeddable":true,"href":"https:\/\/ceasuri.md\/ru\/wp-json\/wp\/v2\/media\/48416"}],"wp:attachment":[{"href":"https:\/\/ceasuri.md\/ru\/wp-json\/wp\/v2\/media?parent=48415"}],"wp:term":[{"taxonomy":"product_brand","embeddable":true,"href":"https:\/\/ceasuri.md\/ru\/wp-json\/wp\/v2\/product_brand?post=48415"},{"taxonomy":"product_cat","embeddable":true,"href":"https:\/\/ceasuri.md\/ru\/wp-json\/wp\/v2\/product_cat?post=48415"},{"taxonomy":"product_tag","embeddable":true,"href":"https:\/\/ceasuri.md\/ru\/wp-json\/wp\/v2\/product_tag?post=48415"}],"curies":[{"name":"wp","href":"https:\/\/api.w.org\/{rel}","templated":true}]}}