{"id":48340,"date":"2026-04-02T23:06:27","date_gmt":"2026-04-02T20:06:27","guid":{"rendered":"http:\/\/new.ceasuri.md\/shop\/uncategorized\/seiko-prospex-spb151j1\/"},"modified":"2026-04-07T04:26:13","modified_gmt":"2026-04-07T01:26:13","slug":"seiko-prospex-spb151j1","status":"publish","type":"product","link":"https:\/\/ceasuri.md\/ru\/shop\/branduri\/seiko\/seiko-prospex-spb151j1\/","title":{"rendered":"Ceas SEIKO PROSPEX SPB151J1"},"content":{"rendered":"<p>Un ceas japonez Seiko nu \u00ee\u0219i va pierde niciodat\u0103 relevan\u021ba datorit\u0103 preciziei sale \u00eenalte, designului inteligent \u0219i tehnologiei inovatoare.<\/p>\n<p>Acest accesoriu de brand este potrivit at\u00e2t pentru purt\u0103torii de afaceri, c\u00e2t \u0219i pentru cei casual, care prefer\u0103 hainele sport sau blugii. Versatilitatea modelului \u00eei permite s\u0103 fie combinat cu orice stil.<\/p>\n<p>Totul la acest ceas de m\u00e2n\u0103 este perfect &#8211; culoare, aten\u021bia la detalii \u0219i stilul original.<\/p>\n<p>Precizia mi\u0219c\u0103rii este asigurat\u0103 de mi\u0219c\u0103ri interne, care m\u0103soar\u0103 timpul cu o eroare minim\u0103.<\/p>\n<p>Ceasul este fabricat \u0219i asamblat exclusiv \u00een Japonia.<\/p>","protected":false},"excerpt":{"rendered":"<p>Un ceas japonez Seiko nu \u00ee\u0219i va pierde niciodat\u0103 relevan\u021ba datorit\u0103 preciziei sale \u00eenalte, designului inteligent \u0219i tehnologiei inovatoare. Acest accesoriu de brand este potrivit at\u00e2t pentru purt\u0103torii de afaceri, c\u00e2t \u0219i pentru cei casual, care prefer\u0103 hainele sport sau blugii. Versatilitatea modelului \u00eei permite s\u0103 fie combinat cu orice stil. Totul la acest ceas [&hellip;]<\/p>\n","protected":false},"featured_media":48341,"comment_status":"closed","ping_status":"open","template":"","meta":{"_acf_changed":false},"product_brand":[],"product_cat":[20,106,588],"product_tag":[],"class_list":{"0":"post-48340","1":"product","2":"type-product","3":"status-publish","4":"has-post-thumbnail","6":"product_cat-ceasuri-barbati","7":"product_cat-ceasuri-premium","8":"product_cat-seiko","9":"pa_brand-seiko","10":"pa_braslet-otel-inoxidabil","11":"pa_corpus-42-mm","12":"pa_forma-rotund","13":"pa_funcii-data","14":"pa_garatia-24-luni","15":"pa_korpus-argintiu","16":"pa_material-otel-inoxidabil","17":"pa_mehanizm-mecanic","18":"pa_mehanizm-mecanism-automatic","19":"pa_remeshok-argintiu","20":"pa_steklo-cristal-safir","21":"pa_strana-japonia","22":"pa_voda-20-atm","24":"first","25":"instock","26":"purchasable","27":"product-type-simple"},"acf":[],"_links":{"self":[{"href":"https:\/\/ceasuri.md\/ru\/wp-json\/wp\/v2\/product\/48340","targetHints":{"allow":["GET"]}}],"collection":[{"href":"https:\/\/ceasuri.md\/ru\/wp-json\/wp\/v2\/product"}],"about":[{"href":"https:\/\/ceasuri.md\/ru\/wp-json\/wp\/v2\/types\/product"}],"replies":[{"embeddable":true,"href":"https:\/\/ceasuri.md\/ru\/wp-json\/wp\/v2\/comments?post=48340"}],"wp:featuredmedia":[{"embeddable":true,"href":"https:\/\/ceasuri.md\/ru\/wp-json\/wp\/v2\/media\/48341"}],"wp:attachment":[{"href":"https:\/\/ceasuri.md\/ru\/wp-json\/wp\/v2\/media?parent=48340"}],"wp:term":[{"taxonomy":"product_brand","embeddable":true,"href":"https:\/\/ceasuri.md\/ru\/wp-json\/wp\/v2\/product_brand?post=48340"},{"taxonomy":"product_cat","embeddable":true,"href":"https:\/\/ceasuri.md\/ru\/wp-json\/wp\/v2\/product_cat?post=48340"},{"taxonomy":"product_tag","embeddable":true,"href":"https:\/\/ceasuri.md\/ru\/wp-json\/wp\/v2\/product_tag?post=48340"}],"curies":[{"name":"wp","href":"https:\/\/api.w.org\/{rel}","templated":true}]}}