{"id":48324,"date":"2023-03-25T18:07:57","date_gmt":"2023-03-25T16:07:57","guid":{"rendered":"http:\/\/new.ceasuri.md\/shop\/uncategorized\/anne-klein-metals-ak-3750nmrg\/"},"modified":"2026-05-01T17:42:59","modified_gmt":"2026-05-01T14:42:59","slug":"anne-klein-metals-ak-3750nmrg","status":"publish","type":"product","link":"https:\/\/ceasuri.md\/ru\/shop\/branduri\/anne-klein\/anne-klein-metals-ak-3750nmrg\/","title":{"rendered":"\u0427\u0430\u0441\u044b ANNE KLEIN METALS AK\/3750NMRG"},"content":{"rendered":"<p>Acest ceas br\u0103\u021bar\u0103 practic este ideal pentru femeia de afaceri energic\u0103 \u0219i hot\u0103r\u00e2t\u0103 care arat\u0103 \u00eentotdeauna bine.<\/p>\n<p>Ceas feminin cu cuar\u021b \u00eentr-o carcas\u0103 rotund\u0103 din metal cu cristal mineral.<\/p>\n<p>Cadranul este decorat cu o frumoas\u0103 nuc\u0103 de nuc\u0103 cu logo-ul Anne Klein la ora 12. Marcaje sub form\u0103 de liniu\u021be \u0219i cifre romane.<\/p>\n<p>Coroan\u0103 canelat\u0103. Br\u0103\u021bar\u0103 cu \u00eenchidere bijuterie.<\/p>","protected":false},"excerpt":{"rendered":"<p>Acest ceas br\u0103\u021bar\u0103 practic este ideal pentru femeia de afaceri energic\u0103 \u0219i hot\u0103r\u00e2t\u0103 care arat\u0103 \u00eentotdeauna bine. Ceas feminin cu cuar\u021b \u00eentr-o carcas\u0103 rotund\u0103 din metal cu cristal mineral. Cadranul este decorat cu o frumoas\u0103 nuc\u0103 de nuc\u0103 cu logo-ul Anne Klein la ora 12. Marcaje sub form\u0103 de liniu\u021be \u0219i cifre romane. Coroan\u0103 canelat\u0103. [&hellip;]<\/p>\n","protected":false},"featured_media":48325,"comment_status":"closed","ping_status":"open","template":"","meta":{"_acf_changed":false},"product_brand":[],"product_cat":[573,25],"product_tag":[],"class_list":{"0":"post-48324","1":"product","2":"type-product","3":"status-publish","4":"has-post-thumbnail","6":"product_cat-anne-klein","7":"product_cat-ceasuri-dama","8":"pa_brand-anne-klein","9":"pa_braslet-otel-inoxidabil","10":"pa_corpus-37-mm","11":"pa_forma-rotund","12":"pa_garatia-24-luni","13":"pa_korpus-roz-gold","14":"pa_kvarc-quartz","15":"pa_material-alama","16":"pa_mehanizm-quartz","17":"pa_remeshok-roz-gold","18":"pa_steklo-cristal-mineral","19":"pa_strana-sua","20":"pa_voda-3-atm","22":"first","23":"instock","24":"purchasable","25":"product-type-simple"},"acf":[],"_links":{"self":[{"href":"https:\/\/ceasuri.md\/ru\/wp-json\/wp\/v2\/product\/48324","targetHints":{"allow":["GET"]}}],"collection":[{"href":"https:\/\/ceasuri.md\/ru\/wp-json\/wp\/v2\/product"}],"about":[{"href":"https:\/\/ceasuri.md\/ru\/wp-json\/wp\/v2\/types\/product"}],"replies":[{"embeddable":true,"href":"https:\/\/ceasuri.md\/ru\/wp-json\/wp\/v2\/comments?post=48324"}],"wp:featuredmedia":[{"embeddable":true,"href":"https:\/\/ceasuri.md\/ru\/wp-json\/wp\/v2\/media\/48325"}],"wp:attachment":[{"href":"https:\/\/ceasuri.md\/ru\/wp-json\/wp\/v2\/media?parent=48324"}],"wp:term":[{"taxonomy":"product_brand","embeddable":true,"href":"https:\/\/ceasuri.md\/ru\/wp-json\/wp\/v2\/product_brand?post=48324"},{"taxonomy":"product_cat","embeddable":true,"href":"https:\/\/ceasuri.md\/ru\/wp-json\/wp\/v2\/product_cat?post=48324"},{"taxonomy":"product_tag","embeddable":true,"href":"https:\/\/ceasuri.md\/ru\/wp-json\/wp\/v2\/product_tag?post=48324"}],"curies":[{"name":"wp","href":"https:\/\/api.w.org\/{rel}","templated":true}]}}