{"id":48074,"date":"2026-04-02T23:03:59","date_gmt":"2026-04-02T20:03:59","guid":{"rendered":"http:\/\/new.ceasuri.md\/shop\/uncategorized\/michael-kors-premium-bracelet-mkj7830710-m\/"},"modified":"2026-04-20T01:11:22","modified_gmt":"2026-04-19T22:11:22","slug":"michael-kors-premium-bracelet-mkj7830710-m","status":"publish","type":"product","link":"https:\/\/ceasuri.md\/ru\/shop\/accesorii\/accesorii-dama\/bratari\/michael-kors-premium-bracelet-mkj7830710-m\/","title":{"rendered":"MICHAEL KORS PREMIUM BRACELET MKJ7830710 M"},"content":{"rendered":"<p>Compania american\u0103 Michael Kors a fost \u00eenfiin\u021bat\u0103 \u00een 1981 \u0219i a fost numit\u0103 \u00een onoarea fondatorului s\u0103u. De mai bine de 30 de ani, sub conducerea sa, designerii brandului au lucrat la crearea unor colec\u021bii de haine \u0219i accesorii elegante. Potrivit lui Michael Kors \u00eensu\u0219i, bijuteriile lor sunt concepute pentru fashionistele urbane care urm\u0103resc tendin\u021bele modei \u0219i care doresc s\u0103 fie mereu \u00een trend.<\/p>\n<p>Cu toate acestea, tendin\u021bele \u00een materie de bijuterii sunt dictate nu numai de mod\u0103 \u0219i de sezonalitate, ci \u0219i de designerii m\u0103rcii \u00eense\u0219i. Forme geometrice simple, diferite nuan\u021be de metale, pietre str\u0103lucitoare \u0219i, bine\u00een\u021beles, logo-ul emblematic al brandului &#8211; acestea sunt clasicele moderne!<\/p>","protected":false},"excerpt":{"rendered":"<p>Compania american\u0103 Michael Kors a fost \u00eenfiin\u021bat\u0103 \u00een 1981 \u0219i a fost numit\u0103 \u00een onoarea fondatorului s\u0103u. De mai bine de 30 de ani, sub conducerea sa, designerii brandului au lucrat la crearea unor colec\u021bii de haine \u0219i accesorii elegante. Potrivit lui Michael Kors \u00eensu\u0219i, bijuteriile lor sunt concepute pentru fashionistele urbane care urm\u0103resc tendin\u021bele [&hellip;]<\/p>\n","protected":false},"featured_media":48075,"comment_status":"closed","ping_status":"open","template":"","meta":{"_acf_changed":false},"product_brand":[],"product_cat":[577,616],"product_tag":[],"class_list":{"0":"post-48074","1":"product","2":"type-product","3":"status-publish","4":"has-post-thumbnail","6":"product_cat-bratari","7":"product_cat-michael-kors","8":"pa_brand-michael-kors","9":"pa_corpus-59-mm","10":"pa_korpus-auriu","11":"pa_korpus-maro","12":"pa_material-otel-inoxidabil","13":"pa_remeshok-auriu","14":"pa_remeshok-maro","15":"pa_strana-sua","17":"first","18":"instock","19":"purchasable","20":"product-type-simple"},"acf":[],"_links":{"self":[{"href":"https:\/\/ceasuri.md\/ru\/wp-json\/wp\/v2\/product\/48074","targetHints":{"allow":["GET"]}}],"collection":[{"href":"https:\/\/ceasuri.md\/ru\/wp-json\/wp\/v2\/product"}],"about":[{"href":"https:\/\/ceasuri.md\/ru\/wp-json\/wp\/v2\/types\/product"}],"replies":[{"embeddable":true,"href":"https:\/\/ceasuri.md\/ru\/wp-json\/wp\/v2\/comments?post=48074"}],"wp:featuredmedia":[{"embeddable":true,"href":"https:\/\/ceasuri.md\/ru\/wp-json\/wp\/v2\/media\/48075"}],"wp:attachment":[{"href":"https:\/\/ceasuri.md\/ru\/wp-json\/wp\/v2\/media?parent=48074"}],"wp:term":[{"taxonomy":"product_brand","embeddable":true,"href":"https:\/\/ceasuri.md\/ru\/wp-json\/wp\/v2\/product_brand?post=48074"},{"taxonomy":"product_cat","embeddable":true,"href":"https:\/\/ceasuri.md\/ru\/wp-json\/wp\/v2\/product_cat?post=48074"},{"taxonomy":"product_tag","embeddable":true,"href":"https:\/\/ceasuri.md\/ru\/wp-json\/wp\/v2\/product_tag?post=48074"}],"curies":[{"name":"wp","href":"https:\/\/api.w.org\/{rel}","templated":true}]}}