{"id":47959,"date":"2026-04-02T23:02:24","date_gmt":"2026-04-02T20:02:24","guid":{"rendered":"http:\/\/new.ceasuri.md\/shop\/uncategorized\/fossil-scarlette-es5259\/"},"modified":"2026-04-07T04:24:48","modified_gmt":"2026-04-07T01:24:48","slug":"fossil-scarlette-es5259","status":"publish","type":"product","link":"https:\/\/ceasuri.md\/ru\/shop\/branduri\/fossil\/fossil-scarlette-es5259\/","title":{"rendered":"Ceas FOSSIL SCARLETTE ES5259"},"content":{"rendered":"<p>Stilul Fossil se bazeaz\u0103 pe un mix \u00eentre moda anilor &#8217;50 \u0219i elemente moderne ultra-tenden\u021bioase.<\/p>\n<p>Fossil s-a orientat \u00eentotdeauna mai mult spre tineret \u0219i a fost deschis spre idei \u0219i inova\u021bii inepuizabile.<\/p>\n<p>\u00cen acela\u0219i timp, colec\u021biile ofer\u0103 modele clasice pentru cei conservatori. Modelele \u00eentruchipeaz\u0103 optimismul \u0219i libertatea american\u0103.<\/p>\n<p>Designurile creative ale sunt lipsite de aspectul ostentativ \u0219i au ca scop crearea unei personalit\u0103\u021bi la mod\u0103.<\/p>\n<p>Ceasurile Fossil sunt concepute pentru persoanele care doresc un accesoriu de mod\u0103 cu func\u021bionalitate \u0219i caracter practic modern.<\/p>","protected":false},"excerpt":{"rendered":"<p>Stilul Fossil se bazeaz\u0103 pe un mix \u00eentre moda anilor &#8217;50 \u0219i elemente moderne ultra-tenden\u021bioase. Fossil s-a orientat \u00eentotdeauna mai mult spre tineret \u0219i a fost deschis spre idei \u0219i inova\u021bii inepuizabile. \u00cen acela\u0219i timp, colec\u021biile ofer\u0103 modele clasice pentru cei conservatori. Modelele \u00eentruchipeaz\u0103 optimismul \u0219i libertatea american\u0103. Designurile creative ale sunt lipsite de aspectul [&hellip;]<\/p>\n","protected":false},"featured_media":47960,"comment_status":"closed","ping_status":"open","template":"","meta":{"_acf_changed":false},"product_brand":[],"product_cat":[25,396],"product_tag":[],"class_list":{"0":"post-47959","1":"product","2":"type-product","3":"status-publish","4":"has-post-thumbnail","6":"product_cat-ceasuri-dama","7":"product_cat-fossil","8":"pa_brand-fossil","9":"pa_braslet-otel-inoxidabil","10":"pa_corpus-38-mm","11":"pa_forma-rotund","12":"pa_funcii-data","13":"pa_garatia-24-luni","14":"pa_korpus-argintiu","15":"pa_korpus-auriu","16":"pa_material-otel-inoxidabil","17":"pa_mehanizm-quartz","18":"pa_remeshok-argintiu","19":"pa_remeshok-auriu","20":"pa_steklo-cristal-mineral","21":"pa_strana-sua","22":"pa_voda-5-atm","24":"first","25":"instock","26":"purchasable","27":"product-type-simple"},"acf":[],"_links":{"self":[{"href":"https:\/\/ceasuri.md\/ru\/wp-json\/wp\/v2\/product\/47959","targetHints":{"allow":["GET"]}}],"collection":[{"href":"https:\/\/ceasuri.md\/ru\/wp-json\/wp\/v2\/product"}],"about":[{"href":"https:\/\/ceasuri.md\/ru\/wp-json\/wp\/v2\/types\/product"}],"replies":[{"embeddable":true,"href":"https:\/\/ceasuri.md\/ru\/wp-json\/wp\/v2\/comments?post=47959"}],"wp:featuredmedia":[{"embeddable":true,"href":"https:\/\/ceasuri.md\/ru\/wp-json\/wp\/v2\/media\/47960"}],"wp:attachment":[{"href":"https:\/\/ceasuri.md\/ru\/wp-json\/wp\/v2\/media?parent=47959"}],"wp:term":[{"taxonomy":"product_brand","embeddable":true,"href":"https:\/\/ceasuri.md\/ru\/wp-json\/wp\/v2\/product_brand?post=47959"},{"taxonomy":"product_cat","embeddable":true,"href":"https:\/\/ceasuri.md\/ru\/wp-json\/wp\/v2\/product_cat?post=47959"},{"taxonomy":"product_tag","embeddable":true,"href":"https:\/\/ceasuri.md\/ru\/wp-json\/wp\/v2\/product_tag?post=47959"}],"curies":[{"name":"wp","href":"https:\/\/api.w.org\/{rel}","templated":true}]}}