{"id":47915,"date":"2026-04-02T23:02:24","date_gmt":"2026-04-02T20:02:24","guid":{"rendered":"http:\/\/new.ceasuri.md\/shop\/uncategorized\/diesel-spiked-dz4627\/"},"modified":"2026-04-07T04:24:38","modified_gmt":"2026-04-07T01:24:38","slug":"diesel-spiked-dz4627","status":"publish","type":"product","link":"https:\/\/ceasuri.md\/ru\/shop\/branduri\/diesel\/diesel-spiked-dz4627\/","title":{"rendered":"Ceas DIESEL SPIKED DZ4627"},"content":{"rendered":"<p>Designul ceasurilor Diesel poate fi descris \u00een doar dou\u0103 cuvinte: \u00eendr\u0103zne\u021b \u0219i provocator.<\/p>\n<p>Brandul a dovedit de mult timp c\u0103 crea\u021biile sale sunt dincolo de concuren\u021b\u0103, \u00eendr\u0103zne\u021be \u0219i curajoase, cu un sim\u021b urban.<\/p>\n<p>Diesel se distinge de restul lumii modei prin cadranul s\u0103u mare, uneori supradimensionat. Ideea este simpl\u0103: ceasul este vizibil \u0219i u\u0219or de recunoscut.<\/p>\n<p>Marca se joac\u0103 cu o varietate de materiale, cum ar fi pielea, o\u021belul, plasticul, cauciucul, precum \u0219i cu construc\u021bia ceasurilor \u0219i a mi\u0219c\u0103rilor.<\/p>","protected":false},"excerpt":{"rendered":"<p>Designul ceasurilor Diesel poate fi descris \u00een doar dou\u0103 cuvinte: \u00eendr\u0103zne\u021b \u0219i provocator. Brandul a dovedit de mult timp c\u0103 crea\u021biile sale sunt dincolo de concuren\u021b\u0103, \u00eendr\u0103zne\u021be \u0219i curajoase, cu un sim\u021b urban. Diesel se distinge de restul lumii modei prin cadranul s\u0103u mare, uneori supradimensionat. Ideea este simpl\u0103: ceasul este vizibil \u0219i u\u0219or de [&hellip;]<\/p>\n","protected":false},"featured_media":47916,"comment_status":"closed","ping_status":"open","template":"","meta":{"_acf_changed":false},"product_brand":[],"product_cat":[20,580],"product_tag":[],"class_list":{"0":"post-47915","1":"product","2":"type-product","3":"status-publish","4":"has-post-thumbnail","6":"product_cat-ceasuri-barbati","7":"product_cat-diesel","8":"pa_brand-diesel","9":"pa_braslet-otel-inoxidabil","10":"pa_corpus-49-mm","11":"pa_forma-rotund","12":"pa_funcii-cronograf","13":"pa_funcii-data","14":"pa_garatia-24-luni","15":"pa_korpus-argintiu","16":"pa_material-otel-inoxidabil","17":"pa_mehanizm-quartz","18":"pa_remeshok-argintiu","19":"pa_remeshok-auriu","20":"pa_steklo-cristal-mineral","21":"pa_strana-italia","22":"pa_voda-5-atm","24":"first","25":"instock","26":"purchasable","27":"product-type-simple"},"acf":[],"_links":{"self":[{"href":"https:\/\/ceasuri.md\/ru\/wp-json\/wp\/v2\/product\/47915","targetHints":{"allow":["GET"]}}],"collection":[{"href":"https:\/\/ceasuri.md\/ru\/wp-json\/wp\/v2\/product"}],"about":[{"href":"https:\/\/ceasuri.md\/ru\/wp-json\/wp\/v2\/types\/product"}],"replies":[{"embeddable":true,"href":"https:\/\/ceasuri.md\/ru\/wp-json\/wp\/v2\/comments?post=47915"}],"wp:featuredmedia":[{"embeddable":true,"href":"https:\/\/ceasuri.md\/ru\/wp-json\/wp\/v2\/media\/47916"}],"wp:attachment":[{"href":"https:\/\/ceasuri.md\/ru\/wp-json\/wp\/v2\/media?parent=47915"}],"wp:term":[{"taxonomy":"product_brand","embeddable":true,"href":"https:\/\/ceasuri.md\/ru\/wp-json\/wp\/v2\/product_brand?post=47915"},{"taxonomy":"product_cat","embeddable":true,"href":"https:\/\/ceasuri.md\/ru\/wp-json\/wp\/v2\/product_cat?post=47915"},{"taxonomy":"product_tag","embeddable":true,"href":"https:\/\/ceasuri.md\/ru\/wp-json\/wp\/v2\/product_tag?post=47915"}],"curies":[{"name":"wp","href":"https:\/\/api.w.org\/{rel}","templated":true}]}}