{"id":47903,"date":"2026-04-02T23:02:24","date_gmt":"2026-04-02T20:02:24","guid":{"rendered":"http:\/\/new.ceasuri.md\/shop\/uncategorized\/armani-exchange-lola-ax5586\/"},"modified":"2026-04-17T14:06:03","modified_gmt":"2026-04-17T11:06:03","slug":"armani-exchange-lola-ax5586","status":"publish","type":"product","link":"https:\/\/ceasuri.md\/ru\/shop\/branduri\/armani-exchange\/armani-exchange-lola-ax5586\/","title":{"rendered":"Ceas ARMANI EXCHANGE LOLA AX5586"},"content":{"rendered":"<p>Marca Armani Exchange a combinat \u00een colec\u021biile sale accesorii potrivite pentru orice ocazie.<\/p>\n<p>Ceasurile Armani Exchange sunt de obicei sportive \u0219i casual, cu carcase din o\u021bel inoxidabil \u0219i cadrane originale cu curele elegante.<\/p>\n<p>Armani Exchange sunt o modalitate unic\u0103 de a v\u0103 exprima individualitatea \u00eentr-un mod elegant.<\/p>\n<p>Ast\u0103zi, marca ocup\u0103 o pozi\u021bie de lider printre companiile care ofer\u0103 produse la mod\u0103 pentru tineri.Prezente, moderne, pline de personalitate, intr-un stil urban super-cool.<\/p>","protected":false},"excerpt":{"rendered":"<p>Marca Armani Exchange a combinat \u00een colec\u021biile sale accesorii potrivite pentru orice ocazie. Ceasurile Armani Exchange sunt de obicei sportive \u0219i casual, cu carcase din o\u021bel inoxidabil \u0219i cadrane originale cu curele elegante. Armani Exchange sunt o modalitate unic\u0103 de a v\u0103 exprima individualitatea \u00eentr-un mod elegant. Ast\u0103zi, marca ocup\u0103 o pozi\u021bie de lider printre [&hellip;]<\/p>\n","protected":false},"featured_media":47904,"comment_status":"closed","ping_status":"open","template":"","meta":{"_acf_changed":false},"product_brand":[],"product_cat":[615,25],"product_tag":[],"class_list":{"0":"post-47903","1":"product","2":"type-product","3":"status-publish","4":"has-post-thumbnail","6":"product_cat-armani-exchange","7":"product_cat-ceasuri-dama","8":"pa_brand-armani-exchange","9":"pa_braslet-otel-inoxidabil","10":"pa_corpus-36-mm","11":"pa_decor-cristale-swarowski","12":"pa_forma-rotund","13":"pa_funcii-fazele-lunii","14":"pa_garatia-24-luni","15":"pa_korpus-auriu","16":"pa_kvarc-quartz","17":"pa_material-otel-inoxidabil","18":"pa_mehanizm-quartz","19":"pa_remeshok-auriu","20":"pa_steklo-cristal-mineral","21":"pa_strana-italia","22":"pa_voda-5-atm","24":"first","25":"instock","26":"purchasable","27":"product-type-simple"},"acf":[],"_links":{"self":[{"href":"https:\/\/ceasuri.md\/ru\/wp-json\/wp\/v2\/product\/47903","targetHints":{"allow":["GET"]}}],"collection":[{"href":"https:\/\/ceasuri.md\/ru\/wp-json\/wp\/v2\/product"}],"about":[{"href":"https:\/\/ceasuri.md\/ru\/wp-json\/wp\/v2\/types\/product"}],"replies":[{"embeddable":true,"href":"https:\/\/ceasuri.md\/ru\/wp-json\/wp\/v2\/comments?post=47903"}],"wp:featuredmedia":[{"embeddable":true,"href":"https:\/\/ceasuri.md\/ru\/wp-json\/wp\/v2\/media\/47904"}],"wp:attachment":[{"href":"https:\/\/ceasuri.md\/ru\/wp-json\/wp\/v2\/media?parent=47903"}],"wp:term":[{"taxonomy":"product_brand","embeddable":true,"href":"https:\/\/ceasuri.md\/ru\/wp-json\/wp\/v2\/product_brand?post=47903"},{"taxonomy":"product_cat","embeddable":true,"href":"https:\/\/ceasuri.md\/ru\/wp-json\/wp\/v2\/product_cat?post=47903"},{"taxonomy":"product_tag","embeddable":true,"href":"https:\/\/ceasuri.md\/ru\/wp-json\/wp\/v2\/product_tag?post=47903"}],"curies":[{"name":"wp","href":"https:\/\/api.w.org\/{rel}","templated":true}]}}