{"id":47855,"date":"2026-04-02T23:01:36","date_gmt":"2026-04-02T20:01:36","guid":{"rendered":"http:\/\/new.ceasuri.md\/shop\/uncategorized\/bulova-classic-98r230\/"},"modified":"2026-04-19T16:03:41","modified_gmt":"2026-04-19T13:03:41","slug":"bulova-classic-98r230","status":"publish","type":"product","link":"https:\/\/ceasuri.md\/ru\/shop\/branduri\/bulova\/bulova-classic-98r230\/","title":{"rendered":"\u0427\u0430\u0441\u044b BULOVA CLASSIC 98R230"},"content":{"rendered":"<p>Un ceas luxos cu diamante care v\u0103 va ajuta s\u0103 v\u0103 aduce\u021bi look-ul elegant la perfec\u021biune. Ceas de dam\u0103 din colec\u021bia Diamonds.<\/p>\n<p>Carcas\u0103 din o\u021bel inoxidabil de culoare aur roz, diamante t\u0103iate manual pe luneta \u0219i cadran maro. Cristal safir curbat.<\/p>\n<p>Br\u0103\u021bar\u0103 din o\u021bel inoxidabil de culoarea aurului roz cu \u00eenchidere pliabil\u0103 cu dou\u0103 butoane.<\/p>\n<p>Rezistent la ap\u0103 p\u00e2n\u0103 la 30 de metri.<\/p>","protected":false},"excerpt":{"rendered":"<p>Un ceas luxos cu diamante care v\u0103 va ajuta s\u0103 v\u0103 aduce\u021bi look-ul elegant la perfec\u021biune. Ceas de dam\u0103 din colec\u021bia Diamonds. Carcas\u0103 din o\u021bel inoxidabil de culoare aur roz, diamante t\u0103iate manual pe luneta \u0219i cadran maro. Cristal safir curbat. Br\u0103\u021bar\u0103 din o\u021bel inoxidabil de culoarea aurului roz cu \u00eenchidere pliabil\u0103 cu dou\u0103 butoane. [&hellip;]<\/p>\n","protected":false},"featured_media":47856,"comment_status":"closed","ping_status":"open","template":"","meta":{"_acf_changed":false},"product_brand":[],"product_cat":[624,25,106],"product_tag":[],"class_list":{"0":"post-47855","1":"product","2":"type-product","3":"status-publish","4":"has-post-thumbnail","6":"product_cat-bulova","7":"product_cat-ceasuri-dama","8":"product_cat-ceasuri-premium","9":"pa_brand-bulova","10":"pa_braslet-otel-inoxidabil","11":"pa_corpus-30-mm","12":"pa_decor-diamante","13":"pa_forma-rotund","14":"pa_garatia-24-luni","15":"pa_korpus-argintiu","16":"pa_korpus-roz-gold","17":"pa_kvarc-quartz","18":"pa_material-otel-inoxidabil","19":"pa_mehanizm-quartz","20":"pa_remeshok-argintiu","21":"pa_remeshok-roz-gold","22":"pa_steklo-cristal-safir","23":"pa_strana-sua","24":"pa_voda-3-atm","26":"first","27":"outofstock","28":"purchasable","29":"product-type-simple"},"acf":[],"_links":{"self":[{"href":"https:\/\/ceasuri.md\/ru\/wp-json\/wp\/v2\/product\/47855","targetHints":{"allow":["GET"]}}],"collection":[{"href":"https:\/\/ceasuri.md\/ru\/wp-json\/wp\/v2\/product"}],"about":[{"href":"https:\/\/ceasuri.md\/ru\/wp-json\/wp\/v2\/types\/product"}],"replies":[{"embeddable":true,"href":"https:\/\/ceasuri.md\/ru\/wp-json\/wp\/v2\/comments?post=47855"}],"wp:featuredmedia":[{"embeddable":true,"href":"https:\/\/ceasuri.md\/ru\/wp-json\/wp\/v2\/media\/47856"}],"wp:attachment":[{"href":"https:\/\/ceasuri.md\/ru\/wp-json\/wp\/v2\/media?parent=47855"}],"wp:term":[{"taxonomy":"product_brand","embeddable":true,"href":"https:\/\/ceasuri.md\/ru\/wp-json\/wp\/v2\/product_brand?post=47855"},{"taxonomy":"product_cat","embeddable":true,"href":"https:\/\/ceasuri.md\/ru\/wp-json\/wp\/v2\/product_cat?post=47855"},{"taxonomy":"product_tag","embeddable":true,"href":"https:\/\/ceasuri.md\/ru\/wp-json\/wp\/v2\/product_tag?post=47855"}],"curies":[{"name":"wp","href":"https:\/\/api.w.org\/{rel}","templated":true}]}}