{"id":47839,"date":"2023-02-19T10:03:56","date_gmt":"2023-02-19T08:03:56","guid":{"rendered":"http:\/\/new.ceasuri.md\/shop\/uncategorized\/bulova-marine-star-98r295\/"},"modified":"2026-05-01T17:37:54","modified_gmt":"2026-05-01T14:37:54","slug":"bulova-marine-star-98r295","status":"publish","type":"product","link":"https:\/\/ceasuri.md\/ru\/shop\/branduri\/bulova\/bulova-marine-star-98r295\/","title":{"rendered":"\u0427\u0430\u0441\u044b BULOVA MARINE STAR 98R295"},"content":{"rendered":"<p>Las\u0103-te purtat de elegan\u021ba f\u0103r\u0103 efort a acestui ceas de dam\u0103 bogat \u00een detalii, cu carcas\u0103 \u0219i br\u0103\u021bar\u0103 din o\u021bel inoxidabil de culoare aurie roz.<\/p>\n<p>Carcasa prezint\u0103 diamante montate manual individual pe un luneta de culoare aurie roz \u0219i este finisat\u0103 cu un cristal de safir \u0219i un cadran alb de mam\u0103-perl\u0103.<\/p>\n<p>Av\u00e2nd, de asemenea, o \u00eenchidere cu fermoar desf\u0103\u0219ur\u0103tor \u0219i rezisten\u021b\u0103 la ap\u0103 p\u00e2n\u0103 la 100 de metri, acest ceas must-have p\u0103streaz\u0103 timpul perfect, canaliz\u00e2nd \u00een acela\u0219i timp un farmec atemporal.<\/p>","protected":false},"excerpt":{"rendered":"<p>Las\u0103-te purtat de elegan\u021ba f\u0103r\u0103 efort a acestui ceas de dam\u0103 bogat \u00een detalii, cu carcas\u0103 \u0219i br\u0103\u021bar\u0103 din o\u021bel inoxidabil de culoare aurie roz. Carcasa prezint\u0103 diamante montate manual individual pe un luneta de culoare aurie roz \u0219i este finisat\u0103 cu un cristal de safir \u0219i un cadran alb de mam\u0103-perl\u0103. Av\u00e2nd, de asemenea, [&hellip;]<\/p>\n","protected":false},"featured_media":47840,"comment_status":"closed","ping_status":"open","template":"","meta":{"_acf_changed":false},"product_brand":[],"product_cat":[624,25,106],"product_tag":[],"class_list":{"0":"post-47839","1":"product","2":"type-product","3":"status-publish","4":"has-post-thumbnail","6":"product_cat-bulova","7":"product_cat-ceasuri-dama","8":"product_cat-ceasuri-premium","9":"pa_brand-bulova","10":"pa_braslet-otel-inoxidabil","11":"pa_corpus-32-mm","12":"pa_decor-diamante","13":"pa_forma-rotund","14":"pa_funcii-data","15":"pa_garatia-24-luni","16":"pa_korpus-roz-gold","17":"pa_kvarc-quartz","18":"pa_material-otel-inoxidabil","19":"pa_mehanizm-quartz","20":"pa_remeshok-roz-gold","21":"pa_steklo-cristal-safir","22":"pa_strana-sua","23":"pa_voda-10-atm","25":"first","26":"instock","27":"purchasable","28":"product-type-simple"},"acf":[],"_links":{"self":[{"href":"https:\/\/ceasuri.md\/ru\/wp-json\/wp\/v2\/product\/47839","targetHints":{"allow":["GET"]}}],"collection":[{"href":"https:\/\/ceasuri.md\/ru\/wp-json\/wp\/v2\/product"}],"about":[{"href":"https:\/\/ceasuri.md\/ru\/wp-json\/wp\/v2\/types\/product"}],"replies":[{"embeddable":true,"href":"https:\/\/ceasuri.md\/ru\/wp-json\/wp\/v2\/comments?post=47839"}],"wp:featuredmedia":[{"embeddable":true,"href":"https:\/\/ceasuri.md\/ru\/wp-json\/wp\/v2\/media\/47840"}],"wp:attachment":[{"href":"https:\/\/ceasuri.md\/ru\/wp-json\/wp\/v2\/media?parent=47839"}],"wp:term":[{"taxonomy":"product_brand","embeddable":true,"href":"https:\/\/ceasuri.md\/ru\/wp-json\/wp\/v2\/product_brand?post=47839"},{"taxonomy":"product_cat","embeddable":true,"href":"https:\/\/ceasuri.md\/ru\/wp-json\/wp\/v2\/product_cat?post=47839"},{"taxonomy":"product_tag","embeddable":true,"href":"https:\/\/ceasuri.md\/ru\/wp-json\/wp\/v2\/product_tag?post=47839"}],"curies":[{"name":"wp","href":"https:\/\/api.w.org\/{rel}","templated":true}]}}