{"id":47831,"date":"2026-04-02T23:01:36","date_gmt":"2026-04-02T20:01:36","guid":{"rendered":"http:\/\/new.ceasuri.md\/shop\/uncategorized\/casio-g-shock-gbd-200-2\/"},"modified":"2026-04-07T04:24:22","modified_gmt":"2026-04-07T01:24:22","slug":"casio-g-shock-gbd-200-2","status":"publish","type":"product","link":"https:\/\/ceasuri.md\/ru\/shop\/branduri\/casio\/casio-g-shock-gbd-200-2\/","title":{"rendered":"Ceas CASIO G-SHOCK GBD-200-2"},"content":{"rendered":"<p>Noul model digital G-Shock din seria GBD-200 \u00eentr-o carcas\u0103 albastr\u0103 str\u0103lucitoare cu un afi\u0219aj MIP negru.<\/p>\n<p>Pe l\u00e2ng\u0103 aspectul s\u0103u elegant, ceasul dispune de un pedometru \u0219i de func\u021bia Bluetooth.<\/p>\n<p>Bluetooth v\u0103 permite s\u0103 afi\u0219a\u021bi \u00een mod convenabil toate m\u0103sur\u0103torile de pe ceas pe ecranul smartphone-ului, precum \u0219i s\u0103 afi\u0219a\u021bi pe ceas notific\u0103rile privind apelurile, mesajele \u0219i e-mailurile primite.<\/p>\n<p>Pentru o acurate\u021be maxim\u0103 \u00een ceea ce prive\u0219te distan\u021ba parcurs\u0103 \u0219i detaliile traseului, ceasul GBD-200 poate utiliza GPS-ul smartphone-ului dumneavoastr\u0103.<\/p>\n<p>Alte caracteristici utile ale ceasului GBD-200 includ notific\u0103ri prin vibra\u021bii, cronometre \u0219i cronometre multifunc\u021bionale, precum \u0219i incasabilitatea standard G-Shock \u0219i rezisten\u021ba la ap\u0103 de p\u00e2n\u0103 la 200 de metri.<\/p>","protected":false},"excerpt":{"rendered":"<p>Noul model digital G-Shock din seria GBD-200 \u00eentr-o carcas\u0103 albastr\u0103 str\u0103lucitoare cu un afi\u0219aj MIP negru. Pe l\u00e2ng\u0103 aspectul s\u0103u elegant, ceasul dispune de un pedometru \u0219i de func\u021bia Bluetooth. Bluetooth v\u0103 permite s\u0103 afi\u0219a\u021bi \u00een mod convenabil toate m\u0103sur\u0103torile de pe ceas pe ecranul smartphone-ului, precum \u0219i s\u0103 afi\u0219a\u021bi pe ceas notific\u0103rile privind apelurile, [&hellip;]<\/p>\n","protected":false},"featured_media":47832,"comment_status":"closed","ping_status":"open","template":"","meta":{"_acf_changed":false},"product_brand":[],"product_cat":[27,20,419],"product_tag":[],"class_list":{"0":"post-47831","1":"product","2":"type-product","3":"status-publish","4":"has-post-thumbnail","6":"product_cat-casio","7":"product_cat-ceasuri-barbati","8":"product_cat-g-shock","9":"pa_brand-casio","10":"pa_brand-g-shock","11":"pa_braslet-cauciuc","12":"pa_corpus-46x48mm","13":"pa_forma-octogonala","14":"pa_funcii-accelerometru","15":"pa_funcii-alarma","16":"pa_funcii-bluetooth-smart","17":"pa_funcii-calendar","18":"pa_funcii-cronometru","19":"pa_funcii-iluminare","20":"pa_funcii-pedometru","21":"pa_funcii-timp-mondial","22":"pa_garatia-24-luni","23":"pa_korpus-albastru-inchis","24":"pa_material-cauciuc","25":"pa_mehanizm-electronic","26":"pa_remeshok-albastru-inchis","27":"pa_steklo-cristal-mineral","28":"pa_strana-japonia","29":"pa_voda-20-atm","31":"first","32":"instock","33":"purchasable","34":"product-type-simple"},"acf":[],"_links":{"self":[{"href":"https:\/\/ceasuri.md\/ru\/wp-json\/wp\/v2\/product\/47831","targetHints":{"allow":["GET"]}}],"collection":[{"href":"https:\/\/ceasuri.md\/ru\/wp-json\/wp\/v2\/product"}],"about":[{"href":"https:\/\/ceasuri.md\/ru\/wp-json\/wp\/v2\/types\/product"}],"replies":[{"embeddable":true,"href":"https:\/\/ceasuri.md\/ru\/wp-json\/wp\/v2\/comments?post=47831"}],"wp:featuredmedia":[{"embeddable":true,"href":"https:\/\/ceasuri.md\/ru\/wp-json\/wp\/v2\/media\/47832"}],"wp:attachment":[{"href":"https:\/\/ceasuri.md\/ru\/wp-json\/wp\/v2\/media?parent=47831"}],"wp:term":[{"taxonomy":"product_brand","embeddable":true,"href":"https:\/\/ceasuri.md\/ru\/wp-json\/wp\/v2\/product_brand?post=47831"},{"taxonomy":"product_cat","embeddable":true,"href":"https:\/\/ceasuri.md\/ru\/wp-json\/wp\/v2\/product_cat?post=47831"},{"taxonomy":"product_tag","embeddable":true,"href":"https:\/\/ceasuri.md\/ru\/wp-json\/wp\/v2\/product_tag?post=47831"}],"curies":[{"name":"wp","href":"https:\/\/api.w.org\/{rel}","templated":true}]}}