{"id":47817,"date":"2026-04-02T23:01:36","date_gmt":"2026-04-02T20:01:36","guid":{"rendered":"http:\/\/new.ceasuri.md\/shop\/uncategorized\/casio-g-shock-awg-m100a-1aer\/"},"modified":"2026-04-16T21:18:15","modified_gmt":"2026-04-16T18:18:15","slug":"casio-g-shock-awg-m100a-1aer","status":"publish","type":"product","link":"https:\/\/ceasuri.md\/ru\/shop\/branduri\/casio\/casio-g-shock-awg-m100a-1aer\/","title":{"rendered":"Ceas CASIO AWG-M100A-1AER G-Shock"},"content":{"rendered":"<p>Ceasul G-Shock cu tehnologie Multi Band 6, testat \u00een timp, \u00eentr-o nou\u0103 schem\u0103 de culori.<\/p>\n<p>Alimentat de Tough Solar. Func\u021bie automat\u0103 de economisire a energiei (dezactiveaz\u0103 afi\u0219ajul LCD). P\u00e2n\u0103 la 6 luni de autonomie a bateriei f\u0103r\u0103 re\u00eenc\u0103rcare.<\/p>\n<p>Tehnologia Multi Band 6 v\u0103 permite s\u0103 recep\u021biona\u021bi semnale de la \u0219ase turnuri radio situate \u00een diferite loca\u021bii de pe glob care transmit semnale de timp de la ceasuri atomice specifice.<\/p>\n<p>Ora mondial\u0103 &#8211; 48 de ora\u0219e (31 de fusuri orare). Func\u021bie de activare\/dezactivare a orei de var\u0103.<\/p>\n<p>Format de 12 \u0219i 24 de ore. Cronometru cu o precizie de 1\/100s \u0219i un timp de m\u0103surare de 1h. Cronometru cu num\u0103r\u0103toare invers\u0103 de la 1c la 100min.<\/p>\n<p>Func\u021bie de mi\u0219care a m\u00e2inii. Func\u021bie de activare\/dezactivare a sunetului.<\/p>\n<p>Luneta din o\u021bel cu acoperire IP.<\/p>","protected":false},"excerpt":{"rendered":"<p>Ceasul G-Shock cu tehnologie Multi Band 6, testat \u00een timp, \u00eentr-o nou\u0103 schem\u0103 de culori. Alimentat de Tough Solar. Func\u021bie automat\u0103 de economisire a energiei (dezactiveaz\u0103 afi\u0219ajul LCD). P\u00e2n\u0103 la 6 luni de autonomie a bateriei f\u0103r\u0103 re\u00eenc\u0103rcare. Tehnologia Multi Band 6 v\u0103 permite s\u0103 recep\u021biona\u021bi semnale de la \u0219ase turnuri radio situate \u00een diferite [&hellip;]<\/p>\n","protected":false},"featured_media":47818,"comment_status":"closed","ping_status":"open","template":"","meta":{"_acf_changed":false},"product_brand":[],"product_cat":[27,20,419],"product_tag":[],"class_list":{"0":"post-47817","1":"product","2":"type-product","3":"status-publish","4":"has-post-thumbnail","6":"product_cat-casio","7":"product_cat-ceasuri-barbati","8":"product_cat-g-shock","9":"pa_brand-casio","10":"pa_brand-g-shock","11":"pa_braslet-cauciuc","12":"pa_corpus-46-mm","13":"pa_forma-rotund","14":"pa_funcii-alarma","15":"pa_funcii-calendar","16":"pa_funcii-cronometru","17":"pa_funcii-dual-time","18":"pa_funcii-iluminare","19":"pa_funcii-rezerva-de-energie","20":"pa_funcii-timp-mondial","21":"pa_garatia-24-luni","22":"pa_korpus-negru","23":"pa_kvarc-quartz","24":"pa_material-otel-inoxidabil","25":"pa_material-plastic","26":"pa_mehanizm-baterie-solara","27":"pa_remeshok-negru","28":"pa_steklo-cristal-mineral","29":"pa_strana-japonia","30":"pa_voda-20-atm","32":"first","33":"instock","34":"purchasable","35":"product-type-simple"},"acf":[],"_links":{"self":[{"href":"https:\/\/ceasuri.md\/ru\/wp-json\/wp\/v2\/product\/47817","targetHints":{"allow":["GET"]}}],"collection":[{"href":"https:\/\/ceasuri.md\/ru\/wp-json\/wp\/v2\/product"}],"about":[{"href":"https:\/\/ceasuri.md\/ru\/wp-json\/wp\/v2\/types\/product"}],"replies":[{"embeddable":true,"href":"https:\/\/ceasuri.md\/ru\/wp-json\/wp\/v2\/comments?post=47817"}],"wp:featuredmedia":[{"embeddable":true,"href":"https:\/\/ceasuri.md\/ru\/wp-json\/wp\/v2\/media\/47818"}],"wp:attachment":[{"href":"https:\/\/ceasuri.md\/ru\/wp-json\/wp\/v2\/media?parent=47817"}],"wp:term":[{"taxonomy":"product_brand","embeddable":true,"href":"https:\/\/ceasuri.md\/ru\/wp-json\/wp\/v2\/product_brand?post=47817"},{"taxonomy":"product_cat","embeddable":true,"href":"https:\/\/ceasuri.md\/ru\/wp-json\/wp\/v2\/product_cat?post=47817"},{"taxonomy":"product_tag","embeddable":true,"href":"https:\/\/ceasuri.md\/ru\/wp-json\/wp\/v2\/product_tag?post=47817"}],"curies":[{"name":"wp","href":"https:\/\/api.w.org\/{rel}","templated":true}]}}