{"id":47806,"date":"2026-04-02T23:00:46","date_gmt":"2026-04-02T20:00:46","guid":{"rendered":"http:\/\/new.ceasuri.md\/shop\/uncategorized\/casio-g-shock-ga-b2100-1aer\/"},"modified":"2026-04-20T01:10:35","modified_gmt":"2026-04-19T22:10:35","slug":"casio-g-shock-ga-b2100-1aer","status":"publish","type":"product","link":"https:\/\/ceasuri.md\/ru\/shop\/branduri\/casio\/casio-g-shock-ga-b2100-1aer\/","title":{"rendered":"\u0427\u0430\u0441\u044b CASIO G-SHOCK GA-B2100-1AER"},"content":{"rendered":"<p>Model elegant cu sincronizare Bluetooth cu smartphone-ul \u0219i panou solar.<\/p>\n<p>Alimentat de Tough Solar &#8211; baterii solare de mare putere. Indicator de \u00eenc\u0103rcare a bateriei.<\/p>\n<p>Structur\u0103 Carbon Core Guard. Carcasa din plastic rezistent la \u0219ocuri cu fibre de carbon este mai durabil\u0103 \u0219i, \u00een acela\u0219i timp, mai u\u0219oar\u0103. Acela\u0219i material protejeaz\u0103 modulul intern de deteriorare \u0219i deformare \u00een timpul \u0219ocurilor.<\/p>\n<p>Iluminare dubl\u0103: cadranul \u0219i LCD-urile sunt iluminate de un LED, datorit\u0103 func\u021biei de \u00eent\u00e2rziere, iluminarea r\u0103m\u00e2ne aprins\u0103 pentru \u00eenc\u0103 c\u00e2teva secunde dup\u0103 ce butonul este eliberat.<\/p>\n<p>Tehnologie wireless Bluetooth\u00ae cu consum ultra-redus de energie pentru sincronizarea cu un smartphone. Atunci c\u00e2nd este conectat la un smartphone, ceasul ajusteaz\u0103 automat ora curent\u0103, inclusiv ora de iarn\u0103\/var\u0103, \u0219i copiaz\u0103 set\u0103rile orei mondiale pentru peste 300 de ora\u0219e. Dispune de func\u021bia de c\u0103utare a telefonului, mute\/unmute \u0219i mi\u0219carea m\u00e2inii pentru vizualizarea f\u0103r\u0103 obstacole a informa\u021biilor de pe afi\u0219ajele digitale.<\/p>\n<p>Ceasul are un design minimalist cu mici accente luminoase pe cadran, \u00een timp ce m\u00e2inile albe contrastante pe cadranul negru asigur\u0103 o utilizare extrem de ergonomic\u0103 a ceasului.<\/p>\n<p>O alt\u0103 caracteristic\u0103 a ceasului este fixarea convenabil\u0103 a curelei, datorit\u0103 c\u0103reia schimbarea curelei dureaz\u0103 acum doar c\u00e2teva secunde.<\/p>\n<p>Rezistent la ap\u0103 p\u00e2n\u0103 la 20 bar.<\/p>","protected":false},"excerpt":{"rendered":"<p>Model elegant cu sincronizare Bluetooth cu smartphone-ul \u0219i panou solar. Alimentat de Tough Solar &#8211; baterii solare de mare putere. Indicator de \u00eenc\u0103rcare a bateriei. Structur\u0103 Carbon Core Guard. Carcasa din plastic rezistent la \u0219ocuri cu fibre de carbon este mai durabil\u0103 \u0219i, \u00een acela\u0219i timp, mai u\u0219oar\u0103. Acela\u0219i material protejeaz\u0103 modulul intern de deteriorare [&hellip;]<\/p>\n","protected":false},"featured_media":47807,"comment_status":"closed","ping_status":"open","template":"","meta":{"_acf_changed":false},"product_brand":[],"product_cat":[27,20,419],"product_tag":[],"class_list":{"0":"post-47806","1":"product","2":"type-product","3":"status-publish","4":"has-post-thumbnail","6":"product_cat-casio","7":"product_cat-ceasuri-barbati","8":"product_cat-g-shock","9":"pa_brand-casio","10":"pa_brand-g-shock","11":"pa_braslet-cauciuc","12":"pa_corpus-45x49mm","13":"pa_forma-octogonala","14":"pa_funcii-alarma","15":"pa_funcii-bluetooth-smart","16":"pa_funcii-calendar","17":"pa_funcii-cronometru","18":"pa_funcii-iluminare","19":"pa_funcii-rezerva-de-energie","20":"pa_funcii-timp-mondial","21":"pa_funcii-total-black","22":"pa_funcii-ziua-saptamanii","23":"pa_garatia-24-luni","24":"pa_korpus-negru","25":"pa_kvarc-quartz","26":"pa_material-carbon","27":"pa_material-plastic","28":"pa_mehanizm-baterie-solara","29":"pa_remeshok-negru","30":"pa_steklo-cristal-mineral","31":"pa_strana-japonia","32":"pa_voda-20-atm","34":"first","35":"outofstock","36":"purchasable","37":"product-type-simple"},"acf":[],"_links":{"self":[{"href":"https:\/\/ceasuri.md\/ru\/wp-json\/wp\/v2\/product\/47806","targetHints":{"allow":["GET"]}}],"collection":[{"href":"https:\/\/ceasuri.md\/ru\/wp-json\/wp\/v2\/product"}],"about":[{"href":"https:\/\/ceasuri.md\/ru\/wp-json\/wp\/v2\/types\/product"}],"replies":[{"embeddable":true,"href":"https:\/\/ceasuri.md\/ru\/wp-json\/wp\/v2\/comments?post=47806"}],"wp:featuredmedia":[{"embeddable":true,"href":"https:\/\/ceasuri.md\/ru\/wp-json\/wp\/v2\/media\/47807"}],"wp:attachment":[{"href":"https:\/\/ceasuri.md\/ru\/wp-json\/wp\/v2\/media?parent=47806"}],"wp:term":[{"taxonomy":"product_brand","embeddable":true,"href":"https:\/\/ceasuri.md\/ru\/wp-json\/wp\/v2\/product_brand?post=47806"},{"taxonomy":"product_cat","embeddable":true,"href":"https:\/\/ceasuri.md\/ru\/wp-json\/wp\/v2\/product_cat?post=47806"},{"taxonomy":"product_tag","embeddable":true,"href":"https:\/\/ceasuri.md\/ru\/wp-json\/wp\/v2\/product_tag?post=47806"}],"curies":[{"name":"wp","href":"https:\/\/api.w.org\/{rel}","templated":true}]}}