{"id":47802,"date":"2026-04-02T23:00:46","date_gmt":"2026-04-02T20:00:46","guid":{"rendered":"http:\/\/new.ceasuri.md\/shop\/uncategorized\/bulova-marine-star-98d175\/"},"modified":"2026-04-20T01:27:07","modified_gmt":"2026-04-19T22:27:07","slug":"bulova-marine-star-98d175","status":"publish","type":"product","link":"https:\/\/ceasuri.md\/ru\/shop\/branduri\/bulova\/bulova-marine-star-98d175\/","title":{"rendered":"\u0427\u0430\u0441\u044b BULOVA MARINE STAR 98D175"},"content":{"rendered":"<p>Din colec\u021bia Marine Star, acest ceas \u00eendr\u0103zne\u021b face o declara\u021bie de stil izbitoare cu detalii bogate.<\/p>\n<p>Designul de lux sportiv din o\u021bel inoxidabil \u00een dou\u0103 tonuri, argintiu \u0219i auriu, are un cadran negru sunray cu opt diamante montate individual manual, accente aurii, m\u00e2ini luminoase \u0219i un calendar.<\/p>\n<p>Acest ceas distinctiv pentru b\u0103rba\u021bi are, de asemenea, o \u00eenchidere cu cataram\u0103 deployant\u0103 \u0219i este rezistent la ap\u0103 p\u00e2n\u0103 la 100 de metri.<\/p>\n<p>Dac\u0103 sunte\u021bi \u00een c\u0103utarea unui ceas care s\u0103 ias\u0103 \u00een eviden\u021b\u0103, nu c\u0103uta\u021bi mai departe.<\/p>","protected":false},"excerpt":{"rendered":"<p>Din colec\u021bia Marine Star, acest ceas \u00eendr\u0103zne\u021b face o declara\u021bie de stil izbitoare cu detalii bogate. Designul de lux sportiv din o\u021bel inoxidabil \u00een dou\u0103 tonuri, argintiu \u0219i auriu, are un cadran negru sunray cu opt diamante montate individual manual, accente aurii, m\u00e2ini luminoase \u0219i un calendar. Acest ceas distinctiv pentru b\u0103rba\u021bi are, de asemenea, [&hellip;]<\/p>\n","protected":false},"featured_media":47803,"comment_status":"closed","ping_status":"open","template":"","meta":{"_acf_changed":false},"product_brand":[],"product_cat":[624,20],"product_tag":[],"class_list":{"0":"post-47802","1":"product","2":"type-product","3":"status-publish","4":"has-post-thumbnail","6":"product_cat-bulova","7":"product_cat-ceasuri-barbati","8":"pa_brand-bulova","9":"pa_braslet-otel-inoxidabil","10":"pa_corpus-44-mm","11":"pa_decor-diamante","12":"pa_forma-rotund","13":"pa_funcii-data","14":"pa_garatia-24-luni","15":"pa_korpus-argintiu","16":"pa_korpus-auriu","17":"pa_kvarc-quartz","18":"pa_material-otel-inoxidabil","19":"pa_mehanizm-quartz","20":"pa_remeshok-argintiu","21":"pa_remeshok-auriu","22":"pa_steklo-cristal-mineral","23":"pa_strana-sua","24":"pa_voda-10-atm","26":"first","27":"instock","28":"purchasable","29":"product-type-simple"},"acf":[],"_links":{"self":[{"href":"https:\/\/ceasuri.md\/ru\/wp-json\/wp\/v2\/product\/47802","targetHints":{"allow":["GET"]}}],"collection":[{"href":"https:\/\/ceasuri.md\/ru\/wp-json\/wp\/v2\/product"}],"about":[{"href":"https:\/\/ceasuri.md\/ru\/wp-json\/wp\/v2\/types\/product"}],"replies":[{"embeddable":true,"href":"https:\/\/ceasuri.md\/ru\/wp-json\/wp\/v2\/comments?post=47802"}],"wp:featuredmedia":[{"embeddable":true,"href":"https:\/\/ceasuri.md\/ru\/wp-json\/wp\/v2\/media\/47803"}],"wp:attachment":[{"href":"https:\/\/ceasuri.md\/ru\/wp-json\/wp\/v2\/media?parent=47802"}],"wp:term":[{"taxonomy":"product_brand","embeddable":true,"href":"https:\/\/ceasuri.md\/ru\/wp-json\/wp\/v2\/product_brand?post=47802"},{"taxonomy":"product_cat","embeddable":true,"href":"https:\/\/ceasuri.md\/ru\/wp-json\/wp\/v2\/product_cat?post=47802"},{"taxonomy":"product_tag","embeddable":true,"href":"https:\/\/ceasuri.md\/ru\/wp-json\/wp\/v2\/product_tag?post=47802"}],"curies":[{"name":"wp","href":"https:\/\/api.w.org\/{rel}","templated":true}]}}