{"id":47798,"date":"2026-04-02T23:00:46","date_gmt":"2026-04-02T20:00:46","guid":{"rendered":"http:\/\/new.ceasuri.md\/shop\/uncategorized\/bulova-marine-star-98d176\/"},"modified":"2026-04-20T01:18:19","modified_gmt":"2026-04-19T22:18:19","slug":"bulova-marine-star-98d176","status":"publish","type":"product","link":"https:\/\/ceasuri.md\/ru\/shop\/branduri\/bulova\/bulova-marine-star-98d176\/","title":{"rendered":"\u0427\u0430\u0441\u044b BULOVA MARINE STAR 98D176"},"content":{"rendered":"<p>Din colec\u021bia Marine Star, acest ceas \u00eendr\u0103zne\u021b reprezint\u0103 o declara\u021bie de stil izbitoare.<\/p>\n<p>Designul sport de lux din o\u021bel inoxidabil negru placat cu ioni prezint\u0103 un cadran negru cu raze de soare, cu opt diamante montate individual manual \u0219i accente aurii, o carcas\u0103 cu inel superior exterior auriu, m\u00e2ini luminoase \u0219i un calendar.<\/p>\n<p>Acest ceas distinctiv pentru b\u0103rba\u021bi are, de asemenea, o \u00eenchidere cu cataram\u0103 deployant\u0103 \u0219i este rezistent la ap\u0103 p\u00e2n\u0103 la 100 de metri.<\/p>\n<p>Dac\u0103 sunte\u021bi \u00een c\u0103utarea unui ceas care s\u0103 ias\u0103 \u00een eviden\u021b\u0103, nu c\u0103uta\u021bi mai departe.<\/p>","protected":false},"excerpt":{"rendered":"<p>Din colec\u021bia Marine Star, acest ceas \u00eendr\u0103zne\u021b reprezint\u0103 o declara\u021bie de stil izbitoare. Designul sport de lux din o\u021bel inoxidabil negru placat cu ioni prezint\u0103 un cadran negru cu raze de soare, cu opt diamante montate individual manual \u0219i accente aurii, o carcas\u0103 cu inel superior exterior auriu, m\u00e2ini luminoase \u0219i un calendar. Acest ceas [&hellip;]<\/p>\n","protected":false},"featured_media":47799,"comment_status":"closed","ping_status":"open","template":"","meta":{"_acf_changed":false},"product_brand":[],"product_cat":[624,20],"product_tag":[],"class_list":{"0":"post-47798","1":"product","2":"type-product","3":"status-publish","4":"has-post-thumbnail","6":"product_cat-bulova","7":"product_cat-ceasuri-barbati","8":"pa_brand-bulova","9":"pa_braslet-otel-inoxidabil","10":"pa_corpus-44-mm","11":"pa_decor-diamante","12":"pa_forma-rotund","13":"pa_funcii-data","14":"pa_garatia-24-luni","15":"pa_korpus-auriu","16":"pa_korpus-negru","17":"pa_kvarc-quartz","18":"pa_material-otel-inoxidabil","19":"pa_mehanizm-quartz","20":"pa_remeshok-negru","21":"pa_steklo-cristal-mineral","22":"pa_strana-sua","23":"pa_voda-10-atm","25":"first","26":"instock","27":"purchasable","28":"product-type-simple"},"acf":[],"_links":{"self":[{"href":"https:\/\/ceasuri.md\/ru\/wp-json\/wp\/v2\/product\/47798","targetHints":{"allow":["GET"]}}],"collection":[{"href":"https:\/\/ceasuri.md\/ru\/wp-json\/wp\/v2\/product"}],"about":[{"href":"https:\/\/ceasuri.md\/ru\/wp-json\/wp\/v2\/types\/product"}],"replies":[{"embeddable":true,"href":"https:\/\/ceasuri.md\/ru\/wp-json\/wp\/v2\/comments?post=47798"}],"wp:featuredmedia":[{"embeddable":true,"href":"https:\/\/ceasuri.md\/ru\/wp-json\/wp\/v2\/media\/47799"}],"wp:attachment":[{"href":"https:\/\/ceasuri.md\/ru\/wp-json\/wp\/v2\/media?parent=47798"}],"wp:term":[{"taxonomy":"product_brand","embeddable":true,"href":"https:\/\/ceasuri.md\/ru\/wp-json\/wp\/v2\/product_brand?post=47798"},{"taxonomy":"product_cat","embeddable":true,"href":"https:\/\/ceasuri.md\/ru\/wp-json\/wp\/v2\/product_cat?post=47798"},{"taxonomy":"product_tag","embeddable":true,"href":"https:\/\/ceasuri.md\/ru\/wp-json\/wp\/v2\/product_tag?post=47798"}],"curies":[{"name":"wp","href":"https:\/\/api.w.org\/{rel}","templated":true}]}}