{"id":47794,"date":"2026-04-02T23:00:46","date_gmt":"2026-04-02T20:00:46","guid":{"rendered":"http:\/\/new.ceasuri.md\/shop\/uncategorized\/bulova-sutton-98p170\/"},"modified":"2026-04-20T01:27:10","modified_gmt":"2026-04-19T22:27:10","slug":"bulova-sutton-98p170","status":"publish","type":"product","link":"https:\/\/ceasuri.md\/ru\/shop\/branduri\/bulova\/bulova-sutton-98p170\/","title":{"rendered":"\u0427\u0430\u0441\u044b BULOVA SUTTON 98P170"},"content":{"rendered":"<p>Model nou din o\u021bel inoxidabil cu accente de aur roz, cu 5 diamante t\u0103iate manual pe un cadran alb din nuc\u0103 de perle.<\/p>\n<p>O mic\u0103 fereastr\u0103 de pe cadran dezv\u0103luie sufletul ceasului.<\/p>\n<p>Prin fereastra transparent\u0103 de pe cadran pute\u021bi urm\u0103ri mi\u0219carea ceasului. Mi\u0219carea are 21 de bijuterii. Rezerv\u0103 de putere de 40 de ore.<\/p>\n<p>Capac spate transparent.<\/p>\n<p>Br\u0103\u021bar\u0103 cu \u00eenchidere pliabil\u0103.<\/p>","protected":false},"excerpt":{"rendered":"<p>Model nou din o\u021bel inoxidabil cu accente de aur roz, cu 5 diamante t\u0103iate manual pe un cadran alb din nuc\u0103 de perle. O mic\u0103 fereastr\u0103 de pe cadran dezv\u0103luie sufletul ceasului. Prin fereastra transparent\u0103 de pe cadran pute\u021bi urm\u0103ri mi\u0219carea ceasului. Mi\u0219carea are 21 de bijuterii. Rezerv\u0103 de putere de 40 de ore. Capac [&hellip;]<\/p>\n","protected":false},"featured_media":47795,"comment_status":"closed","ping_status":"open","template":"","meta":{"_acf_changed":false},"product_brand":[],"product_cat":[624,25,106],"product_tag":[],"class_list":{"0":"post-47794","1":"product","2":"type-product","3":"status-publish","4":"has-post-thumbnail","6":"product_cat-bulova","7":"product_cat-ceasuri-dama","8":"product_cat-ceasuri-premium","9":"pa_brand-bulova","10":"pa_braslet-otel-inoxidabil","11":"pa_corpus-34-mm","12":"pa_decor-diamante","13":"pa_forma-rotund","14":"pa_funcii-semischelet","15":"pa_garatia-24-luni","16":"pa_korpus-argintiu","17":"pa_korpus-roz-gold","18":"pa_material-otel-inoxidabil","19":"pa_mehanizm-mecanic","20":"pa_mehanizm-mecanism-automatic","21":"pa_remeshok-argintiu","22":"pa_remeshok-roz-gold","23":"pa_steklo-cristal-safir","24":"pa_strana-sua","25":"pa_voda-3-atm","27":"first","28":"instock","29":"purchasable","30":"product-type-simple"},"acf":[],"_links":{"self":[{"href":"https:\/\/ceasuri.md\/ru\/wp-json\/wp\/v2\/product\/47794","targetHints":{"allow":["GET"]}}],"collection":[{"href":"https:\/\/ceasuri.md\/ru\/wp-json\/wp\/v2\/product"}],"about":[{"href":"https:\/\/ceasuri.md\/ru\/wp-json\/wp\/v2\/types\/product"}],"replies":[{"embeddable":true,"href":"https:\/\/ceasuri.md\/ru\/wp-json\/wp\/v2\/comments?post=47794"}],"wp:featuredmedia":[{"embeddable":true,"href":"https:\/\/ceasuri.md\/ru\/wp-json\/wp\/v2\/media\/47795"}],"wp:attachment":[{"href":"https:\/\/ceasuri.md\/ru\/wp-json\/wp\/v2\/media?parent=47794"}],"wp:term":[{"taxonomy":"product_brand","embeddable":true,"href":"https:\/\/ceasuri.md\/ru\/wp-json\/wp\/v2\/product_brand?post=47794"},{"taxonomy":"product_cat","embeddable":true,"href":"https:\/\/ceasuri.md\/ru\/wp-json\/wp\/v2\/product_cat?post=47794"},{"taxonomy":"product_tag","embeddable":true,"href":"https:\/\/ceasuri.md\/ru\/wp-json\/wp\/v2\/product_tag?post=47794"}],"curies":[{"name":"wp","href":"https:\/\/api.w.org\/{rel}","templated":true}]}}