{"id":47787,"date":"2026-04-02T23:00:46","date_gmt":"2026-04-02T20:00:46","guid":{"rendered":"http:\/\/new.ceasuri.md\/shop\/uncategorized\/bulova-surveyor-98p207\/"},"modified":"2026-04-20T01:27:11","modified_gmt":"2026-04-19T22:27:11","slug":"bulova-surveyor-98p207","status":"publish","type":"product","link":"https:\/\/ceasuri.md\/ru\/shop\/branduri\/bulova\/bulova-surveyor-98p207\/","title":{"rendered":"Ceas BULOVA SURVEYOR 98P207"},"content":{"rendered":"<p>Linia clasic\u0103 Surveyor de la Bulova a fost actualizat\u0103 cu un ceas de dam\u0103 Dress Sport. Acest ceas bicolor, \u00een tonuri de aur roz \u0219i argintiu, are o carcas\u0103 \u0219i o br\u0103\u021bar\u0103 din o\u021bel inoxidabil cu un aer elegant.<\/p>\n<p>Cadranul alb din mam\u0103 de perl\u0103 alb\u0103 este \u00eencrustat manual cu 11 diamante pentru a oferi at\u00e2t aspectul, c\u00e2t \u0219i senza\u021bia unui ceas de lux.<\/p>\n<p>Acest ceas de calitate este bine f\u0103cut \u0219i frumos detaliat, ceea ce \u00eel face un accesoriu elegant pentru orice colec\u021bie.<\/p>","protected":false},"excerpt":{"rendered":"<p>Linia clasic\u0103 Surveyor de la Bulova a fost actualizat\u0103 cu un ceas de dam\u0103 Dress Sport. Acest ceas bicolor, \u00een tonuri de aur roz \u0219i argintiu, are o carcas\u0103 \u0219i o br\u0103\u021bar\u0103 din o\u021bel inoxidabil cu un aer elegant. Cadranul alb din mam\u0103 de perl\u0103 alb\u0103 este \u00eencrustat manual cu 11 diamante pentru a oferi [&hellip;]<\/p>\n","protected":false},"featured_media":47788,"comment_status":"closed","ping_status":"open","template":"","meta":{"_acf_changed":false},"product_brand":[],"product_cat":[624,25],"product_tag":[],"class_list":{"0":"post-47787","1":"product","2":"type-product","3":"status-publish","4":"has-post-thumbnail","6":"product_cat-bulova","7":"product_cat-ceasuri-dama","8":"pa_brand-bulova","9":"pa_braslet-otel-inoxidabil","10":"pa_corpus-32-mm","11":"pa_decor-diamante","12":"pa_forma-rotund","13":"pa_garatia-24-luni","14":"pa_korpus-argintiu","15":"pa_korpus-roz-gold","16":"pa_kvarc-quartz","17":"pa_material-otel-inoxidabil","18":"pa_mehanizm-quartz","19":"pa_remeshok-argintiu","20":"pa_remeshok-roz-gold","21":"pa_steklo-cristal-mineral","22":"pa_strana-sua","23":"pa_voda-3-atm","25":"first","26":"instock","27":"purchasable","28":"product-type-simple"},"acf":[],"_links":{"self":[{"href":"https:\/\/ceasuri.md\/ru\/wp-json\/wp\/v2\/product\/47787","targetHints":{"allow":["GET"]}}],"collection":[{"href":"https:\/\/ceasuri.md\/ru\/wp-json\/wp\/v2\/product"}],"about":[{"href":"https:\/\/ceasuri.md\/ru\/wp-json\/wp\/v2\/types\/product"}],"replies":[{"embeddable":true,"href":"https:\/\/ceasuri.md\/ru\/wp-json\/wp\/v2\/comments?post=47787"}],"wp:featuredmedia":[{"embeddable":true,"href":"https:\/\/ceasuri.md\/ru\/wp-json\/wp\/v2\/media\/47788"}],"wp:attachment":[{"href":"https:\/\/ceasuri.md\/ru\/wp-json\/wp\/v2\/media?parent=47787"}],"wp:term":[{"taxonomy":"product_brand","embeddable":true,"href":"https:\/\/ceasuri.md\/ru\/wp-json\/wp\/v2\/product_brand?post=47787"},{"taxonomy":"product_cat","embeddable":true,"href":"https:\/\/ceasuri.md\/ru\/wp-json\/wp\/v2\/product_cat?post=47787"},{"taxonomy":"product_tag","embeddable":true,"href":"https:\/\/ceasuri.md\/ru\/wp-json\/wp\/v2\/product_tag?post=47787"}],"curies":[{"name":"wp","href":"https:\/\/api.w.org\/{rel}","templated":true}]}}