{"id":47779,"date":"2026-04-02T23:00:46","date_gmt":"2026-04-02T20:00:46","guid":{"rendered":"http:\/\/new.ceasuri.md\/shop\/uncategorized\/bulova-marine-star-98b104\/"},"modified":"2026-04-20T01:26:59","modified_gmt":"2026-04-19T22:26:59","slug":"bulova-marine-star-98b104","status":"publish","type":"product","link":"https:\/\/ceasuri.md\/ru\/shop\/branduri\/bulova\/bulova-marine-star-98b104\/","title":{"rendered":"\u0427\u0430\u0441\u044b BULOVA MARINE STAR 98B104"},"content":{"rendered":"<p>Ceas cronograf cu cronometru. Format de timp de 12 \u0219i 24 de ore.<\/p>\n<p>Cronograf din o\u021bel inoxidabil de \u00eenalt\u0103 performan\u021b\u0103 cu placare cu ioni negri \u0219i aur roz.<\/p>\n<p>Cadran negru cu m\u00e2ini luminoase, data \u0219i subcadranele cronografului.<\/p>\n<p>Sticla mineral\u0103 protejeaz\u0103 cadranul.<\/p>\n<p>Caseback \u00een\u0219urubat \u0219i curea din cauciuc negru.<\/p>","protected":false},"excerpt":{"rendered":"<p>Ceas cronograf cu cronometru. Format de timp de 12 \u0219i 24 de ore. Cronograf din o\u021bel inoxidabil de \u00eenalt\u0103 performan\u021b\u0103 cu placare cu ioni negri \u0219i aur roz. Cadran negru cu m\u00e2ini luminoase, data \u0219i subcadranele cronografului. Sticla mineral\u0103 protejeaz\u0103 cadranul. Caseback \u00een\u0219urubat \u0219i curea din cauciuc negru.<\/p>","protected":false},"featured_media":47780,"comment_status":"closed","ping_status":"open","template":"","meta":{"_acf_changed":false},"product_brand":[],"product_cat":[624,20],"product_tag":[],"class_list":{"0":"post-47779","1":"product","2":"type-product","3":"status-publish","4":"has-post-thumbnail","6":"product_cat-bulova","7":"product_cat-ceasuri-barbati","8":"pa_brand-bulova","9":"pa_braslet-cauciuc","10":"pa_corpus-44-mm","11":"pa_forma-rotund","12":"pa_funcii-cronograf","13":"pa_funcii-data","14":"pa_garatia-24-luni","15":"pa_korpus-roz-gold","16":"pa_kvarc-quartz","17":"pa_material-otel-inoxidabil","18":"pa_mehanizm-quartz","19":"pa_remeshok-negru","20":"pa_steklo-cristal-mineral","21":"pa_strana-sua","22":"pa_voda-10-atm","24":"first","25":"instock","26":"purchasable","27":"product-type-simple"},"acf":[],"_links":{"self":[{"href":"https:\/\/ceasuri.md\/ru\/wp-json\/wp\/v2\/product\/47779","targetHints":{"allow":["GET"]}}],"collection":[{"href":"https:\/\/ceasuri.md\/ru\/wp-json\/wp\/v2\/product"}],"about":[{"href":"https:\/\/ceasuri.md\/ru\/wp-json\/wp\/v2\/types\/product"}],"replies":[{"embeddable":true,"href":"https:\/\/ceasuri.md\/ru\/wp-json\/wp\/v2\/comments?post=47779"}],"wp:featuredmedia":[{"embeddable":true,"href":"https:\/\/ceasuri.md\/ru\/wp-json\/wp\/v2\/media\/47780"}],"wp:attachment":[{"href":"https:\/\/ceasuri.md\/ru\/wp-json\/wp\/v2\/media?parent=47779"}],"wp:term":[{"taxonomy":"product_brand","embeddable":true,"href":"https:\/\/ceasuri.md\/ru\/wp-json\/wp\/v2\/product_brand?post=47779"},{"taxonomy":"product_cat","embeddable":true,"href":"https:\/\/ceasuri.md\/ru\/wp-json\/wp\/v2\/product_cat?post=47779"},{"taxonomy":"product_tag","embeddable":true,"href":"https:\/\/ceasuri.md\/ru\/wp-json\/wp\/v2\/product_tag?post=47779"}],"curies":[{"name":"wp","href":"https:\/\/api.w.org\/{rel}","templated":true}]}}