{"id":47775,"date":"2023-02-12T18:39:02","date_gmt":"2023-02-12T16:39:02","guid":{"rendered":"http:\/\/new.ceasuri.md\/shop\/uncategorized\/bulova-marine-star-98b350\/"},"modified":"2026-05-01T17:37:17","modified_gmt":"2026-05-01T14:37:17","slug":"bulova-marine-star-98b350","status":"publish","type":"product","link":"https:\/\/ceasuri.md\/ru\/shop\/branduri\/bulova\/bulova-marine-star-98b350\/","title":{"rendered":"\u0427\u0430\u0441\u044b BULOVA MARINE STAR 98B350"},"content":{"rendered":"<p>Combina\u021bi stilul \u0219i precizia cu acest cronograf b\u0103rb\u0103tesc cu \u0219ase m\u00e2ini \u0219i func\u021bie calendar.<\/p>\n<p>Carcasa din o\u021bel inoxidabil gri are un inel rotativ pentru m\u0103surarea timpului scurs \u0219i un cadran ro\u0219u \u00eendr\u0103zne\u021b cu m\u00e2ini \u0219i indicatoare luminoase pentru un aspect de inspira\u021bie nautic\u0103.<\/p>\n<p>Caracteristicile suplimentare includ un cristal mineral plat, o carcas\u0103 cu fund cu \u0219urub, o br\u0103\u021bar\u0103 din o\u021bel inoxidabil IP gri cu \u00eenchidere pliabil\u0103, bar\u0103 de siguran\u021b\u0103 \u0219i extensie, \u0219i rezisten\u021b\u0103 la ap\u0103 p\u00e2n\u0103 la 100 de metri.<\/p>","protected":false},"excerpt":{"rendered":"<p>Combina\u021bi stilul \u0219i precizia cu acest cronograf b\u0103rb\u0103tesc cu \u0219ase m\u00e2ini \u0219i func\u021bie calendar. Carcasa din o\u021bel inoxidabil gri are un inel rotativ pentru m\u0103surarea timpului scurs \u0219i un cadran ro\u0219u \u00eendr\u0103zne\u021b cu m\u00e2ini \u0219i indicatoare luminoase pentru un aspect de inspira\u021bie nautic\u0103. Caracteristicile suplimentare includ un cristal mineral plat, o carcas\u0103 cu fund cu [&hellip;]<\/p>\n","protected":false},"featured_media":47776,"comment_status":"closed","ping_status":"open","template":"","meta":{"_acf_changed":false},"product_brand":[],"product_cat":[624,20],"product_tag":[],"class_list":{"0":"post-47775","1":"product","2":"type-product","3":"status-publish","4":"has-post-thumbnail","6":"product_cat-bulova","7":"product_cat-ceasuri-barbati","8":"pa_brand-bulova","9":"pa_braslet-otel-inoxidabil","10":"pa_corpus-45-mm","11":"pa_forma-rotund","12":"pa_funcii-cronograf","13":"pa_funcii-data","14":"pa_garatia-24-luni","15":"pa_korpus-gri","16":"pa_kvarc-quartz","17":"pa_material-otel-inoxidabil","18":"pa_mehanizm-quartz","19":"pa_remeshok-gri","20":"pa_steklo-cristal-mineral","21":"pa_strana-sua","22":"pa_voda-10-atm","24":"first","25":"instock","26":"purchasable","27":"product-type-simple"},"acf":[],"_links":{"self":[{"href":"https:\/\/ceasuri.md\/ru\/wp-json\/wp\/v2\/product\/47775","targetHints":{"allow":["GET"]}}],"collection":[{"href":"https:\/\/ceasuri.md\/ru\/wp-json\/wp\/v2\/product"}],"about":[{"href":"https:\/\/ceasuri.md\/ru\/wp-json\/wp\/v2\/types\/product"}],"replies":[{"embeddable":true,"href":"https:\/\/ceasuri.md\/ru\/wp-json\/wp\/v2\/comments?post=47775"}],"wp:featuredmedia":[{"embeddable":true,"href":"https:\/\/ceasuri.md\/ru\/wp-json\/wp\/v2\/media\/47776"}],"wp:attachment":[{"href":"https:\/\/ceasuri.md\/ru\/wp-json\/wp\/v2\/media?parent=47775"}],"wp:term":[{"taxonomy":"product_brand","embeddable":true,"href":"https:\/\/ceasuri.md\/ru\/wp-json\/wp\/v2\/product_brand?post=47775"},{"taxonomy":"product_cat","embeddable":true,"href":"https:\/\/ceasuri.md\/ru\/wp-json\/wp\/v2\/product_cat?post=47775"},{"taxonomy":"product_tag","embeddable":true,"href":"https:\/\/ceasuri.md\/ru\/wp-json\/wp\/v2\/product_tag?post=47775"}],"curies":[{"name":"wp","href":"https:\/\/api.w.org\/{rel}","templated":true}]}}