{"id":47767,"date":"2026-04-02T23:00:46","date_gmt":"2026-04-02T20:00:46","guid":{"rendered":"http:\/\/new.ceasuri.md\/shop\/uncategorized\/bulova-icon-98d149\/"},"modified":"2026-04-20T01:27:06","modified_gmt":"2026-04-19T22:27:06","slug":"bulova-icon-98d149","status":"publish","type":"product","link":"https:\/\/ceasuri.md\/ru\/shop\/branduri\/bulova\/bulova-icon-98d149\/","title":{"rendered":"\u0427\u0430\u0441\u044b BULOVA ICON 98D149"},"content":{"rendered":"<p>Din colec\u021bia Icon Collection, cu cronometrare precis\u0103 la 1\/1000 de secund\u0103 \u0219i secund\u0103 cu baleiaj continuu.<\/p>\n<p>Ceas din o\u021bel inoxidabil IP gri cu accente de aur roz pe carcas\u0103 \u0219i br\u0103\u021bar\u0103.<\/p>\n<p>11 diamante montate manual individual pe cadranul bicolor negru\/gri cu func\u021bie de calendar.<\/p>\n<p>Sticl\u0103 mineral\u0103 curbat\u0103.<\/p>\n<p>Capac de carcas\u0103 cu \u0219urub.<\/p>\n<p>\u00cenchidere cu cataram\u0103 rabatabil\u0103 cu sistem de siguran\u021b\u0103 \u0219i prelungitor.<\/p>\n<p>Rezisten\u021b\u0103 la ap\u0103 p\u00e2n\u0103 la 300 de metri.<\/p>\n<p>Ac\u021bionat de mi\u0219carea Precisionist cu cristal de cuar\u021b, proprietate Bulovas, cu o frecven\u021b\u0103 de vibra\u021bie de 262 kHz &#8211; de opt ori mai mare dec\u00e2t cea a ceasurilor cu cuar\u021b standard &#8211; pentru o precizie de neegalat.<\/p>","protected":false},"excerpt":{"rendered":"<p>Din colec\u021bia Icon Collection, cu cronometrare precis\u0103 la 1\/1000 de secund\u0103 \u0219i secund\u0103 cu baleiaj continuu. Ceas din o\u021bel inoxidabil IP gri cu accente de aur roz pe carcas\u0103 \u0219i br\u0103\u021bar\u0103. 11 diamante montate manual individual pe cadranul bicolor negru\/gri cu func\u021bie de calendar. Sticl\u0103 mineral\u0103 curbat\u0103. Capac de carcas\u0103 cu \u0219urub. \u00cenchidere cu cataram\u0103 [&hellip;]<\/p>\n","protected":false},"featured_media":47768,"comment_status":"closed","ping_status":"open","template":"","meta":{"_acf_changed":false},"product_brand":[],"product_cat":[624,20,106],"product_tag":[],"class_list":{"0":"post-47767","1":"product","2":"type-product","3":"status-publish","4":"has-post-thumbnail","6":"product_cat-bulova","7":"product_cat-ceasuri-barbati","8":"product_cat-ceasuri-premium","9":"pa_brand-bulova","10":"pa_braslet-otel-inoxidabil","11":"pa_corpus-46-mm","12":"pa_decor-diamante","13":"pa_forma-rotund","14":"pa_funcii-data","15":"pa_garatia-24-luni","16":"pa_korpus-negru","17":"pa_korpus-roz-gold","18":"pa_kvarc-quartz","19":"pa_material-otel-inoxidabil","20":"pa_mehanizm-quartz","21":"pa_remeshok-negru","22":"pa_remeshok-roz-gold","23":"pa_steklo-cristal-mineral","24":"pa_strana-sua","25":"pa_voda-30-atm","27":"first","28":"instock","29":"purchasable","30":"product-type-simple"},"acf":[],"_links":{"self":[{"href":"https:\/\/ceasuri.md\/ru\/wp-json\/wp\/v2\/product\/47767","targetHints":{"allow":["GET"]}}],"collection":[{"href":"https:\/\/ceasuri.md\/ru\/wp-json\/wp\/v2\/product"}],"about":[{"href":"https:\/\/ceasuri.md\/ru\/wp-json\/wp\/v2\/types\/product"}],"replies":[{"embeddable":true,"href":"https:\/\/ceasuri.md\/ru\/wp-json\/wp\/v2\/comments?post=47767"}],"wp:featuredmedia":[{"embeddable":true,"href":"https:\/\/ceasuri.md\/ru\/wp-json\/wp\/v2\/media\/47768"}],"wp:attachment":[{"href":"https:\/\/ceasuri.md\/ru\/wp-json\/wp\/v2\/media?parent=47767"}],"wp:term":[{"taxonomy":"product_brand","embeddable":true,"href":"https:\/\/ceasuri.md\/ru\/wp-json\/wp\/v2\/product_brand?post=47767"},{"taxonomy":"product_cat","embeddable":true,"href":"https:\/\/ceasuri.md\/ru\/wp-json\/wp\/v2\/product_cat?post=47767"},{"taxonomy":"product_tag","embeddable":true,"href":"https:\/\/ceasuri.md\/ru\/wp-json\/wp\/v2\/product_tag?post=47767"}],"curies":[{"name":"wp","href":"https:\/\/api.w.org\/{rel}","templated":true}]}}