{"id":47759,"date":"2026-04-02T23:00:46","date_gmt":"2026-04-02T20:00:46","guid":{"rendered":"http:\/\/new.ceasuri.md\/shop\/uncategorized\/bulova-sutton-97p150\/"},"modified":"2026-04-15T20:10:07","modified_gmt":"2026-04-15T17:10:07","slug":"bulova-sutton-97p150","status":"publish","type":"product","link":"https:\/\/ceasuri.md\/ru\/shop\/branduri\/bulova\/bulova-sutton-97p150\/","title":{"rendered":"Ceas BULOVA SUTTON 97P150"},"content":{"rendered":"<p>Ceas elegant la \u00eencheietura unei femei pentru a sublinia gustul excelent al posesoarei sale.<\/p>\n<p>Ceas de m\u00e2n\u0103 pentru femei.<\/p>\n<p>Cadran alb cu marcaje cu liniu\u021be \u0219i puncte. Marcajul de la ora 12 are forma logo-ului Bulova.<\/p>\n<p>Sticl\u0103 mineral\u0103.<\/p>\n<p>Coroan\u0103 canelat\u0103.<\/p>\n<p>Br\u0103\u021bar\u0103 cu \u00eenchidere pliabil\u0103.<\/p>","protected":false},"excerpt":{"rendered":"<p>Ceas elegant la \u00eencheietura unei femei pentru a sublinia gustul excelent al posesoarei sale. Ceas de m\u00e2n\u0103 pentru femei. Cadran alb cu marcaje cu liniu\u021be \u0219i puncte. Marcajul de la ora 12 are forma logo-ului Bulova. Sticl\u0103 mineral\u0103. Coroan\u0103 canelat\u0103. Br\u0103\u021bar\u0103 cu \u00eenchidere pliabil\u0103.<\/p>","protected":false},"featured_media":47760,"comment_status":"closed","ping_status":"open","template":"","meta":{"_acf_changed":false},"product_brand":[],"product_cat":[624,25],"product_tag":[],"class_list":{"0":"post-47759","1":"product","2":"type-product","3":"status-publish","4":"has-post-thumbnail","6":"product_cat-bulova","7":"product_cat-ceasuri-dama","8":"pa_brand-bulova","9":"pa_braslet-otel-inoxidabil","10":"pa_corpus-28-mm","11":"pa_decor-diamante","12":"pa_forma-rotund","13":"pa_garatia-24-luni","14":"pa_korpus-auriu","15":"pa_kvarc-quartz","16":"pa_material-otel-inoxidabil","17":"pa_mehanizm-quartz","18":"pa_remeshok-auriu","19":"pa_steklo-cristal-mineral","20":"pa_strana-sua","21":"pa_voda-3-atm","23":"first","24":"instock","25":"purchasable","26":"product-type-simple"},"acf":[],"_links":{"self":[{"href":"https:\/\/ceasuri.md\/ru\/wp-json\/wp\/v2\/product\/47759","targetHints":{"allow":["GET"]}}],"collection":[{"href":"https:\/\/ceasuri.md\/ru\/wp-json\/wp\/v2\/product"}],"about":[{"href":"https:\/\/ceasuri.md\/ru\/wp-json\/wp\/v2\/types\/product"}],"replies":[{"embeddable":true,"href":"https:\/\/ceasuri.md\/ru\/wp-json\/wp\/v2\/comments?post=47759"}],"wp:featuredmedia":[{"embeddable":true,"href":"https:\/\/ceasuri.md\/ru\/wp-json\/wp\/v2\/media\/47760"}],"wp:attachment":[{"href":"https:\/\/ceasuri.md\/ru\/wp-json\/wp\/v2\/media?parent=47759"}],"wp:term":[{"taxonomy":"product_brand","embeddable":true,"href":"https:\/\/ceasuri.md\/ru\/wp-json\/wp\/v2\/product_brand?post=47759"},{"taxonomy":"product_cat","embeddable":true,"href":"https:\/\/ceasuri.md\/ru\/wp-json\/wp\/v2\/product_cat?post=47759"},{"taxonomy":"product_tag","embeddable":true,"href":"https:\/\/ceasuri.md\/ru\/wp-json\/wp\/v2\/product_tag?post=47759"}],"curies":[{"name":"wp","href":"https:\/\/api.w.org\/{rel}","templated":true}]}}