{"id":47751,"date":"2026-04-02T23:00:46","date_gmt":"2026-04-02T20:00:46","guid":{"rendered":"http:\/\/new.ceasuri.md\/shop\/uncategorized\/bulova-surveyor-97p156\/"},"modified":"2026-04-20T01:26:51","modified_gmt":"2026-04-19T22:26:51","slug":"bulova-surveyor-97p156","status":"publish","type":"product","link":"https:\/\/ceasuri.md\/ru\/shop\/branduri\/bulova\/bulova-surveyor-97p156\/","title":{"rendered":"Ceas BULOVA SURVEYOR 97P156"},"content":{"rendered":"<p>Linia clasic\u0103 Surveyor a fost actualizat\u0103 cu un ceas de dam\u0103 Dress Sport.<\/p>\n<p>Acest ceas din aur roz are o carcas\u0103 \u0219i o br\u0103\u021bar\u0103 din o\u021bel inoxidabil cu un aer elegant.<\/p>\n<p>Cadranul gri sunray este \u00eencrustat manual cu 11 diamante pentru a oferi at\u00e2t aspectul c\u00e2t \u0219i senza\u021bia unui ceas de lux.<\/p>\n<p>Acest ceas de calitate este bine f\u0103cut \u0219i frumos detaliat, ceea ce \u00eel face un accesoriu elegant pentru orice colec\u021bie.<\/p>","protected":false},"excerpt":{"rendered":"<p>Linia clasic\u0103 Surveyor a fost actualizat\u0103 cu un ceas de dam\u0103 Dress Sport. Acest ceas din aur roz are o carcas\u0103 \u0219i o br\u0103\u021bar\u0103 din o\u021bel inoxidabil cu un aer elegant. Cadranul gri sunray este \u00eencrustat manual cu 11 diamante pentru a oferi at\u00e2t aspectul c\u00e2t \u0219i senza\u021bia unui ceas de lux. Acest ceas de [&hellip;]<\/p>\n","protected":false},"featured_media":47752,"comment_status":"closed","ping_status":"open","template":"","meta":{"_acf_changed":false},"product_brand":[],"product_cat":[624,25],"product_tag":[],"class_list":{"0":"post-47751","1":"product","2":"type-product","3":"status-publish","4":"has-post-thumbnail","6":"product_cat-bulova","7":"product_cat-ceasuri-dama","8":"pa_brand-bulova","9":"pa_braslet-otel-inoxidabil","10":"pa_corpus-31-mm","11":"pa_decor-diamante","12":"pa_forma-rotund","13":"pa_garatia-24-luni","14":"pa_korpus-roz-gold","15":"pa_kvarc-quartz","16":"pa_material-otel-inoxidabil","17":"pa_mehanizm-quartz","18":"pa_remeshok-roz-gold","19":"pa_steklo-cristal-mineral","20":"pa_strana-sua","21":"pa_voda-3-atm","23":"first","24":"instock","25":"purchasable","26":"product-type-simple"},"acf":[],"_links":{"self":[{"href":"https:\/\/ceasuri.md\/ru\/wp-json\/wp\/v2\/product\/47751","targetHints":{"allow":["GET"]}}],"collection":[{"href":"https:\/\/ceasuri.md\/ru\/wp-json\/wp\/v2\/product"}],"about":[{"href":"https:\/\/ceasuri.md\/ru\/wp-json\/wp\/v2\/types\/product"}],"replies":[{"embeddable":true,"href":"https:\/\/ceasuri.md\/ru\/wp-json\/wp\/v2\/comments?post=47751"}],"wp:featuredmedia":[{"embeddable":true,"href":"https:\/\/ceasuri.md\/ru\/wp-json\/wp\/v2\/media\/47752"}],"wp:attachment":[{"href":"https:\/\/ceasuri.md\/ru\/wp-json\/wp\/v2\/media?parent=47751"}],"wp:term":[{"taxonomy":"product_brand","embeddable":true,"href":"https:\/\/ceasuri.md\/ru\/wp-json\/wp\/v2\/product_brand?post=47751"},{"taxonomy":"product_cat","embeddable":true,"href":"https:\/\/ceasuri.md\/ru\/wp-json\/wp\/v2\/product_cat?post=47751"},{"taxonomy":"product_tag","embeddable":true,"href":"https:\/\/ceasuri.md\/ru\/wp-json\/wp\/v2\/product_tag?post=47751"}],"curies":[{"name":"wp","href":"https:\/\/api.w.org\/{rel}","templated":true}]}}