{"id":47743,"date":"2026-04-02T23:00:46","date_gmt":"2026-04-02T20:00:46","guid":{"rendered":"http:\/\/new.ceasuri.md\/shop\/uncategorized\/bulova-sutton-96p181\/"},"modified":"2026-04-20T01:26:46","modified_gmt":"2026-04-19T22:26:46","slug":"bulova-sutton-96p181","status":"publish","type":"product","link":"https:\/\/ceasuri.md\/ru\/shop\/branduri\/bulova\/bulova-sutton-96p181\/","title":{"rendered":"\u0427\u0430\u0441\u044b BULOVA SUTTON 96P181"},"content":{"rendered":"<p>Nou ceas automat din o\u021bel inoxidabil cu 5 diamante pe un cadran alb din nuc\u0103 de perle.<\/p>\n<p>O mic\u0103 fereastr\u0103 pe cadran dezv\u0103luie sufletul ceasului, prin care pute\u021bi observa mi\u0219carea ceasului.<\/p>\n<p>Fond transparent. Br\u0103\u021bar\u0103 cu \u00eenchidere pliabil\u0103.<\/p>\n<p>Rezistent la ap\u0103 p\u00e2n\u0103 la 30 de metri.<\/p>","protected":false},"excerpt":{"rendered":"<p>Nou ceas automat din o\u021bel inoxidabil cu 5 diamante pe un cadran alb din nuc\u0103 de perle. O mic\u0103 fereastr\u0103 pe cadran dezv\u0103luie sufletul ceasului, prin care pute\u021bi observa mi\u0219carea ceasului. Fond transparent. Br\u0103\u021bar\u0103 cu \u00eenchidere pliabil\u0103. Rezistent la ap\u0103 p\u00e2n\u0103 la 30 de metri.<\/p>","protected":false},"featured_media":47744,"comment_status":"closed","ping_status":"open","template":"","meta":{"_acf_changed":false},"product_brand":[],"product_cat":[624,25],"product_tag":[],"class_list":{"0":"post-47743","1":"product","2":"type-product","3":"status-publish","4":"has-post-thumbnail","6":"product_cat-bulova","7":"product_cat-ceasuri-dama","8":"pa_brand-bulova","9":"pa_braslet-otel-inoxidabil","10":"pa_corpus-34-mm","11":"pa_decor-diamante","12":"pa_forma-rotund","13":"pa_funcii-semischelet","14":"pa_garatia-24-luni","15":"pa_korpus-argintiu","16":"pa_material-otel-inoxidabil","17":"pa_mehanizm-mecanic","18":"pa_mehanizm-mecanism-automatic","19":"pa_remeshok-argintiu","20":"pa_steklo-cristal-safir","21":"pa_strana-sua","22":"pa_voda-3-atm","24":"first","25":"instock","26":"purchasable","27":"product-type-simple"},"acf":[],"_links":{"self":[{"href":"https:\/\/ceasuri.md\/ru\/wp-json\/wp\/v2\/product\/47743","targetHints":{"allow":["GET"]}}],"collection":[{"href":"https:\/\/ceasuri.md\/ru\/wp-json\/wp\/v2\/product"}],"about":[{"href":"https:\/\/ceasuri.md\/ru\/wp-json\/wp\/v2\/types\/product"}],"replies":[{"embeddable":true,"href":"https:\/\/ceasuri.md\/ru\/wp-json\/wp\/v2\/comments?post=47743"}],"wp:featuredmedia":[{"embeddable":true,"href":"https:\/\/ceasuri.md\/ru\/wp-json\/wp\/v2\/media\/47744"}],"wp:attachment":[{"href":"https:\/\/ceasuri.md\/ru\/wp-json\/wp\/v2\/media?parent=47743"}],"wp:term":[{"taxonomy":"product_brand","embeddable":true,"href":"https:\/\/ceasuri.md\/ru\/wp-json\/wp\/v2\/product_brand?post=47743"},{"taxonomy":"product_cat","embeddable":true,"href":"https:\/\/ceasuri.md\/ru\/wp-json\/wp\/v2\/product_cat?post=47743"},{"taxonomy":"product_tag","embeddable":true,"href":"https:\/\/ceasuri.md\/ru\/wp-json\/wp\/v2\/product_tag?post=47743"}],"curies":[{"name":"wp","href":"https:\/\/api.w.org\/{rel}","templated":true}]}}