{"id":47736,"date":"2026-04-02T22:59:49","date_gmt":"2026-04-02T19:59:49","guid":{"rendered":"http:\/\/new.ceasuri.md\/shop\/uncategorized\/bulova-surveyor-96p228\/"},"modified":"2026-04-20T01:40:37","modified_gmt":"2026-04-19T22:40:37","slug":"bulova-surveyor-96p228","status":"publish","type":"product","link":"https:\/\/ceasuri.md\/ru\/shop\/branduri\/bulova\/bulova-surveyor-96p228\/","title":{"rendered":"Ceas BULOVA SURVEYOR 96P228"},"content":{"rendered":"<p>Ceas clasic pentru femei Surveyor.<\/p>\n<p>Acest ceas din o\u021bel inoxidabil ofer\u0103 un fler elegant.<\/p>\n<p>Cadranul alb din mam\u0103 de perl\u0103 alb\u0103 este \u00eencrustat manual cu 11 diamante pentru un aspect feminin.<\/p>\n<p>Acest ceas este frumos detaliat, ceea ce \u00eel face un accesoriu elegant pentru orice colec\u021bie.<\/p>","protected":false},"excerpt":{"rendered":"<p>Ceas clasic pentru femei Surveyor. Acest ceas din o\u021bel inoxidabil ofer\u0103 un fler elegant. Cadranul alb din mam\u0103 de perl\u0103 alb\u0103 este \u00eencrustat manual cu 11 diamante pentru un aspect feminin. Acest ceas este frumos detaliat, ceea ce \u00eel face un accesoriu elegant pentru orice colec\u021bie.<\/p>","protected":false},"featured_media":47737,"comment_status":"closed","ping_status":"open","template":"","meta":{"_acf_changed":false},"product_brand":[],"product_cat":[624,25],"product_tag":[],"class_list":{"0":"post-47736","1":"product","2":"type-product","3":"status-publish","4":"has-post-thumbnail","6":"product_cat-bulova","7":"product_cat-ceasuri-dama","8":"pa_brand-bulova","9":"pa_braslet-otel-inoxidabil","10":"pa_corpus-31-mm","11":"pa_decor-diamante","12":"pa_forma-rotund","13":"pa_garatia-24-luni","14":"pa_korpus-argintiu","15":"pa_kvarc-quartz","16":"pa_material-otel-inoxidabil","17":"pa_mehanizm-quartz","18":"pa_remeshok-argintiu","19":"pa_steklo-cristal-mineral","20":"pa_strana-sua","21":"pa_voda-3-atm","23":"first","24":"instock","25":"purchasable","26":"product-type-simple"},"acf":[],"_links":{"self":[{"href":"https:\/\/ceasuri.md\/ru\/wp-json\/wp\/v2\/product\/47736","targetHints":{"allow":["GET"]}}],"collection":[{"href":"https:\/\/ceasuri.md\/ru\/wp-json\/wp\/v2\/product"}],"about":[{"href":"https:\/\/ceasuri.md\/ru\/wp-json\/wp\/v2\/types\/product"}],"replies":[{"embeddable":true,"href":"https:\/\/ceasuri.md\/ru\/wp-json\/wp\/v2\/comments?post=47736"}],"wp:featuredmedia":[{"embeddable":true,"href":"https:\/\/ceasuri.md\/ru\/wp-json\/wp\/v2\/media\/47737"}],"wp:attachment":[{"href":"https:\/\/ceasuri.md\/ru\/wp-json\/wp\/v2\/media?parent=47736"}],"wp:term":[{"taxonomy":"product_brand","embeddable":true,"href":"https:\/\/ceasuri.md\/ru\/wp-json\/wp\/v2\/product_brand?post=47736"},{"taxonomy":"product_cat","embeddable":true,"href":"https:\/\/ceasuri.md\/ru\/wp-json\/wp\/v2\/product_cat?post=47736"},{"taxonomy":"product_tag","embeddable":true,"href":"https:\/\/ceasuri.md\/ru\/wp-json\/wp\/v2\/product_tag?post=47736"}],"curies":[{"name":"wp","href":"https:\/\/api.w.org\/{rel}","templated":true}]}}