{"id":47732,"date":"2026-04-02T22:59:49","date_gmt":"2026-04-02T19:59:49","guid":{"rendered":"http:\/\/new.ceasuri.md\/shop\/uncategorized\/bulova-surveyor-96p229\/"},"modified":"2026-04-17T14:05:04","modified_gmt":"2026-04-17T11:05:04","slug":"bulova-surveyor-96p229","status":"publish","type":"product","link":"https:\/\/ceasuri.md\/ru\/shop\/branduri\/bulova\/bulova-surveyor-96p229\/","title":{"rendered":"Ceas BULOVA SURVEYOR 96P229"},"content":{"rendered":"<p>Surveyor este un ceas clasic pentru femei care nu se va demoda niciodat\u0103.<\/p>\n<p>Acest ceas de culoare argintie are o carcas\u0103 \u0219i o br\u0103\u021bar\u0103 din o\u021bel inoxidabil cu un cadran albastru cu trei m\u00e2ini, cu 11 diamante, pentru a oferi at\u00e2t aspectul c\u00e2t \u0219i senza\u021bia unui ceas de lux.<\/p>\n<p>Cu detalii frumoase \u0219i un fler elegant, acest accesoriu aduce o not\u0103 de elegan\u021b\u0103 atemporal\u0103 \u00een orice ocazie.<\/p>","protected":false},"excerpt":{"rendered":"<p>Surveyor este un ceas clasic pentru femei care nu se va demoda niciodat\u0103. Acest ceas de culoare argintie are o carcas\u0103 \u0219i o br\u0103\u021bar\u0103 din o\u021bel inoxidabil cu un cadran albastru cu trei m\u00e2ini, cu 11 diamante, pentru a oferi at\u00e2t aspectul c\u00e2t \u0219i senza\u021bia unui ceas de lux. Cu detalii frumoase \u0219i un fler [&hellip;]<\/p>\n","protected":false},"featured_media":47733,"comment_status":"closed","ping_status":"open","template":"","meta":{"_acf_changed":false},"product_brand":[],"product_cat":[624,25],"product_tag":[],"class_list":{"0":"post-47732","1":"product","2":"type-product","3":"status-publish","4":"has-post-thumbnail","6":"product_cat-bulova","7":"product_cat-ceasuri-dama","8":"pa_brand-bulova","9":"pa_braslet-otel-inoxidabil","10":"pa_corpus-31-mm","11":"pa_decor-diamante","12":"pa_forma-rotund","13":"pa_garatia-24-luni","14":"pa_korpus-argintiu","15":"pa_kvarc-quartz","16":"pa_material-otel-inoxidabil","17":"pa_mehanizm-quartz","18":"pa_remeshok-argintiu","19":"pa_steklo-cristal-mineral","20":"pa_strana-sua","21":"pa_voda-3-atm","23":"first","24":"instock","25":"purchasable","26":"product-type-simple"},"acf":[],"_links":{"self":[{"href":"https:\/\/ceasuri.md\/ru\/wp-json\/wp\/v2\/product\/47732","targetHints":{"allow":["GET"]}}],"collection":[{"href":"https:\/\/ceasuri.md\/ru\/wp-json\/wp\/v2\/product"}],"about":[{"href":"https:\/\/ceasuri.md\/ru\/wp-json\/wp\/v2\/types\/product"}],"replies":[{"embeddable":true,"href":"https:\/\/ceasuri.md\/ru\/wp-json\/wp\/v2\/comments?post=47732"}],"wp:featuredmedia":[{"embeddable":true,"href":"https:\/\/ceasuri.md\/ru\/wp-json\/wp\/v2\/media\/47733"}],"wp:attachment":[{"href":"https:\/\/ceasuri.md\/ru\/wp-json\/wp\/v2\/media?parent=47732"}],"wp:term":[{"taxonomy":"product_brand","embeddable":true,"href":"https:\/\/ceasuri.md\/ru\/wp-json\/wp\/v2\/product_brand?post=47732"},{"taxonomy":"product_cat","embeddable":true,"href":"https:\/\/ceasuri.md\/ru\/wp-json\/wp\/v2\/product_cat?post=47732"},{"taxonomy":"product_tag","embeddable":true,"href":"https:\/\/ceasuri.md\/ru\/wp-json\/wp\/v2\/product_tag?post=47732"}],"curies":[{"name":"wp","href":"https:\/\/api.w.org\/{rel}","templated":true}]}}