{"id":47678,"date":"2026-04-02T22:59:49","date_gmt":"2026-04-02T19:59:49","guid":{"rendered":"http:\/\/new.ceasuri.md\/shop\/uncategorized\/seiko-presage-le-ssa455j1\/"},"modified":"2026-04-20T01:09:35","modified_gmt":"2026-04-19T22:09:35","slug":"seiko-presage-le-ssa455j1","status":"publish","type":"product","link":"https:\/\/ceasuri.md\/ru\/shop\/branduri\/seiko\/seiko-presage-le-ssa455j1\/","title":{"rendered":"\u0427\u0430\u0441\u044b SEIKO PRESAGE LE SSA455J1"},"content":{"rendered":"<p>Un ceas unic din seria Presage Cocktail Time, un ceas \u00een edi\u021bie limitat\u0103 numit STAR BAR.<\/p>\n<p>Acest ceas este o preluare elegant\u0103 a STAR BAR din Tokyo, situat \u00een Ginza, unde proprietarul \u0219i barmanul \u0219ef Hisashi Kishi creeaz\u0103 cocktailuri inovatoare, premiate. Colec\u021bia Presage Cocktail Time este cunoscut\u0103 pentru accesibilitatea sa \u0219i designul sofisticat.<\/p>\n<p>Cadranul ceasului este par\u021bial scheletizat, ceea ce creeaz\u0103 un efect de ondulare pe suprafa\u021ba cocktailului. Dar chiar \u0219i f\u0103r\u0103 acest efect, ele arat\u0103 foarte modern \u0219i elegant.<\/p>\n<p>Mi\u0219care automat\u0103 cu 24 de bijuterii, 21600 de semioscila\u021bii pe or\u0103, cu posibilitatea \u00eenf\u0103\u0219ur\u0103rii manuale. Rezerv\u0103 de putere de 41 de ore.  M\u00e2n\u0103 central\u0103 pentru secunde.<\/p>\n<p>Sticl\u0103: Hardlex, un cristal mineral special temperat cu acid dezvoltat de SEIKO care este mult mai rezistent dec\u00e2t sticla mineral\u0103 obi\u0219nuit\u0103. Sticla de form\u0103 convex\u0103 m\u0103re\u0219te u\u0219or citirea cadranului \u0219i l\u0103rge\u0219te unghiul de vizualizare.<\/p>\n<p>Carcas\u0103 din o\u021bel inoxidabil cu propriet\u0103\u021bi anti-coroziune ridicate. Capac spate transparent.  Curea din piele.<\/p>\n<p>Protec\u021bie la ap\u0103 p\u00e2n\u0103 la 5 ATM.<\/p>\n<p>Colec\u021bia \u00een edi\u021bie limitat\u0103 are doar 5000 de piese.<\/p>\n<p>Num\u0103rul colec\u021biei \u00een edi\u021bie limitat\u0103: 0740 \/ 5000; 0831 \/ 5000; 0972 \/ 5000; 1497 \/ 5000; 1621 \/ 5000.<\/p>","protected":false},"excerpt":{"rendered":"<p>Un ceas unic din seria Presage Cocktail Time, un ceas \u00een edi\u021bie limitat\u0103 numit STAR BAR. Acest ceas este o preluare elegant\u0103 a STAR BAR din Tokyo, situat \u00een Ginza, unde proprietarul \u0219i barmanul \u0219ef Hisashi Kishi creeaz\u0103 cocktailuri inovatoare, premiate. Colec\u021bia Presage Cocktail Time este cunoscut\u0103 pentru accesibilitatea sa \u0219i designul sofisticat. Cadranul ceasului [&hellip;]<\/p>\n","protected":false},"featured_media":47679,"comment_status":"closed","ping_status":"open","template":"","meta":{"_acf_changed":false},"product_brand":[],"product_cat":[20,106,205,588],"product_tag":[],"class_list":{"0":"post-47678","1":"product","2":"type-product","3":"status-publish","4":"has-post-thumbnail","6":"product_cat-ceasuri-barbati","7":"product_cat-ceasuri-premium","8":"product_cat-limited-edition","9":"product_cat-seiko","10":"pa_brand-seiko","11":"pa_braslet-piele","12":"pa_corpus-40-mm","13":"pa_forma-rotund","14":"pa_funcii-limited-edition","15":"pa_funcii-semischelet","16":"pa_garatia-24-luni","17":"pa_korpus-argintiu","18":"pa_material-otel-inoxidabil","19":"pa_mehanizm-mecanic","20":"pa_mehanizm-mecanism-automatic","21":"pa_remeshok-negru","22":"pa_steklo-cristal-mineral","23":"pa_strana-japonia","24":"pa_voda-5-atm","26":"first","27":"instock","28":"purchasable","29":"product-type-simple"},"acf":[],"_links":{"self":[{"href":"https:\/\/ceasuri.md\/ru\/wp-json\/wp\/v2\/product\/47678","targetHints":{"allow":["GET"]}}],"collection":[{"href":"https:\/\/ceasuri.md\/ru\/wp-json\/wp\/v2\/product"}],"about":[{"href":"https:\/\/ceasuri.md\/ru\/wp-json\/wp\/v2\/types\/product"}],"replies":[{"embeddable":true,"href":"https:\/\/ceasuri.md\/ru\/wp-json\/wp\/v2\/comments?post=47678"}],"wp:featuredmedia":[{"embeddable":true,"href":"https:\/\/ceasuri.md\/ru\/wp-json\/wp\/v2\/media\/47679"}],"wp:attachment":[{"href":"https:\/\/ceasuri.md\/ru\/wp-json\/wp\/v2\/media?parent=47678"}],"wp:term":[{"taxonomy":"product_brand","embeddable":true,"href":"https:\/\/ceasuri.md\/ru\/wp-json\/wp\/v2\/product_brand?post=47678"},{"taxonomy":"product_cat","embeddable":true,"href":"https:\/\/ceasuri.md\/ru\/wp-json\/wp\/v2\/product_cat?post=47678"},{"taxonomy":"product_tag","embeddable":true,"href":"https:\/\/ceasuri.md\/ru\/wp-json\/wp\/v2\/product_tag?post=47678"}],"curies":[{"name":"wp","href":"https:\/\/api.w.org\/{rel}","templated":true}]}}