{"id":47668,"date":"2026-04-02T22:59:49","date_gmt":"2026-04-02T19:59:49","guid":{"rendered":"http:\/\/new.ceasuri.md\/shop\/uncategorized\/seiko-prospex-spb325j1\/"},"modified":"2026-04-07T04:23:49","modified_gmt":"2026-04-07T01:23:49","slug":"seiko-prospex-spb325j1","status":"publish","type":"product","link":"https:\/\/ceasuri.md\/ru\/shop\/branduri\/seiko\/seiko-prospex-spb325j1\/","title":{"rendered":"Ceas SEIKO PROSPEX SPB325J1"},"content":{"rendered":"<p>Conceput\u0103 pentru cei care trateaz\u0103 via\u021ba ca pe o aventur\u0103 major\u0103, linia Seiko Prospex face fa\u021b\u0103 tuturor provoc\u0103rilor cu excelen\u021b\u0103 tehnologic\u0103 \u0219i stil. Parte a unei mo\u0219teniri bogate de inova\u021bie \u00een cronometrarea de \u00eenalt\u0103 intensitate, Prospex continu\u0103 s\u0103 celebreze o lung\u0103 istorie a excelen\u021bei ceasurilor sportive prin recrearea \u0219i reimaginarea realiz\u0103rilor iconice.<\/p>\n<p>Bazat pe un design iconic, acest ceas automat pentru scafandri Special Edition comemoreaz\u0103 parteneriatul dintre Seiko Prospex \u0219i PADI, cea mai important\u0103 organiza\u021bie de formare a scafandrilor din lume, \u0219i afi\u0219eaz\u0103 logo-ul PADI pe un cadran negru cu un model de glob.<\/p>\n<p>Ceasul are o carcas\u0103 din o\u021bel inoxidabil cu accente albastre str\u0103lucitoare pe cadran \u0219i luneta, o luneta rotativ\u0103 unidirec\u021bional\u0103 neagr\u0103 din ceramic\u0103 rezistent\u0103 la zg\u00e2rieturi, o coroan\u0103 \u0219i un fund cu \u0219urub \u0219i o curea durabil\u0103 din silicon albastru.<\/p>\n<p>Cadranul are dat\u0103, m\u00e2ini \u0219i repere LumiBrite.<\/p>\n<p>Acest ceas excep\u021bional, care \u00eendepline\u0219te standardele ISO pentru scufund\u0103ri la ad\u00e2ncimi de p\u00e2n\u0103 la 200 de metri, este echipat cu o mi\u0219care automat\u0103 cu 24 de bijuterii, o frecven\u021b\u0103 de 21.600 de vibra\u021bii pe or\u0103, o rezerv\u0103 de putere de aproximativ 70 de ore \u0219i \u00eenf\u0103\u0219urare manual\u0103.<\/p>","protected":false},"excerpt":{"rendered":"<p>Conceput\u0103 pentru cei care trateaz\u0103 via\u021ba ca pe o aventur\u0103 major\u0103, linia Seiko Prospex face fa\u021b\u0103 tuturor provoc\u0103rilor cu excelen\u021b\u0103 tehnologic\u0103 \u0219i stil. Parte a unei mo\u0219teniri bogate de inova\u021bie \u00een cronometrarea de \u00eenalt\u0103 intensitate, Prospex continu\u0103 s\u0103 celebreze o lung\u0103 istorie a excelen\u021bei ceasurilor sportive prin recrearea \u0219i reimaginarea realiz\u0103rilor iconice. Bazat pe un [&hellip;]<\/p>\n","protected":false},"featured_media":47669,"comment_status":"closed","ping_status":"open","template":"","meta":{"_acf_changed":false},"product_brand":[],"product_cat":[20,106,588],"product_tag":[],"class_list":{"0":"post-47668","1":"product","2":"type-product","3":"status-publish","4":"has-post-thumbnail","6":"product_cat-ceasuri-barbati","7":"product_cat-ceasuri-premium","8":"product_cat-seiko","9":"pa_brand-seiko","10":"pa_braslet-cauciuc","11":"pa_corpus-45-mm","12":"pa_forma-rotund","13":"pa_funcii-data","14":"pa_funcii-special-edition","15":"pa_garatia-24-luni","16":"pa_korpus-argintiu","17":"pa_material-otel-inoxidabil","18":"pa_mehanizm-mecanic","19":"pa_mehanizm-mecanism-automatic","20":"pa_remeshok-albastru-inchis","21":"pa_steklo-cristal-safir","22":"pa_strana-japonia","23":"pa_voda-20-atm","25":"first","26":"instock","27":"purchasable","28":"product-type-simple"},"acf":[],"_links":{"self":[{"href":"https:\/\/ceasuri.md\/ru\/wp-json\/wp\/v2\/product\/47668","targetHints":{"allow":["GET"]}}],"collection":[{"href":"https:\/\/ceasuri.md\/ru\/wp-json\/wp\/v2\/product"}],"about":[{"href":"https:\/\/ceasuri.md\/ru\/wp-json\/wp\/v2\/types\/product"}],"replies":[{"embeddable":true,"href":"https:\/\/ceasuri.md\/ru\/wp-json\/wp\/v2\/comments?post=47668"}],"wp:featuredmedia":[{"embeddable":true,"href":"https:\/\/ceasuri.md\/ru\/wp-json\/wp\/v2\/media\/47669"}],"wp:attachment":[{"href":"https:\/\/ceasuri.md\/ru\/wp-json\/wp\/v2\/media?parent=47668"}],"wp:term":[{"taxonomy":"product_brand","embeddable":true,"href":"https:\/\/ceasuri.md\/ru\/wp-json\/wp\/v2\/product_brand?post=47668"},{"taxonomy":"product_cat","embeddable":true,"href":"https:\/\/ceasuri.md\/ru\/wp-json\/wp\/v2\/product_cat?post=47668"},{"taxonomy":"product_tag","embeddable":true,"href":"https:\/\/ceasuri.md\/ru\/wp-json\/wp\/v2\/product_tag?post=47668"}],"curies":[{"name":"wp","href":"https:\/\/api.w.org\/{rel}","templated":true}]}}