{"id":47658,"date":"2026-04-02T22:59:49","date_gmt":"2026-04-02T19:59:49","guid":{"rendered":"http:\/\/new.ceasuri.md\/shop\/uncategorized\/seiko-presage-spb331j1\/"},"modified":"2026-04-07T04:23:48","modified_gmt":"2026-04-07T01:23:48","slug":"seiko-presage-spb331j1","status":"publish","type":"product","link":"https:\/\/ceasuri.md\/ru\/shop\/branduri\/seiko\/seiko-presage-spb331j1\/","title":{"rendered":"Ceas SEIKO PRESAGE SPB331J1"},"content":{"rendered":"<p>Noutate \u00een edi\u021bie limitat\u0103 &#8211; o combina\u021bie de mi\u0219care automat\u0103 de \u00eenalt\u0103 precizie \u0219i art\u0103 tradi\u021bional\u0103 japonez\u0103. Colec\u021bia este de 2.000 de piese.<\/p>\n<p>Designul cadranului este inspirat de vechiul model Asanoha, care a fost v\u0103zut pe obiectele artizanilor japonezi \u00eenc\u0103 din perioada Heian (794-1185), acum peste 10.000 de ani.<\/p>\n<p>Mi\u0219carea are 24 de bijuterii \u0219i bate la 21600 de vibra\u021bii pe or\u0103. Rezerv\u0103 de putere de 70 de ore. Posibilitate de \u00eenf\u0103\u0219urare manual\u0103. Func\u021bie stop-secund\u0103.<\/p>\n<p>Semne de curs\u0103. Fereastra datei la ora 3.<\/p>\n<p>Capac transparent cu \u0219urub cu num\u0103r de serie individual gravat.<\/p>\n<p>Curea cu \u00eenchidere tripl\u0103 pliabil\u0103.<\/p>\n<p>Num\u0103rul colec\u021biei \u00een edi\u021bie limitat\u0103:0092\/2000; 1256\/2000.<\/p>","protected":false},"excerpt":{"rendered":"<p>Noutate \u00een edi\u021bie limitat\u0103 &#8211; o combina\u021bie de mi\u0219care automat\u0103 de \u00eenalt\u0103 precizie \u0219i art\u0103 tradi\u021bional\u0103 japonez\u0103. Colec\u021bia este de 2.000 de piese. Designul cadranului este inspirat de vechiul model Asanoha, care a fost v\u0103zut pe obiectele artizanilor japonezi \u00eenc\u0103 din perioada Heian (794-1185), acum peste 10.000 de ani. Mi\u0219carea are 24 de bijuterii \u0219i [&hellip;]<\/p>\n","protected":false},"featured_media":47659,"comment_status":"closed","ping_status":"open","template":"","meta":{"_acf_changed":false},"product_brand":[],"product_cat":[20,106,205,588],"product_tag":[],"class_list":{"0":"post-47658","1":"product","2":"type-product","3":"status-publish","4":"has-post-thumbnail","6":"product_cat-ceasuri-barbati","7":"product_cat-ceasuri-premium","8":"product_cat-limited-edition","9":"product_cat-seiko","10":"pa_brand-seiko","11":"pa_braslet-piele","12":"pa_corpus-39-mm","13":"pa_forma-rotund","14":"pa_funcii-data","15":"pa_funcii-limited-edition","16":"pa_garatia-24-luni","17":"pa_korpus-negru","18":"pa_material-otel-inoxidabil","19":"pa_mehanizm-mecanic","20":"pa_mehanizm-mecanism-automatic","21":"pa_remeshok-negru","22":"pa_steklo-cristal-safir","23":"pa_strana-japonia","24":"pa_voda-10-atm","26":"first","27":"instock","28":"purchasable","29":"product-type-simple"},"acf":[],"_links":{"self":[{"href":"https:\/\/ceasuri.md\/ru\/wp-json\/wp\/v2\/product\/47658","targetHints":{"allow":["GET"]}}],"collection":[{"href":"https:\/\/ceasuri.md\/ru\/wp-json\/wp\/v2\/product"}],"about":[{"href":"https:\/\/ceasuri.md\/ru\/wp-json\/wp\/v2\/types\/product"}],"replies":[{"embeddable":true,"href":"https:\/\/ceasuri.md\/ru\/wp-json\/wp\/v2\/comments?post=47658"}],"wp:featuredmedia":[{"embeddable":true,"href":"https:\/\/ceasuri.md\/ru\/wp-json\/wp\/v2\/media\/47659"}],"wp:attachment":[{"href":"https:\/\/ceasuri.md\/ru\/wp-json\/wp\/v2\/media?parent=47658"}],"wp:term":[{"taxonomy":"product_brand","embeddable":true,"href":"https:\/\/ceasuri.md\/ru\/wp-json\/wp\/v2\/product_brand?post=47658"},{"taxonomy":"product_cat","embeddable":true,"href":"https:\/\/ceasuri.md\/ru\/wp-json\/wp\/v2\/product_cat?post=47658"},{"taxonomy":"product_tag","embeddable":true,"href":"https:\/\/ceasuri.md\/ru\/wp-json\/wp\/v2\/product_tag?post=47658"}],"curies":[{"name":"wp","href":"https:\/\/api.w.org\/{rel}","templated":true}]}}