{"id":47643,"date":"2026-04-02T22:59:19","date_gmt":"2026-04-02T19:59:19","guid":{"rendered":"http:\/\/new.ceasuri.md\/shop\/uncategorized\/seiko-prospex-spb321j1\/"},"modified":"2026-04-07T04:23:44","modified_gmt":"2026-04-07T01:23:44","slug":"seiko-prospex-spb321j1","status":"publish","type":"product","link":"https:\/\/ceasuri.md\/ru\/shop\/branduri\/seiko\/seiko-prospex-spb321j1\/","title":{"rendered":"Ceas SEIKO PROSPEX SPB321J1"},"content":{"rendered":"<p>Un ceas japonez Seiko nu \u00ee\u0219i va pierde niciodat\u0103 relevan\u021ba datorit\u0103 preciziei sale \u00eenalte, designului inteligent \u0219i tehnologiei inovatoare.<\/p>\n<p>Acest accesoriu de brand este potrivit at\u00e2t pentru purt\u0103torii de afaceri, c\u00e2t \u0219i pentru cei casual, care prefer\u0103 hainele sport sau blugii. Versatilitatea modelului \u00eei permite s\u0103 fie combinat cu orice stil.<\/p>\n<p>Totul la acest ceas de m\u00e2n\u0103 este perfect &#8211; culorile, aten\u021bia la detalii \u0219i stilul original.<\/p>\n<p>Precizia mi\u0219c\u0103rii este asigurat\u0103 de mi\u0219c\u0103ri interne, care m\u0103soar\u0103 timpul cu o eroare minim\u0103.<\/p>","protected":false},"excerpt":{"rendered":"<p>Un ceas japonez Seiko nu \u00ee\u0219i va pierde niciodat\u0103 relevan\u021ba datorit\u0103 preciziei sale \u00eenalte, designului inteligent \u0219i tehnologiei inovatoare. Acest accesoriu de brand este potrivit at\u00e2t pentru purt\u0103torii de afaceri, c\u00e2t \u0219i pentru cei casual, care prefer\u0103 hainele sport sau blugii. Versatilitatea modelului \u00eei permite s\u0103 fie combinat cu orice stil. Totul la acest ceas [&hellip;]<\/p>\n","protected":false},"featured_media":47644,"comment_status":"closed","ping_status":"open","template":"","meta":{"_acf_changed":false},"product_brand":[],"product_cat":[20,106,588],"product_tag":[],"class_list":{"0":"post-47643","1":"product","2":"type-product","3":"status-publish","4":"has-post-thumbnail","6":"product_cat-ceasuri-barbati","7":"product_cat-ceasuri-premium","8":"product_cat-seiko","9":"pa_brand-seiko","10":"pa_braslet-otel-inoxidabil","11":"pa_corpus-45-mm","12":"pa_forma-rotund","13":"pa_funcii-data","14":"pa_funcii-iluminare","15":"pa_garatia-24-luni","16":"pa_korpus-argintiu","17":"pa_material-otel-inoxidabil","18":"pa_mehanizm-mecanic","19":"pa_mehanizm-mecanism-automatic","20":"pa_remeshok-argintiu","21":"pa_steklo-cristal-safir","22":"pa_strana-japonia","23":"pa_voda-20-atm","25":"first","26":"instock","27":"purchasable","28":"product-type-simple"},"acf":[],"yoast_head":"<!-- This site is optimized with the Yoast SEO plugin v27.3 - https:\/\/yoast.com\/product\/yoast-seo-wordpress\/ -->\n<title>SEIKO PROSPEX SPB321J1 - Cronograf<\/title>\n<meta name=\"robots\" content=\"index, follow, max-snippet:-1, max-image-preview:large, max-video-preview:-1\" \/>\n<link rel=\"canonical\" href=\"https:\/\/ceasuri.md\/ru\/shop\/branduri\/seiko\/seiko-prospex-spb321j1\/\" \/>\n<meta property=\"og:locale\" content=\"ru_RU\" \/>\n<meta property=\"og:type\" content=\"article\" \/>\n<meta property=\"og:title\" content=\"SEIKO PROSPEX SPB321J1 - Cronograf\" \/>\n<meta property=\"og:description\" content=\"Un ceas japonez Seiko nu \u00ee\u0219i va pierde niciodat\u0103 relevan\u021ba datorit\u0103 preciziei sale \u00eenalte, designului inteligent \u0219i tehnologiei inovatoare. Acest accesoriu de brand este potrivit at\u00e2t pentru purt\u0103torii de afaceri, c\u00e2t \u0219i pentru cei casual, care prefer\u0103 hainele sport sau blugii. Versatilitatea modelului \u00eei permite s\u0103 fie combinat cu orice stil. Totul la acest ceas [&hellip;]\" \/>\n<meta property=\"og:url\" content=\"https:\/\/ceasuri.md\/ru\/shop\/branduri\/seiko\/seiko-prospex-spb321j1\/\" \/>\n<meta property=\"og:site_name\" content=\"Cronograf\" \/>\n<meta property=\"article:modified_time\" content=\"2026-04-07T01:23:44+00:00\" \/>\n<meta property=\"og:image\" content=\"https:\/\/ceasuri.md\/wp-content\/uploads\/spb321j1.png\" \/>\n\t<meta property=\"og:image:width\" content=\"600\" \/>\n\t<meta property=\"og:image:height\" content=\"800\" \/>\n\t<meta property=\"og:image:type\" content=\"image\/png\" \/>\n<meta name=\"twitter:card\" content=\"summary_large_image\" \/>\n<script type=\"application\/ld+json\" class=\"yoast-schema-graph\">{\"@context\":\"https:\\\/\\\/schema.org\",\"@graph\":[{\"@type\":\"WebPage\",\"@id\":\"https:\\\/\\\/ceasuri.md\\\/shop\\\/branduri\\\/seiko\\\/seiko-prospex-spb321j1\\\/\",\"url\":\"https:\\\/\\\/ceasuri.md\\\/shop\\\/branduri\\\/seiko\\\/seiko-prospex-spb321j1\\\/\",\"name\":\"SEIKO PROSPEX SPB321J1 - Cronograf\",\"isPartOf\":{\"@id\":\"https:\\\/\\\/ceasuri.md\\\/ru\\\/#website\"},\"primaryImageOfPage\":{\"@id\":\"https:\\\/\\\/ceasuri.md\\\/shop\\\/branduri\\\/seiko\\\/seiko-prospex-spb321j1\\\/#primaryimage\"},\"image\":{\"@id\":\"https:\\\/\\\/ceasuri.md\\\/shop\\\/branduri\\\/seiko\\\/seiko-prospex-spb321j1\\\/#primaryimage\"},\"thumbnailUrl\":\"https:\\\/\\\/ceasuri.md\\\/wp-content\\\/uploads\\\/spb321j1.png\",\"datePublished\":\"2026-04-02T19:59:19+00:00\",\"dateModified\":\"2026-04-07T01:23:44+00:00\",\"breadcrumb\":{\"@id\":\"https:\\\/\\\/ceasuri.md\\\/shop\\\/branduri\\\/seiko\\\/seiko-prospex-spb321j1\\\/#breadcrumb\"},\"inLanguage\":\"ru-RU\",\"potentialAction\":[{\"@type\":\"ReadAction\",\"target\":[\"https:\\\/\\\/ceasuri.md\\\/shop\\\/branduri\\\/seiko\\\/seiko-prospex-spb321j1\\\/\"]}]},{\"@type\":\"ImageObject\",\"inLanguage\":\"ru-RU\",\"@id\":\"https:\\\/\\\/ceasuri.md\\\/shop\\\/branduri\\\/seiko\\\/seiko-prospex-spb321j1\\\/#primaryimage\",\"url\":\"https:\\\/\\\/ceasuri.md\\\/wp-content\\\/uploads\\\/spb321j1.png\",\"contentUrl\":\"https:\\\/\\\/ceasuri.md\\\/wp-content\\\/uploads\\\/spb321j1.png\",\"width\":600,\"height\":800},{\"@type\":\"BreadcrumbList\",\"@id\":\"https:\\\/\\\/ceasuri.md\\\/shop\\\/branduri\\\/seiko\\\/seiko-prospex-spb321j1\\\/#breadcrumb\",\"itemListElement\":[{\"@type\":\"ListItem\",\"position\":1,\"name\":\"Home\",\"item\":\"https:\\\/\\\/ceasuri.md\\\/\"},{\"@type\":\"ListItem\",\"position\":2,\"name\":\"Magazin\",\"item\":\"https:\\\/\\\/ceasuri.md\\\/shop\\\/\"},{\"@type\":\"ListItem\",\"position\":3,\"name\":\"Ceas SEIKO PROSPEX SPB321J1\"}]},{\"@type\":\"WebSite\",\"@id\":\"https:\\\/\\\/ceasuri.md\\\/ru\\\/#website\",\"url\":\"https:\\\/\\\/ceasuri.md\\\/ru\\\/\",\"name\":\"Cronograf\",\"description\":\"\",\"publisher\":{\"@id\":\"https:\\\/\\\/ceasuri.md\\\/ru\\\/#organization\"},\"potentialAction\":[{\"@type\":\"SearchAction\",\"target\":{\"@type\":\"EntryPoint\",\"urlTemplate\":\"https:\\\/\\\/ceasuri.md\\\/ru\\\/?s={search_term_string}\"},\"query-input\":{\"@type\":\"PropertyValueSpecification\",\"valueRequired\":true,\"valueName\":\"search_term_string\"}}],\"inLanguage\":\"ru-RU\"},{\"@type\":\"Organization\",\"@id\":\"https:\\\/\\\/ceasuri.md\\\/ru\\\/#organization\",\"name\":\"Cronograf\",\"url\":\"https:\\\/\\\/ceasuri.md\\\/ru\\\/\",\"logo\":{\"@type\":\"ImageObject\",\"inLanguage\":\"ru-RU\",\"@id\":\"https:\\\/\\\/ceasuri.md\\\/ru\\\/#\\\/schema\\\/logo\\\/image\\\/\",\"url\":\"https:\\\/\\\/ceasuri.md\\\/wp-content\\\/uploads\\\/2025\\\/12\\\/Logo.svg\",\"contentUrl\":\"https:\\\/\\\/ceasuri.md\\\/wp-content\\\/uploads\\\/2025\\\/12\\\/Logo.svg\",\"width\":3338,\"height\":811,\"caption\":\"Cronograf\"},\"image\":{\"@id\":\"https:\\\/\\\/ceasuri.md\\\/ru\\\/#\\\/schema\\\/logo\\\/image\\\/\"}}]}<\/script>\n<!-- \/ Yoast SEO plugin. -->","yoast_head_json":{"title":"SEIKO PROSPEX SPB321J1 - Cronograf","robots":{"index":"index","follow":"follow","max-snippet":"max-snippet:-1","max-image-preview":"max-image-preview:large","max-video-preview":"max-video-preview:-1"},"canonical":"https:\/\/ceasuri.md\/ru\/shop\/branduri\/seiko\/seiko-prospex-spb321j1\/","og_locale":"ru_RU","og_type":"article","og_title":"SEIKO PROSPEX SPB321J1 - Cronograf","og_description":"Un ceas japonez Seiko nu \u00ee\u0219i va pierde niciodat\u0103 relevan\u021ba datorit\u0103 preciziei sale \u00eenalte, designului inteligent \u0219i tehnologiei inovatoare. Acest accesoriu de brand este potrivit at\u00e2t pentru purt\u0103torii de afaceri, c\u00e2t \u0219i pentru cei casual, care prefer\u0103 hainele sport sau blugii. Versatilitatea modelului \u00eei permite s\u0103 fie combinat cu orice stil. Totul la acest ceas [&hellip;]","og_url":"https:\/\/ceasuri.md\/ru\/shop\/branduri\/seiko\/seiko-prospex-spb321j1\/","og_site_name":"Cronograf","article_modified_time":"2026-04-07T01:23:44+00:00","og_image":[{"width":600,"height":800,"url":"https:\/\/ceasuri.md\/wp-content\/uploads\/spb321j1.png","type":"image\/png"}],"twitter_card":"summary_large_image","schema":{"@context":"https:\/\/schema.org","@graph":[{"@type":"WebPage","@id":"https:\/\/ceasuri.md\/shop\/branduri\/seiko\/seiko-prospex-spb321j1\/","url":"https:\/\/ceasuri.md\/shop\/branduri\/seiko\/seiko-prospex-spb321j1\/","name":"SEIKO PROSPEX SPB321J1 - Cronograf","isPartOf":{"@id":"https:\/\/ceasuri.md\/ru\/#website"},"primaryImageOfPage":{"@id":"https:\/\/ceasuri.md\/shop\/branduri\/seiko\/seiko-prospex-spb321j1\/#primaryimage"},"image":{"@id":"https:\/\/ceasuri.md\/shop\/branduri\/seiko\/seiko-prospex-spb321j1\/#primaryimage"},"thumbnailUrl":"https:\/\/ceasuri.md\/wp-content\/uploads\/spb321j1.png","datePublished":"2026-04-02T19:59:19+00:00","dateModified":"2026-04-07T01:23:44+00:00","breadcrumb":{"@id":"https:\/\/ceasuri.md\/shop\/branduri\/seiko\/seiko-prospex-spb321j1\/#breadcrumb"},"inLanguage":"ru-RU","potentialAction":[{"@type":"ReadAction","target":["https:\/\/ceasuri.md\/shop\/branduri\/seiko\/seiko-prospex-spb321j1\/"]}]},{"@type":"ImageObject","inLanguage":"ru-RU","@id":"https:\/\/ceasuri.md\/shop\/branduri\/seiko\/seiko-prospex-spb321j1\/#primaryimage","url":"https:\/\/ceasuri.md\/wp-content\/uploads\/spb321j1.png","contentUrl":"https:\/\/ceasuri.md\/wp-content\/uploads\/spb321j1.png","width":600,"height":800},{"@type":"BreadcrumbList","@id":"https:\/\/ceasuri.md\/shop\/branduri\/seiko\/seiko-prospex-spb321j1\/#breadcrumb","itemListElement":[{"@type":"ListItem","position":1,"name":"Home","item":"https:\/\/ceasuri.md\/"},{"@type":"ListItem","position":2,"name":"Magazin","item":"https:\/\/ceasuri.md\/shop\/"},{"@type":"ListItem","position":3,"name":"Ceas SEIKO PROSPEX SPB321J1"}]},{"@type":"WebSite","@id":"https:\/\/ceasuri.md\/ru\/#website","url":"https:\/\/ceasuri.md\/ru\/","name":"Cronograf","description":"","publisher":{"@id":"https:\/\/ceasuri.md\/ru\/#organization"},"potentialAction":[{"@type":"SearchAction","target":{"@type":"EntryPoint","urlTemplate":"https:\/\/ceasuri.md\/ru\/?s={search_term_string}"},"query-input":{"@type":"PropertyValueSpecification","valueRequired":true,"valueName":"search_term_string"}}],"inLanguage":"ru-RU"},{"@type":"Organization","@id":"https:\/\/ceasuri.md\/ru\/#organization","name":"Cronograf","url":"https:\/\/ceasuri.md\/ru\/","logo":{"@type":"ImageObject","inLanguage":"ru-RU","@id":"https:\/\/ceasuri.md\/ru\/#\/schema\/logo\/image\/","url":"https:\/\/ceasuri.md\/wp-content\/uploads\/2025\/12\/Logo.svg","contentUrl":"https:\/\/ceasuri.md\/wp-content\/uploads\/2025\/12\/Logo.svg","width":3338,"height":811,"caption":"Cronograf"},"image":{"@id":"https:\/\/ceasuri.md\/ru\/#\/schema\/logo\/image\/"}}]}},"_links":{"self":[{"href":"https:\/\/ceasuri.md\/ru\/wp-json\/wp\/v2\/product\/47643","targetHints":{"allow":["GET"]}}],"collection":[{"href":"https:\/\/ceasuri.md\/ru\/wp-json\/wp\/v2\/product"}],"about":[{"href":"https:\/\/ceasuri.md\/ru\/wp-json\/wp\/v2\/types\/product"}],"replies":[{"embeddable":true,"href":"https:\/\/ceasuri.md\/ru\/wp-json\/wp\/v2\/comments?post=47643"}],"wp:featuredmedia":[{"embeddable":true,"href":"https:\/\/ceasuri.md\/ru\/wp-json\/wp\/v2\/media\/47644"}],"wp:attachment":[{"href":"https:\/\/ceasuri.md\/ru\/wp-json\/wp\/v2\/media?parent=47643"}],"wp:term":[{"taxonomy":"product_brand","embeddable":true,"href":"https:\/\/ceasuri.md\/ru\/wp-json\/wp\/v2\/product_brand?post=47643"},{"taxonomy":"product_cat","embeddable":true,"href":"https:\/\/ceasuri.md\/ru\/wp-json\/wp\/v2\/product_cat?post=47643"},{"taxonomy":"product_tag","embeddable":true,"href":"https:\/\/ceasuri.md\/ru\/wp-json\/wp\/v2\/product_tag?post=47643"}],"curies":[{"name":"wp","href":"https:\/\/api.w.org\/{rel}","templated":true}]}}